{"id":737295,"date":"2025-03-03T16:35:56","date_gmt":"2025-03-03T15:35:56","guid":{"rendered":"https:\/\/stoic-curie.212-227-153-4.plesk.page\/producto\/ultraflex-b502-schwarz-doppelzimmer-ohne-trim\/"},"modified":"2026-02-24T23:35:12","modified_gmt":"2026-02-24T23:35:12","slug":"ultraflex-b502-schwarz-doppelzimmer-ohne-trim","status":"publish","type":"product","link":"https:\/\/stoic-curie.212-227-153-4.plesk.page\/de\/product\/ultraflex-b502-schwarz-doppelzimmer-ohne-trim\/","title":{"rendered":"Ultraflex B502 Schwarz Doppelzimmer ohne Trim"},"content":{"rendered":"<p>Ultraflex B502 Schwarz Doppelzimmer ohne Trim &#8211; <\/p>\n<p style=\"color: rgb(34, 34, 34); font-family: Arial, Helvetica, sans-serif; font-size: small;\">Das Ultraflex B502 Twin Throttle Control bietet eine pr\u00e4zise und zuverl\u00e4ssige Steuerung des Gas- und R\u00fcckw\u00e4rtsgangs f\u00fcr mit zwei Motoren ausgestattete Boote. Diese f\u00fcr die obere Montage konzipierte Einheit verf\u00fcgt \u00fcber einen Mechanismus mit zwei Armen und doppelter Bet\u00e4tigung, der einen reibungslosen Betrieb sowohl f\u00fcr das Gas als auch f\u00fcr die Gangwechsel garantiert. Sie ist entweder in Schwarz oder verchromt erh\u00e4ltlich und bietet Optionen f\u00fcr Trim-Funktionalit\u00e4t und eine Neutralposition-Sperrfunktion, die sowohl die Sicherheit als auch den Komfort des Benutzers erh\u00f6ht.<\/p>\n<p style=\"color: rgb(34, 34, 34); font-family: Arial, Helvetica, sans-serif; font-size: small;\">Bei Installationen mit zwei Motoren erm\u00f6glicht das B502 eine m\u00fchelose Steuerung durch einen einzigen Knopf, der beide Hebel gleichzeitig bet\u00e4tigt. Es ist mit allen Ultraflex-Antriebskabeln kompatibel und wird mit Adaptern f\u00fcr die meisten Kabeltypen geliefert. Ein integrierter Sicherheitsschalter (45.012.00) stellt sicher, dass der Motor nur im Leerlauf gestartet werden kann, um ein versehentliches Eingehen zu verhindern.<\/p>\n<p style=\"color: rgb(34, 34, 34); font-family: Arial, Helvetica, sans-serif; font-size: small;\"><strong>Hauptmerkmale:<\/strong><\/p>\n<ul style=\"color: rgb(34, 34, 34); font-family: Arial, Helvetica, sans-serif; font-size: small;\">\n<li>Mechanismus mit zwei Armen und doppelter Bet\u00e4tigung f\u00fcr Gas- und R\u00fcckw\u00e4rtsgangsteuerung<\/li>\n<li>Verf\u00fcgbar mit oder ohne Trim-Funktionalit\u00e4t<\/li>\n<li>Sperrfunktion f\u00fcr die Neutralposition zur Erh\u00f6hung der Sicherheit<\/li>\n<li>Kompatibel mit allen Ultraflex-Antriebskabeln<\/li>\n<li>Ein-Knopf-Bedienung f\u00fcr beide Hebel in Konfigurationen mit zwei Motoren<\/li>\n<li>Sicherheitsschalter (45.012.00) verhindert den Motorstart, es sei denn, er befindet sich im Leerlauf<\/li>\n<\/ul>\n<p style=\"color: rgb(34, 34, 34); font-family: Arial, Helvetica, sans-serif; font-size: small;\"><strong>Verf\u00fcgbare Modelle und Varianten:<\/strong><\/p>\n<ul style=\"color: rgb(34, 34, 34); font-family: Arial, Helvetica, sans-serif; font-size: small;\">\n<li>Schwarz &#8211; ohne Trim &#8211; ohne Neutralverriegelung: B502B<\/li>\n<li>Chrom &#8211; ohne Trim &#8211; ohne Neutralverriegelung: B502CH<\/li>\n<li>Schwarz &#8211; mit Trim &#8211; mit Neutralverriegelung: B502BT\/L<\/li>\n<li>Chrom &#8211; mit Trim &#8211; mit Neutralverriegelung: B502BHT\/L<\/li>\n<\/ul>\n<p style=\"color: rgb(34, 34, 34); font-family: Arial, Helvetica, sans-serif; font-size: small;\"><strong>Kabelkompatibilit\u00e4t:<\/strong><\/p>\n<ul style=\"color: rgb(34, 34, 34); font-family: Arial, Helvetica, sans-serif; font-size: small;\">\n<li>C14 Kabel: Kein Adapter notwendig<\/li>\n<li>C2, C8, MACH0 Kabel: K59 Adapter enthalten<\/li>\n<li>C5, C16, MACH5 Kabel: K60 Adapter erforderlich<\/li>\n<li>C36, MACH36 Kabel: K62 Adapter erforderlich<\/li>\n<\/ul>\n<p style=\"color: rgb(34, 34, 34); font-family: Arial, Helvetica, sans-serif; font-size: small;\">Diese Steuereinheiten sind darauf ausgelegt, die Effizienz der Steuersysteme zu verbessern, um Ihr Bootserlebnis einfacher zu gestalten. Die Konfiguration mit zwei Hebeln erm\u00f6glicht eine doppelte Steuerung von Gas und Gangwechsel und ist ideal f\u00fcr jedes Wasserfahrzeug mit einem Innenbordmotor. Sie sorgt f\u00fcr sicheres Schalten, indem sie ein unbeabsichtigtes Einlegen des Gangs verhindert, es sei denn, der Motor l\u00e4uft im Leerlauf.<\/p>\n<p style=\"color: rgb(34, 34, 34); font-family: Arial, Helvetica, sans-serif; font-size: small;\"><strong>Zus\u00e4tzliche Merkmale:<\/strong><\/p>\n<ul style=\"color: rgb(34, 34, 34); font-family: Arial, Helvetica, sans-serif; font-size: small;\">\n<li>Das Geh\u00e4use besteht aus hochbest\u00e4ndigem ABS, mit Druckgusshebeln in zwei Ausf\u00fchrungen:\n<ul>\n<li>Verchromtes Geh\u00e4use und Hebel<\/li>\n<li>Grau gef\u00e4rbtes Geh\u00e4use und Hebel<\/li>\n<\/ul>\n<\/li>\n<li>Eine Drucktaste erm\u00f6glicht das Entkoppeln des Schaltvorgangs f\u00fcr das Warmfahren des Motors<\/li>\n<li>Der optionale X12 \u2013 34543Q Neutral-Sicherheitsschalter verhindert das Starten des Motors, w\u00e4hrend sich dieser im Gang befindet<\/li>\n<li>\u00dcberschreitet die EN ISO 11547 Standards, wenn der X12 Sicherheitsschalter verwendet wird<\/li>\n<li>Kompatibel mit allen Ultraflex Steuerkabeln:\n<ul>\n<li>C14 und MACH14 Kabel ben\u00f6tigen kein zus\u00e4tzliches Kit<\/li>\n<li>C2, C8 und MACHZero Kabel werden mit Anschlusskit K59 \u2013 40144C geliefert<\/li>\n<li>C5, C16 und MACH5 Kabel ben\u00f6tigen K60 Kit \u2013 40145E<\/li>\n<li>C36 und MACH36 Kabel erfordern K62 Kit \u2013 40157J<\/li>\n<li>C22 Kabel ben\u00f6tigt K61 Kit \u2013 40146G<\/li>\n<\/ul>\n<\/li>\n<\/ul>\n","protected":false},"excerpt":{"rendered":"<p>Ultraflex B502 Schwarz Doppelzimmer ohne Trim &#8211; Das Ultraflex B502 Twin Throttle Control bietet eine pr\u00e4zise und zuverl\u00e4ssige Steuerung des<\/p>\n","protected":false},"featured_media":5945842,"comment_status":"open","ping_status":"closed","template":"","meta":[],"product_brand":[3500],"product_cat":[1504],"product_tag":[],"class_list":{"0":"post-737295","1":"product","2":"type-product","3":"status-publish","4":"has-post-thumbnail","6":"product_brand-ultraflex-uflex-de","7":"product_cat-morse-hebelsteuerungen","9":"first","10":"instock","11":"shipping-taxable","12":"purchasable","13":"product-type-simple"},"_links":{"self":[{"href":"https:\/\/stoic-curie.212-227-153-4.plesk.page\/de\/wp-json\/wp\/v2\/product\/737295","targetHints":{"allow":["GET"]}}],"collection":[{"href":"https:\/\/stoic-curie.212-227-153-4.plesk.page\/de\/wp-json\/wp\/v2\/product"}],"about":[{"href":"https:\/\/stoic-curie.212-227-153-4.plesk.page\/de\/wp-json\/wp\/v2\/types\/product"}],"replies":[{"embeddable":true,"href":"https:\/\/stoic-curie.212-227-153-4.plesk.page\/de\/wp-json\/wp\/v2\/comments?post=737295"}],"version-history":[{"count":0,"href":"https:\/\/stoic-curie.212-227-153-4.plesk.page\/de\/wp-json\/wp\/v2\/product\/737295\/revisions"}],"wp:featuredmedia":[{"embeddable":true,"href":"https:\/\/stoic-curie.212-227-153-4.plesk.page\/de\/wp-json\/wp\/v2\/media\/5945842"}],"wp:attachment":[{"href":"https:\/\/stoic-curie.212-227-153-4.plesk.page\/de\/wp-json\/wp\/v2\/media?parent=737295"}],"wp:term":[{"taxonomy":"product_brand","embeddable":true,"href":"https:\/\/stoic-curie.212-227-153-4.plesk.page\/de\/wp-json\/wp\/v2\/product_brand?post=737295"},{"taxonomy":"product_cat","embeddable":true,"href":"https:\/\/stoic-curie.212-227-153-4.plesk.page\/de\/wp-json\/wp\/v2\/product_cat?post=737295"},{"taxonomy":"product_tag","embeddable":true,"href":"https:\/\/stoic-curie.212-227-153-4.plesk.page\/de\/wp-json\/wp\/v2\/product_tag?post=737295"}],"curies":[{"name":"wp","href":"https:\/\/api.w.org\/{rel}","templated":true}]}}