{"id":737296,"date":"2025-03-03T16:35:57","date_gmt":"2025-03-03T15:35:57","guid":{"rendered":"https:\/\/stoic-curie.212-227-153-4.plesk.page\/producto\/bugstrahlruder-vetus-125kgf-12v\/"},"modified":"2026-02-24T23:35:12","modified_gmt":"2026-02-24T23:35:12","slug":"bugstrahlruder-vetus-125kgf-12v","status":"publish","type":"product","link":"https:\/\/stoic-curie.212-227-153-4.plesk.page\/de\/product\/bugstrahlruder-vetus-125kgf-12v\/","title":{"rendered":"Bugstrahlruder Vetus 125kgf 12V"},"content":{"rendered":"<p>Bugstrahlruder Vetus 125kgf 12V &#8211; <\/p>\n<p><strong>Vetus Bugstrahlruder<\/strong><\/p>\n<p>Die Vetus Bugstrahlruder sind f\u00fcr optimale Leistung konzipiert und verf\u00fcgen \u00fcber eine einzelne Schraube, die Str\u00f6mungsst\u00f6rungen im Tunnel minimiert. Das einzigartige Design der Vetus Propellerbl\u00e4tter reduziert erheblich Kavitationger\u00e4usche, w\u00e4hrend eine flexible Kupplung zwischen dem Heckst\u00fcck und dem Motor Vibrationen effektiv eliminiert. Jedes Vetus-System umfasst ein str\u00f6mungsg\u00fcnstiges Heckst\u00fcck, um den Wasserfluss zu optimieren. Dar\u00fcber hinaus ist der robuste synthetische Propeller korrosionsbest\u00e4ndig und leicht, was die Gesamteffizienz verbessert. Die Installation ist unkompliziert, da jedes System mit klaren Anweisungen f\u00fcr Installation und Betrieb geliefert wird. Wichtig ist, dass alle Vetus-Man\u00f6vrier Systeme den EMC-Anforderungen entsprechen.<\/p>\n<p>Der Bug- &#038; Heckstrahler 125 kgf 12 V 250 mm Tunnel bietet eine leistungsstarke L\u00f6sung f\u00fcr pr\u00e4zises Man\u00f6vrieren von Booten. Mit akribischer Liebe zum Detail gefertigt, verbessert dieser Strahler die Kontrolle erheblich und erleichtert die Navigation durch enge R\u00e4ume und das Anlegen. Sein optimiertes Design erm\u00f6glicht eine einfache Installation und ist f\u00fcr Boote von 40 bis 60 Fu\u00df (12,5 bis 18 Meter) geeignet.<\/p>\n<p>Der BOW12512D ist eine ausgezeichnete Wahl f\u00fcr Bootsbegeisterte, die ihr Bootserlebnis verbessern m\u00f6chten. Dieser 125 kgf Bug- &#038; Heckstrahler bietet au\u00dfergew\u00f6hnliche Man\u00f6vrierf\u00e4higkeit und Kontrolle f\u00fcr sowohl Bug- als auch Heckbewegungen und sorgt f\u00fcr ein m\u00fcheloses Navigieren, selbst unter schwierigen Bedingungen. Der integrierte thermische Schalter gew\u00e4hrleistet eine zuverl\u00e4ssige Ein-\/Ausschaltfunktion, verhindert \u00dcberhitzung und sorgt f\u00fcr einen sicheren Betrieb.<\/p>\n<p>Dar\u00fcber hinaus verf\u00fcgt der Strahler \u00fcber ein charakteristisches Sechsblatt-Propellerdesign, Spiralzahnr\u00e4der und eine flexible Kupplung, die zusammenarbeiten, um die L\u00e4rmerzeugung zu minimieren. Das str\u00f6mungsg\u00fcnstige Heckdesign optimiert den Wasserfluss f\u00fcr eine verbesserte Leistung, w\u00e4hrend die synthetischen Propeller korrosionsbest\u00e4ndig sind, was die Wartung erleichtert und das Gewicht insgesamt reduziert.<\/p>\n<p>In Kombination mit unseren Steuerpanelen erreichen Sie ein un\u00fcbertroffenes Ma\u00df an Kontrolle \u00fcber Ihr Boot. Egal, ob Sie in engen R\u00e4umen anlegen, durch schwieriges Wasser navigieren oder auf unerwartete Situationen reagieren, Sie werden es m\u00fchelos tun, was sowohl Sicherheit als auch Ruhe des Geistes erh\u00f6ht.<\/p>\n<p><strong>Technische Daten<\/strong><\/p>\n<ul>\n<li>Schub (kgf): 125<\/li>\n<li>Leistung (kW): 5.7<\/li>\n<li>Innendurchmesser des Tunnels (mm): 250<\/li>\n<li>Gewicht (kg): 32<\/li>\n<li>Spannung (V): 12<\/li>\n<li>Stromverbrauch (A): 800<\/li>\n<li>Kontinuierliche Betriebszeit (min): 3<\/li>\n<li>Funken gesch\u00fctzt: Nein<\/li>\n<li>Proportional: Nein<\/li>\n<li>Einstellbar: Nein<\/li>\n<li>Verl\u00e4ngerte Betriebszeit: Nein<\/li>\n<\/ul>\n","protected":false},"excerpt":{"rendered":"<p>Bugstrahlruder Vetus 125kgf 12V &#8211; Vetus Bugstrahlruder Die Vetus Bugstrahlruder sind f\u00fcr optimale Leistung konzipiert und verf\u00fcgen \u00fcber eine einzelne<\/p>\n","protected":false},"featured_media":5945843,"comment_status":"open","ping_status":"closed","template":"","meta":[],"product_brand":[3520],"product_cat":[1322],"product_tag":[],"class_list":{"0":"post-737296","1":"product","2":"type-product","3":"status-publish","4":"has-post-thumbnail","6":"product_brand-vetus-de","7":"product_cat-bugstrahlruder-vetus","9":"first","10":"instock","11":"shipping-taxable","12":"purchasable","13":"product-type-simple"},"_links":{"self":[{"href":"https:\/\/stoic-curie.212-227-153-4.plesk.page\/de\/wp-json\/wp\/v2\/product\/737296","targetHints":{"allow":["GET"]}}],"collection":[{"href":"https:\/\/stoic-curie.212-227-153-4.plesk.page\/de\/wp-json\/wp\/v2\/product"}],"about":[{"href":"https:\/\/stoic-curie.212-227-153-4.plesk.page\/de\/wp-json\/wp\/v2\/types\/product"}],"replies":[{"embeddable":true,"href":"https:\/\/stoic-curie.212-227-153-4.plesk.page\/de\/wp-json\/wp\/v2\/comments?post=737296"}],"version-history":[{"count":0,"href":"https:\/\/stoic-curie.212-227-153-4.plesk.page\/de\/wp-json\/wp\/v2\/product\/737296\/revisions"}],"wp:featuredmedia":[{"embeddable":true,"href":"https:\/\/stoic-curie.212-227-153-4.plesk.page\/de\/wp-json\/wp\/v2\/media\/5945843"}],"wp:attachment":[{"href":"https:\/\/stoic-curie.212-227-153-4.plesk.page\/de\/wp-json\/wp\/v2\/media?parent=737296"}],"wp:term":[{"taxonomy":"product_brand","embeddable":true,"href":"https:\/\/stoic-curie.212-227-153-4.plesk.page\/de\/wp-json\/wp\/v2\/product_brand?post=737296"},{"taxonomy":"product_cat","embeddable":true,"href":"https:\/\/stoic-curie.212-227-153-4.plesk.page\/de\/wp-json\/wp\/v2\/product_cat?post=737296"},{"taxonomy":"product_tag","embeddable":true,"href":"https:\/\/stoic-curie.212-227-153-4.plesk.page\/de\/wp-json\/wp\/v2\/product_tag?post=737296"}],"curies":[{"name":"wp","href":"https:\/\/api.w.org\/{rel}","templated":true}]}}