{"id":737298,"date":"2025-03-03T16:35:57","date_gmt":"2025-03-03T15:35:57","guid":{"rendered":"https:\/\/stoic-curie.212-227-153-4.plesk.page\/producto\/kit-bugstrahlruder-vetus-55-kgf\/"},"modified":"2026-02-24T23:35:12","modified_gmt":"2026-02-24T23:35:12","slug":"kit-bugstrahlruder-vetus-55-kgf","status":"publish","type":"product","link":"https:\/\/stoic-curie.212-227-153-4.plesk.page\/de\/product\/kit-bugstrahlruder-vetus-55-kgf\/","title":{"rendered":"Kit Bugstrahlruder Vetus 55 kgf"},"content":{"rendered":"<p>Kit Bugstrahlruder Vetus 55 kgf &#8211; <\/p>\n<p style=\"color: rgb(34, 34, 34); font-family: Arial, Helvetica, sans-serif; font-size: small;\">Wir pr\u00e4sentieren das Vetus 55 Kgf Bugstrahlruder-Kit, das f\u00fcr Schiffe mit einem Verdr\u00e4ngungsgewicht von bis zu 8,5 Metern und planenden Booten bis zu 12,5 Metern geeignet ist. Dieses umfassende Kit enth\u00e4lt:<\/p>\n<ul style=\"color: rgb(34, 34, 34); font-family: Arial, Helvetica, sans-serif; font-size: small;\">\n<li>Ein Motor mit Propeller<\/li>\n<li>Ein Bugtunnel mit einem Durchmesser von 150 mm und einer L\u00e4nge von 100 cm<\/li>\n<li>Ein BPJE2 Joystick-Bedienfeld<\/li>\n<li>6 Meter 4-poliges Kabel<\/li>\n<li>Eine 250A\/12V Sicherung oder eine 125A\/24V Sicherung mit Halter<\/li>\n<\/ul>\n<p style=\"color: rgb(34, 34, 34); font-family: Arial, Helvetica, sans-serif; font-size: small;\">Das Vetus Bugstrahlruder mit einer Schubkraft von 55 kgf wurde \u00fcber viele Jahre hinweg sorgf\u00e4ltig entwickelt und ist f\u00fcr Freizeitboote von 8 bis 12 Metern (26 bis 39 Fu\u00df) geeignet.<\/p>\n<p style=\"color: rgb(34, 34, 34); font-family: Arial, Helvetica, sans-serif; font-size: small;\">Dieses Kit enth\u00e4lt das Ruder, einen GFK-Tunnel, einen Zeitverz\u00f6gerungsschalter, eine Sicherung und einen Sicherungshalter.<\/p>\n<p style=\"color: rgb(34, 34, 34); font-family: Arial, Helvetica, sans-serif; font-size: small;\">Hauptmerkmale:<\/p>\n<ul style=\"color: rgb(34, 34, 34); font-family: Arial, Helvetica, sans-serif; font-size: small;\">\n<li>12 Volt DC-Version<\/li>\n<li>Einfacher Installationsprozess<\/li>\n<li>Einzelpropeller-Design reduziert Flussst\u00f6rungen im Tunnel<\/li>\n<li>Einzigartiges Propellerblattdesign minimiert Kavitation und Ger\u00e4usch<\/li>\n<li>Spiralgetriebe reduzieren \u00dcbertragungsger\u00e4usche<\/li>\n<li>Flexible Kupplung verringert Vibrationen<\/li>\n<li>Str\u00f6mungsoptimierte Endst\u00fcck sorgt f\u00fcr optimalen Fluss<\/li>\n<\/ul>\n<p style=\"color: rgb(34, 34, 34); font-family: Arial, Helvetica, sans-serif; font-size: small;\">Zus\u00e4tzliche Optionen f\u00fcr verschiedene Tunnel-L\u00e4ngen und Joystick-Steuerungen sind verf\u00fcgbar, falls erforderlich.<\/p>\n<p style=\"color: rgb(34, 34, 34); font-family: Arial, Helvetica, sans-serif; font-size: small;\">Komponenten des Kits:<\/p>\n<ul style=\"color: rgb(34, 34, 34); font-family: Arial, Helvetica, sans-serif; font-size: small;\">\n<li>BOW5512D 55Kgf Ruder<\/li>\n<li>BP150G75 Tunnel<\/li>\n<li>BPSE2 Steuerung<\/li>\n<li>Sicherung &#038; Halter<\/li>\n<\/ul>\n<p style=\"color: rgb(34, 34, 34); font-family: Arial, Helvetica, sans-serif; font-size: small;\">Das Vetus BOW5512D Bugstrahlruder wird aus hochwertigen Materialien hergestellt und sorgt f\u00fcr starke Leistung und eine lange Lebensdauer. Es ist ein direkter Ersatz f\u00fcr die Modelle Vetus BOW5512B und Vetus BOW5512C.<\/p>\n<p style=\"color: rgb(34, 34, 34); font-family: Arial, Helvetica, sans-serif; font-size: small;\">Spezifikationen:<\/p>\n<ul style=\"color: rgb(34, 34, 34); font-family: Arial, Helvetica, sans-serif; font-size: small;\">\n<li>Schub: 550N (55kgf)<\/li>\n<li>Spannung: 12V<\/li>\n<li>Leistung: 3kW (4hp)<\/li>\n<li>Umkehrbarer DC-Motor: Ja<\/li>\n<li>Tunneldurchmesser: 150mm<\/li>\n<li>Gewicht (ohne Tunnel): 20kg<\/li>\n<li>Stromverbrauch: 350A<\/li>\n<li>Maximale Betriebszeit pro Stunde: 4 Minuten<\/li>\n<li>Hauptsicherung (&#8220;slow blow&#8221;): 250A<\/li>\n<li>Batterieanforderungen (min. Ah \/ max. Ah): 1 x 108 \/ 1 x 200<\/li>\n<li>Geeignet f\u00fcr Schiffe mit einer L\u00e4nge von 8,5 bis 12,5 m<\/li>\n<\/ul>\n<p style=\"color: rgb(34, 34, 34); font-family: Arial, Helvetica, sans-serif; font-size: small;\">Dieses Bugstrahlruder-Kit ist eine ausgezeichnete Wahl f\u00fcr Bootseigent\u00fcmer, die zuverl\u00e4ssige und effiziente Ausr\u00fcstung zur Verbesserung der Man\u00f6vrierf\u00e4higkeit ihres Bootes suchen.<\/p>\n","protected":false},"excerpt":{"rendered":"<p>Kit Bugstrahlruder Vetus 55 kgf &#8211; Wir pr\u00e4sentieren das Vetus 55 Kgf Bugstrahlruder-Kit, das f\u00fcr Schiffe mit einem Verdr\u00e4ngungsgewicht von<\/p>\n","protected":false},"featured_media":5942179,"comment_status":"open","ping_status":"closed","template":"","meta":[],"product_brand":[3520],"product_cat":[1322],"product_tag":[],"class_list":{"0":"post-737298","1":"product","2":"type-product","3":"status-publish","4":"has-post-thumbnail","6":"product_brand-vetus-de","7":"product_cat-bugstrahlruder-vetus","9":"first","10":"instock","11":"shipping-taxable","12":"purchasable","13":"product-type-simple"},"_links":{"self":[{"href":"https:\/\/stoic-curie.212-227-153-4.plesk.page\/de\/wp-json\/wp\/v2\/product\/737298","targetHints":{"allow":["GET"]}}],"collection":[{"href":"https:\/\/stoic-curie.212-227-153-4.plesk.page\/de\/wp-json\/wp\/v2\/product"}],"about":[{"href":"https:\/\/stoic-curie.212-227-153-4.plesk.page\/de\/wp-json\/wp\/v2\/types\/product"}],"replies":[{"embeddable":true,"href":"https:\/\/stoic-curie.212-227-153-4.plesk.page\/de\/wp-json\/wp\/v2\/comments?post=737298"}],"version-history":[{"count":0,"href":"https:\/\/stoic-curie.212-227-153-4.plesk.page\/de\/wp-json\/wp\/v2\/product\/737298\/revisions"}],"wp:featuredmedia":[{"embeddable":true,"href":"https:\/\/stoic-curie.212-227-153-4.plesk.page\/de\/wp-json\/wp\/v2\/media\/5942179"}],"wp:attachment":[{"href":"https:\/\/stoic-curie.212-227-153-4.plesk.page\/de\/wp-json\/wp\/v2\/media?parent=737298"}],"wp:term":[{"taxonomy":"product_brand","embeddable":true,"href":"https:\/\/stoic-curie.212-227-153-4.plesk.page\/de\/wp-json\/wp\/v2\/product_brand?post=737298"},{"taxonomy":"product_cat","embeddable":true,"href":"https:\/\/stoic-curie.212-227-153-4.plesk.page\/de\/wp-json\/wp\/v2\/product_cat?post=737298"},{"taxonomy":"product_tag","embeddable":true,"href":"https:\/\/stoic-curie.212-227-153-4.plesk.page\/de\/wp-json\/wp\/v2\/product_tag?post=737298"}],"curies":[{"name":"wp","href":"https:\/\/api.w.org\/{rel}","templated":true}]}}