{"id":737304,"date":"2025-03-03T16:35:59","date_gmt":"2025-03-03T15:35:59","guid":{"rendered":"https:\/\/stoic-curie.212-227-153-4.plesk.page\/producto\/ersatzgetriebe-fuer-vetus-55\/"},"modified":"2026-02-24T23:35:12","modified_gmt":"2026-02-24T23:35:12","slug":"ersatzgetriebe-fuer-vetus-55","status":"publish","type":"product","link":"https:\/\/stoic-curie.212-227-153-4.plesk.page\/de\/product\/ersatzgetriebe-fuer-vetus-55\/","title":{"rendered":"Ersatzgetriebe f\u00fcr Vetus 55kgf"},"content":{"rendered":"<p>Ersatzgetriebe f\u00fcr Vetus 55kgf &#8211; <\/p>\n<p>Das Vetus SET0078 Unterwasser-Tailpiece ist ein umfassendes Ersatzkit, das speziell f\u00fcr die Vetus BOW5512 und BOW5524 B- und C-Modelle entwickelt wurde. Dieses sorgf\u00e4ltig gestaltete Kit enth\u00e4lt alle wesentlichen Komponenten, die f\u00fcr einen einfachen Installationsprozess erforderlich sind, sodass Sie eine zuverl\u00e4ssige Leistung mit minimalem Aufwand erreichen k\u00f6nnen. Mit diesem Kit k\u00f6nnen Sie sicher sein, dass Ihr marines Antriebssystem reibungslos und effizient funktioniert und Ihr Gesamterlebnis beim Bootfahren verbessert wird.<\/p>\n<p>Im Kit enthalten sind mehrere wichtige Komponenten: ein komplettes Tailpiece mit einer Verzahnung f\u00fcr optimale Funktionalit\u00e4t, eine Tunnel-Dichtung f\u00fcr einen sicheren Sitz und ein Tailpiece-Keil, der mit Dichtungen f\u00fcr zus\u00e4tzliche Stabilit\u00e4t geliefert wird. Au\u00dferdem enth\u00e4lt das Kit Befestigungsschrauben, die mit Federringen f\u00fcr verbesserte Haltbarkeit ausgestattet sind, einen Antriebsstift f\u00fcr eine zuverl\u00e4ssige Verbindung und eine Anode, die bequem vorinstalliert ist, um Korrosion zu vermeiden.<\/p>\n","protected":false},"excerpt":{"rendered":"<p>Ersatzgetriebe f\u00fcr Vetus 55kgf &#8211; Das Vetus SET0078 Unterwasser-Tailpiece ist ein umfassendes Ersatzkit, das speziell f\u00fcr die Vetus BOW5512 und<\/p>\n","protected":false},"featured_media":5945846,"comment_status":"open","ping_status":"closed","template":"","meta":[],"product_brand":[3520],"product_cat":[1322],"product_tag":[],"class_list":{"0":"post-737304","1":"product","2":"type-product","3":"status-publish","4":"has-post-thumbnail","6":"product_brand-vetus-de","7":"product_cat-bugstrahlruder-vetus","9":"first","10":"instock","11":"shipping-taxable","12":"purchasable","13":"product-type-simple"},"_links":{"self":[{"href":"https:\/\/stoic-curie.212-227-153-4.plesk.page\/de\/wp-json\/wp\/v2\/product\/737304","targetHints":{"allow":["GET"]}}],"collection":[{"href":"https:\/\/stoic-curie.212-227-153-4.plesk.page\/de\/wp-json\/wp\/v2\/product"}],"about":[{"href":"https:\/\/stoic-curie.212-227-153-4.plesk.page\/de\/wp-json\/wp\/v2\/types\/product"}],"replies":[{"embeddable":true,"href":"https:\/\/stoic-curie.212-227-153-4.plesk.page\/de\/wp-json\/wp\/v2\/comments?post=737304"}],"version-history":[{"count":0,"href":"https:\/\/stoic-curie.212-227-153-4.plesk.page\/de\/wp-json\/wp\/v2\/product\/737304\/revisions"}],"wp:featuredmedia":[{"embeddable":true,"href":"https:\/\/stoic-curie.212-227-153-4.plesk.page\/de\/wp-json\/wp\/v2\/media\/5945846"}],"wp:attachment":[{"href":"https:\/\/stoic-curie.212-227-153-4.plesk.page\/de\/wp-json\/wp\/v2\/media?parent=737304"}],"wp:term":[{"taxonomy":"product_brand","embeddable":true,"href":"https:\/\/stoic-curie.212-227-153-4.plesk.page\/de\/wp-json\/wp\/v2\/product_brand?post=737304"},{"taxonomy":"product_cat","embeddable":true,"href":"https:\/\/stoic-curie.212-227-153-4.plesk.page\/de\/wp-json\/wp\/v2\/product_cat?post=737304"},{"taxonomy":"product_tag","embeddable":true,"href":"https:\/\/stoic-curie.212-227-153-4.plesk.page\/de\/wp-json\/wp\/v2\/product_tag?post=737304"}],"curies":[{"name":"wp","href":"https:\/\/api.w.org\/{rel}","templated":true}]}}