{"id":737306,"date":"2025-03-03T16:35:59","date_gmt":"2025-03-03T15:35:59","guid":{"rendered":"https:\/\/stoic-curie.212-227-153-4.plesk.page\/producto\/ersatzgetriebe-fuer-vetus-60\/"},"modified":"2026-02-24T23:35:12","modified_gmt":"2026-02-24T23:35:12","slug":"ersatzgetriebe-fuer-vetus-60","status":"publish","type":"product","link":"https:\/\/stoic-curie.212-227-153-4.plesk.page\/de\/product\/ersatzgetriebe-fuer-vetus-60\/","title":{"rendered":"Ersatzgetriebe f\u00fcr Vetus 95"},"content":{"rendered":"<p>Ersatzgetriebe f\u00fcr Vetus 95 &#8211; <\/p>\n<p style=\"color: rgb(34, 34, 34); font-family: Arial, Helvetica, sans-serif; font-size: small;\">Dies ist ein komplettes Ersatz-Unterwassertriebwerksgeh\u00e4use, das f\u00fcr die Vetus BOW9512 und BOW9524 B Modelle entwickelt wurde. Es dient als Ersatztailst\u00fcck f\u00fcr Vetus Bugpropeller (Bugstrahlruder). Wenn Sie ein Modell vor 2019 haben, \u00fcberpr\u00fcfen Sie bitte das Typenschild des Motors und best\u00e4tigen Sie die Kompatibilit\u00e4t vor dem Kauf.<\/p>\n<p style=\"color: rgb(34, 34, 34); font-family: Arial, Helvetica, sans-serif; font-size: small;\">Dieses Kit enth\u00e4lt:<\/p>\n<ul style=\"color: rgb(34, 34, 34); font-family: Arial, Helvetica, sans-serif; font-size: small;\">\n<li>Ein komplettes Tailst\u00fcck mit Spline-Antrieb<\/li>\n<li>Tunnel-Dichtung<\/li>\n<li>Tailst\u00fcckkeil und Dichtungen<\/li>\n<li>Befestigungsschrauben (M8x40 DIN84) mit Federunterlegscheiben<\/li>\n<li>Antriebsstift (5mm x 27,5mm)<\/li>\n<li>Anode (vorinstalliert)<\/li>\n<\/ul>\n","protected":false},"excerpt":{"rendered":"<p>Ersatzgetriebe f\u00fcr Vetus 95 &#8211; Dies ist ein komplettes Ersatz-Unterwassertriebwerksgeh\u00e4use, das f\u00fcr die Vetus BOW9512 und BOW9524 B Modelle entwickelt<\/p>\n","protected":false},"featured_media":5945846,"comment_status":"open","ping_status":"closed","template":"","meta":[],"product_brand":[3520],"product_cat":[1322],"product_tag":[],"class_list":{"0":"post-737306","1":"product","2":"type-product","3":"status-publish","4":"has-post-thumbnail","6":"product_brand-vetus-de","7":"product_cat-bugstrahlruder-vetus","9":"first","10":"instock","11":"shipping-taxable","12":"purchasable","13":"product-type-simple"},"_links":{"self":[{"href":"https:\/\/stoic-curie.212-227-153-4.plesk.page\/de\/wp-json\/wp\/v2\/product\/737306","targetHints":{"allow":["GET"]}}],"collection":[{"href":"https:\/\/stoic-curie.212-227-153-4.plesk.page\/de\/wp-json\/wp\/v2\/product"}],"about":[{"href":"https:\/\/stoic-curie.212-227-153-4.plesk.page\/de\/wp-json\/wp\/v2\/types\/product"}],"replies":[{"embeddable":true,"href":"https:\/\/stoic-curie.212-227-153-4.plesk.page\/de\/wp-json\/wp\/v2\/comments?post=737306"}],"version-history":[{"count":0,"href":"https:\/\/stoic-curie.212-227-153-4.plesk.page\/de\/wp-json\/wp\/v2\/product\/737306\/revisions"}],"wp:featuredmedia":[{"embeddable":true,"href":"https:\/\/stoic-curie.212-227-153-4.plesk.page\/de\/wp-json\/wp\/v2\/media\/5945846"}],"wp:attachment":[{"href":"https:\/\/stoic-curie.212-227-153-4.plesk.page\/de\/wp-json\/wp\/v2\/media?parent=737306"}],"wp:term":[{"taxonomy":"product_brand","embeddable":true,"href":"https:\/\/stoic-curie.212-227-153-4.plesk.page\/de\/wp-json\/wp\/v2\/product_brand?post=737306"},{"taxonomy":"product_cat","embeddable":true,"href":"https:\/\/stoic-curie.212-227-153-4.plesk.page\/de\/wp-json\/wp\/v2\/product_cat?post=737306"},{"taxonomy":"product_tag","embeddable":true,"href":"https:\/\/stoic-curie.212-227-153-4.plesk.page\/de\/wp-json\/wp\/v2\/product_tag?post=737306"}],"curies":[{"name":"wp","href":"https:\/\/api.w.org\/{rel}","templated":true}]}}