{"id":737307,"date":"2025-03-03T16:35:59","date_gmt":"2025-03-03T15:35:59","guid":{"rendered":"https:\/\/stoic-curie.212-227-153-4.plesk.page\/producto\/ersatzgetriebe-fuer-vetus-125\/"},"modified":"2026-02-24T23:35:12","modified_gmt":"2026-02-24T23:35:12","slug":"ersatzgetriebe-fuer-vetus-125","status":"publish","type":"product","link":"https:\/\/stoic-curie.212-227-153-4.plesk.page\/de\/product\/ersatzgetriebe-fuer-vetus-125\/","title":{"rendered":"Ersatzgetriebe f\u00fcr Vetus 125kgf"},"content":{"rendered":"<p>Ersatzgetriebe f\u00fcr Vetus 125kgf &#8211; <\/p>\n<p>Dieses Produkt ist ein originales Ersatzteil von Vetus, das speziell als Getriebe f\u00fcr das Modell Vetus 125 kgf entwickelt wurde. Das Getriebe wird zusammen mit einem Au\u00dfenteil geliefert, das mit Bugpropellern, auch bekannt als Bugstrahler, von Vetus kompatibel ist. Wenn Sie ein Modell besitzen, das vor 2019 produziert wurde, ist es wichtig, die Kompatibilit\u00e4t dieses Teils mit Ihrem System zu \u00fcberpr\u00fcfen. \u00dcberpr\u00fcfen Sie dazu bitte das Typenschild Ihres Motors, um sicherzustellen, dass es den f\u00fcr eine ordnungsgem\u00e4\u00dfe Installation und Funktionalit\u00e4t erforderlichen Spezifikationen entspricht.<\/p>\n","protected":false},"excerpt":{"rendered":"<p>Ersatzgetriebe f\u00fcr Vetus 125kgf &#8211; Dieses Produkt ist ein originales Ersatzteil von Vetus, das speziell als Getriebe f\u00fcr das Modell<\/p>\n","protected":false},"featured_media":5945846,"comment_status":"open","ping_status":"closed","template":"","meta":[],"product_brand":[3520],"product_cat":[1322],"product_tag":[],"class_list":{"0":"post-737307","1":"product","2":"type-product","3":"status-publish","4":"has-post-thumbnail","6":"product_brand-vetus-de","7":"product_cat-bugstrahlruder-vetus","9":"first","10":"instock","11":"shipping-taxable","12":"purchasable","13":"product-type-simple"},"_links":{"self":[{"href":"https:\/\/stoic-curie.212-227-153-4.plesk.page\/de\/wp-json\/wp\/v2\/product\/737307","targetHints":{"allow":["GET"]}}],"collection":[{"href":"https:\/\/stoic-curie.212-227-153-4.plesk.page\/de\/wp-json\/wp\/v2\/product"}],"about":[{"href":"https:\/\/stoic-curie.212-227-153-4.plesk.page\/de\/wp-json\/wp\/v2\/types\/product"}],"replies":[{"embeddable":true,"href":"https:\/\/stoic-curie.212-227-153-4.plesk.page\/de\/wp-json\/wp\/v2\/comments?post=737307"}],"version-history":[{"count":0,"href":"https:\/\/stoic-curie.212-227-153-4.plesk.page\/de\/wp-json\/wp\/v2\/product\/737307\/revisions"}],"wp:featuredmedia":[{"embeddable":true,"href":"https:\/\/stoic-curie.212-227-153-4.plesk.page\/de\/wp-json\/wp\/v2\/media\/5945846"}],"wp:attachment":[{"href":"https:\/\/stoic-curie.212-227-153-4.plesk.page\/de\/wp-json\/wp\/v2\/media?parent=737307"}],"wp:term":[{"taxonomy":"product_brand","embeddable":true,"href":"https:\/\/stoic-curie.212-227-153-4.plesk.page\/de\/wp-json\/wp\/v2\/product_brand?post=737307"},{"taxonomy":"product_cat","embeddable":true,"href":"https:\/\/stoic-curie.212-227-153-4.plesk.page\/de\/wp-json\/wp\/v2\/product_cat?post=737307"},{"taxonomy":"product_tag","embeddable":true,"href":"https:\/\/stoic-curie.212-227-153-4.plesk.page\/de\/wp-json\/wp\/v2\/product_tag?post=737307"}],"curies":[{"name":"wp","href":"https:\/\/api.w.org\/{rel}","templated":true}]}}