{"id":737310,"date":"2025-03-03T16:36:00","date_gmt":"2025-03-03T15:36:00","guid":{"rendered":"https:\/\/stoic-curie.212-227-153-4.plesk.page\/producto\/fiberglas-tunnel-fuer-vetus-45-125mm-x-100cm\/"},"modified":"2026-02-24T23:35:12","modified_gmt":"2026-02-24T23:35:12","slug":"fiberglas-tunnel-fuer-vetus-45-125mm-x-100cm","status":"publish","type":"product","link":"https:\/\/stoic-curie.212-227-153-4.plesk.page\/de\/product\/fiberglas-tunnel-fuer-vetus-45-125mm-x-100cm\/","title":{"rendered":"Fiberglas-Tunnel 125mm x 100cm"},"content":{"rendered":"<p>Fiberglas-Tunnel 125mm x 100cm &#8211; <\/p>\n<p>Dieser Fiberglastunnel wurde sorgf\u00e4ltig f\u00fcr die Installation von Bugstrahlrudern entworfen und ist mit den Marken Quick und Vetus kompatibel. Mit einer L\u00e4nge von 100 cm und einem Durchmesser von 125 mm ist er eine hervorragende Wahl f\u00fcr Ihre Bootsbetriebsanforderungen.<\/p>\n<p><strong>Technische Daten:<\/strong><\/p>\n<ul>\n<li><strong>Material:<\/strong> Glasfaserverst\u00e4rkter Kunststoff (GRP)<\/li>\n<li><strong>Marke:<\/strong> Quick<\/li>\n<li><strong>L\u00e4nge:<\/strong> 1000 mm<\/li>\n<li><strong>Durchmesser:<\/strong> 125 mm<\/li>\n<li><strong>St\u00e4rke:<\/strong> 5,5 mm<\/li>\n<\/ul>\n","protected":false},"excerpt":{"rendered":"<p>Fiberglas-Tunnel 125mm x 100cm &#8211; Dieser Fiberglastunnel wurde sorgf\u00e4ltig f\u00fcr die Installation von Bugstrahlrudern entworfen und ist mit den Marken<\/p>\n","protected":false},"featured_media":5942044,"comment_status":"open","ping_status":"closed","template":"","meta":[],"product_brand":[3280],"product_cat":[1323,1322],"product_tag":[],"class_list":{"0":"post-737310","1":"product","2":"type-product","3":"status-publish","4":"has-post-thumbnail","6":"product_brand-quick-de","7":"product_cat-bugstrahlruder-quick","8":"product_cat-bugstrahlruder-vetus","10":"first","11":"instock","12":"shipping-taxable","13":"purchasable","14":"product-type-simple"},"_links":{"self":[{"href":"https:\/\/stoic-curie.212-227-153-4.plesk.page\/de\/wp-json\/wp\/v2\/product\/737310","targetHints":{"allow":["GET"]}}],"collection":[{"href":"https:\/\/stoic-curie.212-227-153-4.plesk.page\/de\/wp-json\/wp\/v2\/product"}],"about":[{"href":"https:\/\/stoic-curie.212-227-153-4.plesk.page\/de\/wp-json\/wp\/v2\/types\/product"}],"replies":[{"embeddable":true,"href":"https:\/\/stoic-curie.212-227-153-4.plesk.page\/de\/wp-json\/wp\/v2\/comments?post=737310"}],"version-history":[{"count":0,"href":"https:\/\/stoic-curie.212-227-153-4.plesk.page\/de\/wp-json\/wp\/v2\/product\/737310\/revisions"}],"wp:featuredmedia":[{"embeddable":true,"href":"https:\/\/stoic-curie.212-227-153-4.plesk.page\/de\/wp-json\/wp\/v2\/media\/5942044"}],"wp:attachment":[{"href":"https:\/\/stoic-curie.212-227-153-4.plesk.page\/de\/wp-json\/wp\/v2\/media?parent=737310"}],"wp:term":[{"taxonomy":"product_brand","embeddable":true,"href":"https:\/\/stoic-curie.212-227-153-4.plesk.page\/de\/wp-json\/wp\/v2\/product_brand?post=737310"},{"taxonomy":"product_cat","embeddable":true,"href":"https:\/\/stoic-curie.212-227-153-4.plesk.page\/de\/wp-json\/wp\/v2\/product_cat?post=737310"},{"taxonomy":"product_tag","embeddable":true,"href":"https:\/\/stoic-curie.212-227-153-4.plesk.page\/de\/wp-json\/wp\/v2\/product_tag?post=737310"}],"curies":[{"name":"wp","href":"https:\/\/api.w.org\/{rel}","templated":true}]}}