{"id":737315,"date":"2025-03-03T16:36:01","date_gmt":"2025-03-03T15:36:01","guid":{"rendered":"https:\/\/stoic-curie.212-227-153-4.plesk.page\/producto\/bugstrahlruder-quick-btq-250-140-24v\/"},"modified":"2026-02-24T23:35:12","modified_gmt":"2026-02-24T23:35:12","slug":"bugstrahlruder-quick-btq-250-140-24v","status":"publish","type":"product","link":"https:\/\/stoic-curie.212-227-153-4.plesk.page\/de\/product\/bugstrahlruder-quick-btq-250-140-24v\/","title":{"rendered":"Bugstrahlruder Quick BTQ 250-140 24V"},"content":{"rendered":"<p>Bugstrahlruder Quick BTQ 250-140 24V &#8211; <\/p>\n<p>Quick BTQ250 Bugstrahlruder mit 2 gegenl\u00e4ufigen Propellern. &#8211; Doppelpropeller aus robustem Verbundmaterial &#8211; Bronzegetriebe &#8211; Solenoid-Schutzdeckel aus robustem Verbundmaterial &#8211; Zinkanode unabh\u00e4ngig vom Getriebe und daher leicht austauschbar &#8211; Ausgestattet mit elastischer Kupplung &#8211; Empfohlene Bootsl\u00e4nge von 14-21 m (45-69 Fu\u00df)<\/p>\n<p><strong>MODELL BTQ 250-140 Antriebssystem<\/strong><\/p>\n<ul>\n<li><strong>Propeller Art:<\/strong> Doppelpropeller<\/li>\n<li><strong>Tunnel Durchmesser:<\/strong> 250 mm (9 Zoll 27\/32)<\/li>\n<li><strong>Motorleistung:<\/strong> 8 kW<\/li>\n<li><strong>Spannung:<\/strong> 24 V<\/li>\n<li><strong>Schub:<\/strong> 140 Kgf (309 lb)<\/li>\n<li><strong>Gewicht:<\/strong> 34.2 kg (75.4 lb)<\/li>\n<li><strong>Empfohlene Bootsgr\u00f6\u00dfe:<\/strong> 12 &#8211; 19 m (39 &#8211; 62 Fu\u00df)<\/li>\n<\/ul>\n<p>Der Quick BTQ 250 ist ein Bugstrahlruder, das mit einem gegenl\u00e4ufigen Doppelpropeller ausgestattet ist, der aus einem langlebigen Verbundmaterial gefertigt ist. Zu den Hauptmerkmalen dieses Modells geh\u00f6ren ein Solenoid, das durch robustes Verbundmaterial gesch\u00fctzt ist, ein Bronzegetriebe sowie eine unabh\u00e4ngige Zinkanode f\u00fcr den einfachen Austausch. Dar\u00fcber hinaus verf\u00fcgt es \u00fcber eine elastische Kupplung. Diese Einheit wird komplett mit dem Bugstrahlruder und einer Bedienungsanleitung geliefert.<\/p>\n<p><strong>Modellspezifikationen:<\/strong><\/p>\n<table>\n<thead>\n<tr>\n<th>Modell<\/th>\n<th>BTQ 250-120<\/th>\n<th>BTQ 250-140<\/th>\n<th>BTQ 250-240<\/th>\n<\/tr>\n<\/thead>\n<tbody>\n<tr>\n<td><strong>Antriebssystem<\/strong><\/td>\n<td>Doppelpropeller<\/td>\n<td>Doppelpropeller<\/td>\n<td>Doppelpropeller<\/td>\n<\/tr>\n<tr>\n<td><strong>Tunnel Durchmesser<\/strong><\/td>\n<td>9.85&#8243;<\/td>\n<td>9.85&#8243;<\/td>\n<td>9.85&#8243;<\/td>\n<\/tr>\n<tr>\n<td><strong>Motorleistung<\/strong><\/td>\n<td>6.5 kW<\/td>\n<td>8 kW<\/td>\n<td>10 kW<\/td>\n<\/tr>\n<tr>\n<td><strong>Spannung<\/strong><\/td>\n<td>12\/24 V<\/td>\n<td>24 V<\/td>\n<td>24 V<\/td>\n<\/tr>\n<tr>\n<td><strong>Drahtquerschnitt<\/strong><\/td>\n<td>2 x 95 mm\u00b2 (2 x AWG 3\/0) \/ 120 mm\u00b2 (AWG 4\/0)<\/td>\n<td>120 mm\u00b2 (AWG 4\/0)<\/td>\n<td>185 mm\u00b2 (AWG 350 MCM)<\/td>\n<\/tr>\n<tr>\n<td><strong>Sicherung<\/strong><\/td>\n<td>2 x 355 A \/ 400 A<\/td>\n<td>400 A<\/td>\n<td>2 x 300 A<\/td>\n<\/tr>\n<tr>\n<td><strong>Schub<\/strong><\/td>\n<td>120 Kgf (308 lb)<\/td>\n<td>140 Kgf (309 lb)<\/td>\n<td>240 Kgf (529 lb)<\/td>\n<\/tr>\n<tr>\n<td><strong>Gewicht<\/strong><\/td>\n<td>87 lb<\/td>\n<td>80.4 lb<\/td>\n<td>77.2 lb<\/td>\n<\/tr>\n<tr>\n<td><strong>Rohdicke Grenzen<\/strong><\/td>\n<td>Min. 9\/32&#8243; \u2013 Max. 15\/32&#8243;<\/td>\n<td>Min. 9\/32&#8243; \u2013 Max. 15\/32&#8243;<\/td>\n<td>Min. 9\/32&#8243; \u2013 Max. 15\/32&#8243;<\/td>\n<\/tr>\n<tr>\n<td><strong>Empfohlene Bootgr\u00f6\u00dfe<\/strong><\/td>\n<td>42 \u2013 55 ft<\/td>\n<td>45 \u2013 59 ft<\/td>\n<td>52 \u2013 69 ft<\/td>\n<\/tr>\n<\/tbody>\n<\/table>\n<p>Diese detaillierte \u00dcbersicht bietet wichtige Informationen f\u00fcr Bootsbesitzer auf der Suche nach zuverl\u00e4ssigen Antriebssystemen und gew\u00e4hrleistet Klarheit in den Spezifikationen und Funktionen.<\/p>\n","protected":false},"excerpt":{"rendered":"<p>Bugstrahlruder Quick BTQ 250-140 24V &#8211; Quick BTQ250 Bugstrahlruder mit 2 gegenl\u00e4ufigen Propellern. &#8211; Doppelpropeller aus robustem Verbundmaterial &#8211; Bronzegetriebe<\/p>\n","protected":false},"featured_media":5943458,"comment_status":"open","ping_status":"closed","template":"","meta":[],"product_brand":[3280],"product_cat":[1323],"product_tag":[],"class_list":{"0":"post-737315","1":"product","2":"type-product","3":"status-publish","4":"has-post-thumbnail","6":"product_brand-quick-de","7":"product_cat-bugstrahlruder-quick","9":"first","10":"instock","11":"shipping-taxable","12":"purchasable","13":"product-type-simple"},"_links":{"self":[{"href":"https:\/\/stoic-curie.212-227-153-4.plesk.page\/de\/wp-json\/wp\/v2\/product\/737315","targetHints":{"allow":["GET"]}}],"collection":[{"href":"https:\/\/stoic-curie.212-227-153-4.plesk.page\/de\/wp-json\/wp\/v2\/product"}],"about":[{"href":"https:\/\/stoic-curie.212-227-153-4.plesk.page\/de\/wp-json\/wp\/v2\/types\/product"}],"replies":[{"embeddable":true,"href":"https:\/\/stoic-curie.212-227-153-4.plesk.page\/de\/wp-json\/wp\/v2\/comments?post=737315"}],"version-history":[{"count":0,"href":"https:\/\/stoic-curie.212-227-153-4.plesk.page\/de\/wp-json\/wp\/v2\/product\/737315\/revisions"}],"wp:featuredmedia":[{"embeddable":true,"href":"https:\/\/stoic-curie.212-227-153-4.plesk.page\/de\/wp-json\/wp\/v2\/media\/5943458"}],"wp:attachment":[{"href":"https:\/\/stoic-curie.212-227-153-4.plesk.page\/de\/wp-json\/wp\/v2\/media?parent=737315"}],"wp:term":[{"taxonomy":"product_brand","embeddable":true,"href":"https:\/\/stoic-curie.212-227-153-4.plesk.page\/de\/wp-json\/wp\/v2\/product_brand?post=737315"},{"taxonomy":"product_cat","embeddable":true,"href":"https:\/\/stoic-curie.212-227-153-4.plesk.page\/de\/wp-json\/wp\/v2\/product_cat?post=737315"},{"taxonomy":"product_tag","embeddable":true,"href":"https:\/\/stoic-curie.212-227-153-4.plesk.page\/de\/wp-json\/wp\/v2\/product_tag?post=737315"}],"curies":[{"name":"wp","href":"https:\/\/api.w.org\/{rel}","templated":true}]}}