{"id":737316,"date":"2025-03-03T16:36:02","date_gmt":"2025-03-03T15:36:02","guid":{"rendered":"https:\/\/stoic-curie.212-227-153-4.plesk.page\/producto\/joystick-not-aus-panel-quick-tcd-1062\/"},"modified":"2026-02-24T23:35:12","modified_gmt":"2026-02-24T23:35:12","slug":"joystick-not-aus-panel-quick-tcd-1062","status":"publish","type":"product","link":"https:\/\/stoic-curie.212-227-153-4.plesk.page\/de\/product\/joystick-not-aus-panel-quick-tcd-1062\/","title":{"rendered":"Joystick + Not-Aus-Panel Quick TCD 1062"},"content":{"rendered":"<p>Joystick + Not-Aus-Panel Quick TCD 1062 &#8211; <\/p>\n<p>TCD-Schnellbedienfelder mit Drucktasten oder Joysticks zur Steuerung von Bugstrahlruderpropellern. Eine einfache und intuitive Benutzeroberfl\u00e4che. Universelle 8-30 Vdc Stromversorgung. M\u00f6glichkeit, mehrere TCD-Steuerungen parallel zu verbinden. Einfach zu installieren dank des 2-Draht-Anschlusses (optionale Erweiterungen). Automatisches Priorit\u00e4tssystem und Deaktivierung. Schutz gegen Verpolung, Kurzschlussausgang, l\u00e4ngere Motoraktivit\u00e4t und Unterbrechung der Verdrahtung der Strahlersteuerungen.<\/p>\n","protected":false},"excerpt":{"rendered":"<p>Joystick + Not-Aus-Panel Quick TCD 1062 &#8211; TCD-Schnellbedienfelder mit Drucktasten oder Joysticks zur Steuerung von Bugstrahlruderpropellern. Eine einfache und intuitive<\/p>\n","protected":false},"featured_media":5945852,"comment_status":"open","ping_status":"closed","template":"","meta":[],"product_brand":[3280],"product_cat":[1323],"product_tag":[],"class_list":{"0":"post-737316","1":"product","2":"type-product","3":"status-publish","4":"has-post-thumbnail","6":"product_brand-quick-de","7":"product_cat-bugstrahlruder-quick","9":"first","10":"instock","11":"shipping-taxable","12":"purchasable","13":"product-type-simple"},"_links":{"self":[{"href":"https:\/\/stoic-curie.212-227-153-4.plesk.page\/de\/wp-json\/wp\/v2\/product\/737316","targetHints":{"allow":["GET"]}}],"collection":[{"href":"https:\/\/stoic-curie.212-227-153-4.plesk.page\/de\/wp-json\/wp\/v2\/product"}],"about":[{"href":"https:\/\/stoic-curie.212-227-153-4.plesk.page\/de\/wp-json\/wp\/v2\/types\/product"}],"replies":[{"embeddable":true,"href":"https:\/\/stoic-curie.212-227-153-4.plesk.page\/de\/wp-json\/wp\/v2\/comments?post=737316"}],"version-history":[{"count":0,"href":"https:\/\/stoic-curie.212-227-153-4.plesk.page\/de\/wp-json\/wp\/v2\/product\/737316\/revisions"}],"wp:featuredmedia":[{"embeddable":true,"href":"https:\/\/stoic-curie.212-227-153-4.plesk.page\/de\/wp-json\/wp\/v2\/media\/5945852"}],"wp:attachment":[{"href":"https:\/\/stoic-curie.212-227-153-4.plesk.page\/de\/wp-json\/wp\/v2\/media?parent=737316"}],"wp:term":[{"taxonomy":"product_brand","embeddable":true,"href":"https:\/\/stoic-curie.212-227-153-4.plesk.page\/de\/wp-json\/wp\/v2\/product_brand?post=737316"},{"taxonomy":"product_cat","embeddable":true,"href":"https:\/\/stoic-curie.212-227-153-4.plesk.page\/de\/wp-json\/wp\/v2\/product_cat?post=737316"},{"taxonomy":"product_tag","embeddable":true,"href":"https:\/\/stoic-curie.212-227-153-4.plesk.page\/de\/wp-json\/wp\/v2\/product_tag?post=737316"}],"curies":[{"name":"wp","href":"https:\/\/api.w.org\/{rel}","templated":true}]}}