{"id":737317,"date":"2025-03-03T16:36:02","date_gmt":"2025-03-03T15:36:02","guid":{"rendered":"https:\/\/stoic-curie.212-227-153-4.plesk.page\/producto\/elektrisches-kabel-18m-fuer-tcd-quick-control-panels\/"},"modified":"2026-02-24T23:35:12","modified_gmt":"2026-02-24T23:35:12","slug":"elektrisches-kabel-18m-fuer-tcd-quick-control-panels","status":"publish","type":"product","link":"https:\/\/stoic-curie.212-227-153-4.plesk.page\/de\/product\/elektrisches-kabel-18m-fuer-tcd-quick-control-panels\/","title":{"rendered":"Elektrisches Kabel 18m f\u00fcr TCD Quick Control Panels"},"content":{"rendered":"<p>Elektrisches Kabel 18m f\u00fcr TCD Quick Control Panels &#8211; <\/p>\n<p>TCD Schnellsteuerungen mit Tasten oder Joysticks zur Bedienung von Bugstrahlpropellern. Einfache und intuitive Benutzeroberfl\u00e4che. Universelle 8-30 Vdc Stromversorgung. M\u00f6glichkeit, mehrere TCD-Steuerungen parallel zu verbinden. Einfach zu installieren dank des 2-Draht-Anschlusssystems (optionale Verl\u00e4ngerungen). Automatisches Priorit\u00e4tssystem und Deaktivierung. Schutz gegen Verpolung, Kurzschlussausgang, langanhaltende Motoraktivit\u00e4t und Unterbrechung der Verkabelung f\u00fcr die Thruster-Steuerung.<\/p>\n","protected":false},"excerpt":{"rendered":"<p>Elektrisches Kabel 18m f\u00fcr TCD Quick Control Panels &#8211; TCD Schnellsteuerungen mit Tasten oder Joysticks zur Bedienung von Bugstrahlpropellern. Einfache<\/p>\n","protected":false},"featured_media":5940409,"comment_status":"open","ping_status":"closed","template":"","meta":[],"product_brand":[3280],"product_cat":[1323],"product_tag":[],"class_list":{"0":"post-737317","1":"product","2":"type-product","3":"status-publish","4":"has-post-thumbnail","6":"product_brand-quick-de","7":"product_cat-bugstrahlruder-quick","9":"first","10":"instock","11":"shipping-taxable","12":"purchasable","13":"product-type-simple"},"_links":{"self":[{"href":"https:\/\/stoic-curie.212-227-153-4.plesk.page\/de\/wp-json\/wp\/v2\/product\/737317","targetHints":{"allow":["GET"]}}],"collection":[{"href":"https:\/\/stoic-curie.212-227-153-4.plesk.page\/de\/wp-json\/wp\/v2\/product"}],"about":[{"href":"https:\/\/stoic-curie.212-227-153-4.plesk.page\/de\/wp-json\/wp\/v2\/types\/product"}],"replies":[{"embeddable":true,"href":"https:\/\/stoic-curie.212-227-153-4.plesk.page\/de\/wp-json\/wp\/v2\/comments?post=737317"}],"version-history":[{"count":0,"href":"https:\/\/stoic-curie.212-227-153-4.plesk.page\/de\/wp-json\/wp\/v2\/product\/737317\/revisions"}],"wp:featuredmedia":[{"embeddable":true,"href":"https:\/\/stoic-curie.212-227-153-4.plesk.page\/de\/wp-json\/wp\/v2\/media\/5940409"}],"wp:attachment":[{"href":"https:\/\/stoic-curie.212-227-153-4.plesk.page\/de\/wp-json\/wp\/v2\/media?parent=737317"}],"wp:term":[{"taxonomy":"product_brand","embeddable":true,"href":"https:\/\/stoic-curie.212-227-153-4.plesk.page\/de\/wp-json\/wp\/v2\/product_brand?post=737317"},{"taxonomy":"product_cat","embeddable":true,"href":"https:\/\/stoic-curie.212-227-153-4.plesk.page\/de\/wp-json\/wp\/v2\/product_cat?post=737317"},{"taxonomy":"product_tag","embeddable":true,"href":"https:\/\/stoic-curie.212-227-153-4.plesk.page\/de\/wp-json\/wp\/v2\/product_tag?post=737317"}],"curies":[{"name":"wp","href":"https:\/\/api.w.org\/{rel}","templated":true}]}}