{"id":737322,"date":"2025-03-03T16:36:03","date_gmt":"2025-03-03T15:36:03","guid":{"rendered":"https:\/\/stoic-curie.212-227-153-4.plesk.page\/producto\/buerste-fuer-wasserlinie-scrubbis\/"},"modified":"2026-02-24T23:35:12","modified_gmt":"2026-02-24T23:35:12","slug":"buerste-fuer-wasserlinie-scrubbis","status":"publish","type":"product","link":"https:\/\/stoic-curie.212-227-153-4.plesk.page\/de\/product\/buerste-fuer-wasserlinie-scrubbis\/","title":{"rendered":"B\u00fcrste f\u00fcr Wasserlinie Scrubbis"},"content":{"rendered":"<p>B\u00fcrste f\u00fcr Wasserlinie Scrubbis &#8211; <\/p>\n<p>Innovatives und benutzerfreundliches Scrubbis Wasserlinien-Systemreinigungsset, mit dem Sie die Wasserlinie reinigen k\u00f6nnen, w\u00e4hrend das Boot im Wasser ist. Es nutzt den Auftrieb der B\u00fcrste (1 kg), um Druck durch Schaber und Schwamm auf den Seiten des Bootes auszu\u00fcben. Sie k\u00f6nnen mit einer einfachen Handbewegung Markierungen, Flecken, Algen und Bewuchs m\u00fchelos entfernen. Die B\u00fcrste hat zwei Seiten, eine mit Schabern und die andere mit einem rauen Schwamm. Der Griff ist bis zu 210 cm ausziehbar. Griff und B\u00fcrste werden separat verkauft.<\/p>\n","protected":false},"excerpt":{"rendered":"<p>B\u00fcrste f\u00fcr Wasserlinie Scrubbis &#8211; Innovatives und benutzerfreundliches Scrubbis Wasserlinien-Systemreinigungsset, mit dem Sie die Wasserlinie reinigen k\u00f6nnen, w\u00e4hrend das Boot<\/p>\n","protected":false},"featured_media":5944173,"comment_status":"open","ping_status":"closed","template":"","meta":[],"product_brand":[3340],"product_cat":[1346],"product_tag":[],"class_list":{"0":"post-737322","1":"product","2":"type-product","3":"status-publish","4":"has-post-thumbnail","6":"product_brand-scrubbis-de","7":"product_cat-reinigungsbuersten","9":"first","10":"instock","11":"shipping-taxable","12":"purchasable","13":"product-type-simple"},"_links":{"self":[{"href":"https:\/\/stoic-curie.212-227-153-4.plesk.page\/de\/wp-json\/wp\/v2\/product\/737322","targetHints":{"allow":["GET"]}}],"collection":[{"href":"https:\/\/stoic-curie.212-227-153-4.plesk.page\/de\/wp-json\/wp\/v2\/product"}],"about":[{"href":"https:\/\/stoic-curie.212-227-153-4.plesk.page\/de\/wp-json\/wp\/v2\/types\/product"}],"replies":[{"embeddable":true,"href":"https:\/\/stoic-curie.212-227-153-4.plesk.page\/de\/wp-json\/wp\/v2\/comments?post=737322"}],"version-history":[{"count":0,"href":"https:\/\/stoic-curie.212-227-153-4.plesk.page\/de\/wp-json\/wp\/v2\/product\/737322\/revisions"}],"wp:featuredmedia":[{"embeddable":true,"href":"https:\/\/stoic-curie.212-227-153-4.plesk.page\/de\/wp-json\/wp\/v2\/media\/5944173"}],"wp:attachment":[{"href":"https:\/\/stoic-curie.212-227-153-4.plesk.page\/de\/wp-json\/wp\/v2\/media?parent=737322"}],"wp:term":[{"taxonomy":"product_brand","embeddable":true,"href":"https:\/\/stoic-curie.212-227-153-4.plesk.page\/de\/wp-json\/wp\/v2\/product_brand?post=737322"},{"taxonomy":"product_cat","embeddable":true,"href":"https:\/\/stoic-curie.212-227-153-4.plesk.page\/de\/wp-json\/wp\/v2\/product_cat?post=737322"},{"taxonomy":"product_tag","embeddable":true,"href":"https:\/\/stoic-curie.212-227-153-4.plesk.page\/de\/wp-json\/wp\/v2\/product_tag?post=737322"}],"curies":[{"name":"wp","href":"https:\/\/api.w.org\/{rel}","templated":true}]}}