{"id":737328,"date":"2025-03-03T16:36:05","date_gmt":"2025-03-03T15:36:05","guid":{"rendered":"https:\/\/stoic-curie.212-227-153-4.plesk.page\/producto\/melamin-teller-mb-harmony-aqua-215cm-6-stueck\/"},"modified":"2026-02-24T23:35:12","modified_gmt":"2026-02-24T23:35:12","slug":"melamin-teller-mb-harmony-aqua-215cm-6-stueck","status":"publish","type":"product","link":"https:\/\/stoic-curie.212-227-153-4.plesk.page\/de\/product\/melamin-teller-mb-harmony-aqua-215cm-6-stueck\/","title":{"rendered":"Melamin-Teller MB Harmony Aqua 21,5cm, 6 St\u00fcck"},"content":{"rendered":"<p>Melamin-Teller MB Harmony Aqua 21,5cm, 6 St\u00fcck &#8211; <\/p>\n<p>Harmony Aqua Stil Dessertteller. Hergestellt aus 100 % zertifiziertem, lebensmittelechtem Melamin. Sp\u00fclmaschinenfest, bruchfest und fleckenbest\u00e4ndig. 6 St\u00fcck pro Packung.<\/p>\n","protected":false},"excerpt":{"rendered":"<p>Melamin-Teller MB Harmony Aqua 21,5cm, 6 St\u00fcck &#8211; Harmony Aqua Stil Dessertteller. Hergestellt aus 100 % zertifiziertem, lebensmittelechtem Melamin. Sp\u00fclmaschinenfest,<\/p>\n","protected":false},"featured_media":5945870,"comment_status":"open","ping_status":"closed","template":"","meta":[],"product_brand":[3110],"product_cat":[1358],"product_tag":[],"class_list":{"0":"post-737328","1":"product","2":"type-product","3":"status-publish","4":"has-post-thumbnail","6":"product_brand-marine-business-mb-de","7":"product_cat-bootsgeschirr","9":"first","10":"instock","11":"shipping-taxable","12":"purchasable","13":"product-type-simple"},"_links":{"self":[{"href":"https:\/\/stoic-curie.212-227-153-4.plesk.page\/de\/wp-json\/wp\/v2\/product\/737328","targetHints":{"allow":["GET"]}}],"collection":[{"href":"https:\/\/stoic-curie.212-227-153-4.plesk.page\/de\/wp-json\/wp\/v2\/product"}],"about":[{"href":"https:\/\/stoic-curie.212-227-153-4.plesk.page\/de\/wp-json\/wp\/v2\/types\/product"}],"replies":[{"embeddable":true,"href":"https:\/\/stoic-curie.212-227-153-4.plesk.page\/de\/wp-json\/wp\/v2\/comments?post=737328"}],"version-history":[{"count":0,"href":"https:\/\/stoic-curie.212-227-153-4.plesk.page\/de\/wp-json\/wp\/v2\/product\/737328\/revisions"}],"wp:featuredmedia":[{"embeddable":true,"href":"https:\/\/stoic-curie.212-227-153-4.plesk.page\/de\/wp-json\/wp\/v2\/media\/5945870"}],"wp:attachment":[{"href":"https:\/\/stoic-curie.212-227-153-4.plesk.page\/de\/wp-json\/wp\/v2\/media?parent=737328"}],"wp:term":[{"taxonomy":"product_brand","embeddable":true,"href":"https:\/\/stoic-curie.212-227-153-4.plesk.page\/de\/wp-json\/wp\/v2\/product_brand?post=737328"},{"taxonomy":"product_cat","embeddable":true,"href":"https:\/\/stoic-curie.212-227-153-4.plesk.page\/de\/wp-json\/wp\/v2\/product_cat?post=737328"},{"taxonomy":"product_tag","embeddable":true,"href":"https:\/\/stoic-curie.212-227-153-4.plesk.page\/de\/wp-json\/wp\/v2\/product_tag?post=737328"}],"curies":[{"name":"wp","href":"https:\/\/api.w.org\/{rel}","templated":true}]}}