{"id":737332,"date":"2025-03-03T16:36:06","date_gmt":"2025-03-03T15:36:06","guid":{"rendered":"https:\/\/stoic-curie.212-227-153-4.plesk.page\/producto\/davits-auf-basis-montiert-und-schwenkbar-paar-d42-110kg\/"},"modified":"2026-02-24T23:35:12","modified_gmt":"2026-02-24T23:35:12","slug":"davits-auf-basis-montiert-und-schwenkbar-paar-d42-110kg","status":"publish","type":"product","link":"https:\/\/stoic-curie.212-227-153-4.plesk.page\/de\/product\/davits-auf-basis-montiert-und-schwenkbar-paar-d42-110kg\/","title":{"rendered":"Paar von Edelstahl-Schwenkdavits 125 kg"},"content":{"rendered":"<p>Paar von Edelstahl-Schwenkdavits 125 kg &#8211; <\/p>\n<p>Dieses au\u00dfergew\u00f6hnliche Set von drehbaren Davits ist mit einer polierten Edelstahlrohr-Bodenmontage ausgestattet und wird bequem im Paar f\u00fcr Ihre Bootsbed\u00fcrfnisse verkauft. Jedes Paar umfasst wichtige Komponenten wie Rollen, Poller und Karabinerhaken, sodass Sie alles Notwendige f\u00fcr eine effektive Anwendung zur Verf\u00fcgung haben. Ein herausragendes Merkmal dieser Davits ist, dass f\u00fcr die Installation keine Montagebohrungen erforderlich sind, was den Prozess einfach und problemlos macht. Hergestellt aus hochwertigem 42-mm-Edelstahl, sind diese Davits robust genug, um ein Gewicht von bis zu 125 kg zu tragen, und bieten Ihnen eine zuverl\u00e4ssige Leistung auf dem Wasser.<\/p>\n","protected":false},"excerpt":{"rendered":"<p>Paar von Edelstahl-Schwenkdavits 125 kg &#8211; Dieses au\u00dfergew\u00f6hnliche Set von drehbaren Davits ist mit einer polierten Edelstahlrohr-Bodenmontage ausgestattet und wird<\/p>\n","protected":false},"featured_media":5945887,"comment_status":"open","ping_status":"closed","template":"","meta":[],"product_brand":[3120],"product_cat":[1553],"product_tag":[],"class_list":{"0":"post-737332","1":"product","2":"type-product","3":"status-publish","4":"has-post-thumbnail","6":"product_brand-marinetech-de","7":"product_cat-davits-schlauchboote-und-zubehoer","9":"first","10":"instock","11":"shipping-taxable","12":"purchasable","13":"product-type-simple"},"_links":{"self":[{"href":"https:\/\/stoic-curie.212-227-153-4.plesk.page\/de\/wp-json\/wp\/v2\/product\/737332","targetHints":{"allow":["GET"]}}],"collection":[{"href":"https:\/\/stoic-curie.212-227-153-4.plesk.page\/de\/wp-json\/wp\/v2\/product"}],"about":[{"href":"https:\/\/stoic-curie.212-227-153-4.plesk.page\/de\/wp-json\/wp\/v2\/types\/product"}],"replies":[{"embeddable":true,"href":"https:\/\/stoic-curie.212-227-153-4.plesk.page\/de\/wp-json\/wp\/v2\/comments?post=737332"}],"version-history":[{"count":0,"href":"https:\/\/stoic-curie.212-227-153-4.plesk.page\/de\/wp-json\/wp\/v2\/product\/737332\/revisions"}],"wp:featuredmedia":[{"embeddable":true,"href":"https:\/\/stoic-curie.212-227-153-4.plesk.page\/de\/wp-json\/wp\/v2\/media\/5945887"}],"wp:attachment":[{"href":"https:\/\/stoic-curie.212-227-153-4.plesk.page\/de\/wp-json\/wp\/v2\/media?parent=737332"}],"wp:term":[{"taxonomy":"product_brand","embeddable":true,"href":"https:\/\/stoic-curie.212-227-153-4.plesk.page\/de\/wp-json\/wp\/v2\/product_brand?post=737332"},{"taxonomy":"product_cat","embeddable":true,"href":"https:\/\/stoic-curie.212-227-153-4.plesk.page\/de\/wp-json\/wp\/v2\/product_cat?post=737332"},{"taxonomy":"product_tag","embeddable":true,"href":"https:\/\/stoic-curie.212-227-153-4.plesk.page\/de\/wp-json\/wp\/v2\/product_tag?post=737332"}],"curies":[{"name":"wp","href":"https:\/\/api.w.org\/{rel}","templated":true}]}}