{"id":737334,"date":"2025-03-03T16:36:06","date_gmt":"2025-03-03T15:36:06","guid":{"rendered":"https:\/\/stoic-curie.212-227-153-4.plesk.page\/producto\/graue-kunststoffluken-fuer-boote-458-x-513-mm\/"},"modified":"2026-02-24T23:35:12","modified_gmt":"2026-02-24T23:35:12","slug":"graue-kunststoffluken-fuer-boote-458-x-513-mm","status":"publish","type":"product","link":"https:\/\/stoic-curie.212-227-153-4.plesk.page\/de\/product\/graue-kunststoffluken-fuer-boote-458-x-513-mm\/","title":{"rendered":"Graue Kunststoffluken f\u00fcr Boote 458 x 513 mm"},"content":{"rendered":"<p>Graue Kunststoffluken f\u00fcr Boote 458 x 513 mm &#8211; <\/p>\n<p>UV-best\u00e4ndiger ABS ASA 180\u00b0 \u00f6ffnender, begehbarer, wasserdichter Zugangsluke. Luke mit doppeltem \u00d6ffnungssystem: klassisch und ausziehbar. Das ausziehbare System erm\u00f6glicht das \u00d6ffnen der Luke in engen R\u00e4umen. Montage auf dem Deck oder der Wand.<\/p>\n","protected":false},"excerpt":{"rendered":"<p>Graue Kunststoffluken f\u00fcr Boote 458 x 513 mm &#8211; UV-best\u00e4ndiger ABS ASA 180\u00b0 \u00f6ffnender, begehbarer, wasserdichter Zugangsluke. Luke mit doppeltem<\/p>\n","protected":false},"featured_media":5942803,"comment_status":"open","ping_status":"closed","template":"","meta":[],"product_brand":[2855],"product_cat":[1408],"product_tag":[],"class_list":{"0":"post-737334","1":"product","2":"type-product","3":"status-publish","4":"has-post-thumbnail","6":"product_brand-can-marine-de","7":"product_cat-kunststoffluken","9":"first","10":"instock","11":"shipping-taxable","12":"purchasable","13":"product-type-simple"},"_links":{"self":[{"href":"https:\/\/stoic-curie.212-227-153-4.plesk.page\/de\/wp-json\/wp\/v2\/product\/737334","targetHints":{"allow":["GET"]}}],"collection":[{"href":"https:\/\/stoic-curie.212-227-153-4.plesk.page\/de\/wp-json\/wp\/v2\/product"}],"about":[{"href":"https:\/\/stoic-curie.212-227-153-4.plesk.page\/de\/wp-json\/wp\/v2\/types\/product"}],"replies":[{"embeddable":true,"href":"https:\/\/stoic-curie.212-227-153-4.plesk.page\/de\/wp-json\/wp\/v2\/comments?post=737334"}],"version-history":[{"count":0,"href":"https:\/\/stoic-curie.212-227-153-4.plesk.page\/de\/wp-json\/wp\/v2\/product\/737334\/revisions"}],"wp:featuredmedia":[{"embeddable":true,"href":"https:\/\/stoic-curie.212-227-153-4.plesk.page\/de\/wp-json\/wp\/v2\/media\/5942803"}],"wp:attachment":[{"href":"https:\/\/stoic-curie.212-227-153-4.plesk.page\/de\/wp-json\/wp\/v2\/media?parent=737334"}],"wp:term":[{"taxonomy":"product_brand","embeddable":true,"href":"https:\/\/stoic-curie.212-227-153-4.plesk.page\/de\/wp-json\/wp\/v2\/product_brand?post=737334"},{"taxonomy":"product_cat","embeddable":true,"href":"https:\/\/stoic-curie.212-227-153-4.plesk.page\/de\/wp-json\/wp\/v2\/product_cat?post=737334"},{"taxonomy":"product_tag","embeddable":true,"href":"https:\/\/stoic-curie.212-227-153-4.plesk.page\/de\/wp-json\/wp\/v2\/product_tag?post=737334"}],"curies":[{"name":"wp","href":"https:\/\/api.w.org\/{rel}","templated":true}]}}