{"id":737343,"date":"2025-03-03T16:36:08","date_gmt":"2025-03-03T15:36:08","guid":{"rendered":"https:\/\/stoic-curie.212-227-153-4.plesk.page\/producto\/polierter-messing-marineuhrdeckel-horizon-barigo-120-mm\/"},"modified":"2026-02-24T23:35:12","modified_gmt":"2026-02-24T23:35:12","slug":"polierter-messing-marineuhrdeckel-horizon-barigo-120-mm","status":"publish","type":"product","link":"https:\/\/stoic-curie.212-227-153-4.plesk.page\/de\/product\/polierter-messing-marineuhrdeckel-horizon-barigo-120-mm\/","title":{"rendered":"Polierter Messing-Marineuhrdeckel Horizon Barigo 120 mm"},"content":{"rendered":"<p>Polierter Messing-Marineuhrdeckel Horizon Barigo 120 mm &#8211; <\/p>\n<p>Die Wetterinstrumente Cap Horizon (von Barigo) verf\u00fcgen \u00fcber ein Geh\u00e4use aus poliertem Messing und ein wei\u00dfes Zifferblatt.<\/p>\n","protected":false},"excerpt":{"rendered":"<p>Polierter Messing-Marineuhrdeckel Horizon Barigo 120 mm &#8211; Die Wetterinstrumente Cap Horizon (von Barigo) verf\u00fcgen \u00fcber ein Geh\u00e4use aus poliertem Messing<\/p>\n","protected":false},"featured_media":5945897,"comment_status":"open","ping_status":"closed","template":"","meta":[],"product_brand":[2815],"product_cat":[1353,1490],"product_tag":[],"class_list":{"0":"post-737343","1":"product","2":"type-product","3":"status-publish","4":"has-post-thumbnail","6":"product_brand-barigo-de","7":"product_cat-nautische-dekoration","8":"product_cat-nautische-instrumente","10":"first","11":"instock","12":"shipping-taxable","13":"purchasable","14":"product-type-simple"},"_links":{"self":[{"href":"https:\/\/stoic-curie.212-227-153-4.plesk.page\/de\/wp-json\/wp\/v2\/product\/737343","targetHints":{"allow":["GET"]}}],"collection":[{"href":"https:\/\/stoic-curie.212-227-153-4.plesk.page\/de\/wp-json\/wp\/v2\/product"}],"about":[{"href":"https:\/\/stoic-curie.212-227-153-4.plesk.page\/de\/wp-json\/wp\/v2\/types\/product"}],"replies":[{"embeddable":true,"href":"https:\/\/stoic-curie.212-227-153-4.plesk.page\/de\/wp-json\/wp\/v2\/comments?post=737343"}],"version-history":[{"count":0,"href":"https:\/\/stoic-curie.212-227-153-4.plesk.page\/de\/wp-json\/wp\/v2\/product\/737343\/revisions"}],"wp:featuredmedia":[{"embeddable":true,"href":"https:\/\/stoic-curie.212-227-153-4.plesk.page\/de\/wp-json\/wp\/v2\/media\/5945897"}],"wp:attachment":[{"href":"https:\/\/stoic-curie.212-227-153-4.plesk.page\/de\/wp-json\/wp\/v2\/media?parent=737343"}],"wp:term":[{"taxonomy":"product_brand","embeddable":true,"href":"https:\/\/stoic-curie.212-227-153-4.plesk.page\/de\/wp-json\/wp\/v2\/product_brand?post=737343"},{"taxonomy":"product_cat","embeddable":true,"href":"https:\/\/stoic-curie.212-227-153-4.plesk.page\/de\/wp-json\/wp\/v2\/product_cat?post=737343"},{"taxonomy":"product_tag","embeddable":true,"href":"https:\/\/stoic-curie.212-227-153-4.plesk.page\/de\/wp-json\/wp\/v2\/product_tag?post=737343"}],"curies":[{"name":"wp","href":"https:\/\/api.w.org\/{rel}","templated":true}]}}