{"id":737348,"date":"2025-03-03T16:36:09","date_gmt":"2025-03-03T15:36:09","guid":{"rendered":"https:\/\/stoic-curie.212-227-153-4.plesk.page\/producto\/impulsor-jabsco-17937-0003-nitril\/"},"modified":"2026-02-24T23:35:12","modified_gmt":"2026-02-24T23:35:12","slug":"impulsor-jabsco-17937-0003-nitril","status":"publish","type":"product","link":"https:\/\/stoic-curie.212-227-153-4.plesk.page\/de\/product\/impulsor-jabsco-17937-0003-nitril\/","title":{"rendered":"Impulsor Jabsco 17937-0003 Nitril"},"content":{"rendered":"<p>Impulsor Jabsco 17937-0003 Nitril &#8211; <\/p>\n<div class=\"col-24 col-md-15\">\n<p>Diese flexible Pumpenimpeller ist f\u00fcr die folgenden Pumpen geeignet:<\/p>\n<p>50080-2003, 50080-2103, 50080-2203, 50080-2303, 50080-2903, 51080-2003, 52080-2003, 6520-2003, 6520-237.<\/p>\n<p>Der Jabsco 17937-0003 flexible Nitril-Impeller ersetzt die folgenden Impeller:<\/p>\n<p>Jabsco Impeller: 920-0003<\/p>\n<p>Johnson Impeller: 09-1028B-9<\/p>\n<p>Der Jabsco 17937-0003 flexible Nitril-Impeller hat 10 Impellerbl\u00e4tter und einen Spline-Antrieb.<\/p>\n<p>Der flexible Nitril-Pumpenimpeller von Jabsco eignet sich zum F\u00f6rdern von Kraftstoff oder Wasser, das stark mit \u00d6l oder Diesel kontaminiert ist. Die flexiblen Impeller von Jabsco unterliegen strengen Qualit\u00e4tsprozessen, um zuverl\u00e4ssige, effiziente und langlebige Leistung zu gew\u00e4hrleisten.<\/p>\n<p>Sie sollten Ihre flexiblen Pumpenimpeller mindestens einmal im Jahr oder fr\u00fcher, je nach Verwendung, ersetzen. Bei korrekter Installation kann ein Impeller mehrere Jahre halten, doch es ist immer ratsam, einen Zeitplan f\u00fcr pr\u00e4ventive statt korrektive Wartung einzuhalten.<\/p>\n<p>Dieser Impeller hat ein Y-Profil.<\/p>\n<\/div>\n<p><\/p>\n<table class=\"table\">\n<tbody>\n<tr>\n<td><strong>Marke<\/strong><\/td>\n<td>Jabsco<\/td>\n<\/tr>\n<tr>\n<td><strong>Durchmesser der Impellerwelle<\/strong><\/td>\n<td>16mm<\/td>\n<\/tr>\n<tr>\n<td><strong>Anzahl der Impellerbl\u00e4tter<\/strong><\/td>\n<td>10<\/td>\n<\/tr>\n<tr>\n<td><strong>Profil<\/strong><\/td>\n<td>Y<\/td>\n<\/tr>\n<tr>\n<td><strong>Material<\/strong><\/td>\n<td>Nitril-Impeller mit Messingeinlage<\/td>\n<\/tr>\n<tr>\n<td><strong>Durchmesser<\/strong><\/td>\n<td>65mm (2-9\/16&#8243;), Welle 16mm (5\/8&#8243;)<\/td>\n<\/tr>\n<tr>\n<td><strong>Antriebsart<\/strong><\/td>\n<td>Spline-Antrieb<\/td>\n<\/tr>\n<tr>\n<td><strong>Modell<\/strong><\/td>\n<td>17937-0003<\/td>\n<\/tr>\n<tr>\n<td><strong>Ersetzt<\/strong><\/td>\n<td>Johnson 09-1028B-9, Jabsco 920-0003<\/td>\n<\/tr>\n<tr>\n<td><strong>Geeignet f\u00fcr<\/strong><\/td>\n<td>Siehe Beschreibung<\/td>\n<\/tr>\n<tr>\n<td><strong>Tiefe<\/strong><\/td>\n<td>51mm (2&#8243;)<\/td>\n<\/tr>\n<\/tbody>\n<\/table>\n","protected":false},"excerpt":{"rendered":"<p>Impulsor Jabsco 17937-0003 Nitril &#8211; Diese flexible Pumpenimpeller ist f\u00fcr die folgenden Pumpen geeignet: 50080-2003, 50080-2103, 50080-2203, 50080-2303, 50080-2903, 51080-2003,<\/p>\n","protected":false},"featured_media":5945923,"comment_status":"open","ping_status":"closed","template":"","meta":[],"product_brand":[3030],"product_cat":[1522],"product_tag":[],"class_list":{"0":"post-737348","1":"product","2":"type-product","3":"status-publish","4":"has-post-thumbnail","6":"product_brand-jabsco-marine-de","7":"product_cat-motorkuehlpumpen","9":"first","10":"instock","11":"shipping-taxable","12":"purchasable","13":"product-type-simple"},"_links":{"self":[{"href":"https:\/\/stoic-curie.212-227-153-4.plesk.page\/de\/wp-json\/wp\/v2\/product\/737348","targetHints":{"allow":["GET"]}}],"collection":[{"href":"https:\/\/stoic-curie.212-227-153-4.plesk.page\/de\/wp-json\/wp\/v2\/product"}],"about":[{"href":"https:\/\/stoic-curie.212-227-153-4.plesk.page\/de\/wp-json\/wp\/v2\/types\/product"}],"replies":[{"embeddable":true,"href":"https:\/\/stoic-curie.212-227-153-4.plesk.page\/de\/wp-json\/wp\/v2\/comments?post=737348"}],"version-history":[{"count":0,"href":"https:\/\/stoic-curie.212-227-153-4.plesk.page\/de\/wp-json\/wp\/v2\/product\/737348\/revisions"}],"wp:featuredmedia":[{"embeddable":true,"href":"https:\/\/stoic-curie.212-227-153-4.plesk.page\/de\/wp-json\/wp\/v2\/media\/5945923"}],"wp:attachment":[{"href":"https:\/\/stoic-curie.212-227-153-4.plesk.page\/de\/wp-json\/wp\/v2\/media?parent=737348"}],"wp:term":[{"taxonomy":"product_brand","embeddable":true,"href":"https:\/\/stoic-curie.212-227-153-4.plesk.page\/de\/wp-json\/wp\/v2\/product_brand?post=737348"},{"taxonomy":"product_cat","embeddable":true,"href":"https:\/\/stoic-curie.212-227-153-4.plesk.page\/de\/wp-json\/wp\/v2\/product_cat?post=737348"},{"taxonomy":"product_tag","embeddable":true,"href":"https:\/\/stoic-curie.212-227-153-4.plesk.page\/de\/wp-json\/wp\/v2\/product_tag?post=737348"}],"curies":[{"name":"wp","href":"https:\/\/api.w.org\/{rel}","templated":true}]}}