{"id":737362,"date":"2025-03-03T16:36:12","date_gmt":"2025-03-03T15:36:12","guid":{"rendered":"https:\/\/stoic-curie.212-227-153-4.plesk.page\/producto\/marine-toilette-ocean-standard-24v-h455-mm\/"},"modified":"2026-02-24T23:35:12","modified_gmt":"2026-02-24T23:35:12","slug":"marine-toilette-ocean-standard-24v-h455-mm","status":"publish","type":"product","link":"https:\/\/stoic-curie.212-227-153-4.plesk.page\/de\/product\/marine-toilette-ocean-standard-24v-h455-mm\/","title":{"rendered":"Toilette Ocean Luxury Standard 24v H455mm"},"content":{"rendered":"<p>Toilette Ocean Luxury Standard 24v H455mm &#8211; <\/p>\n<p style=\"color: rgb(34, 34, 34); font-family: Arial, Helvetica, sans-serif; font-size: small;\">Elektrische Toilet Ocean Luxury Standard 24v H455mm. Wir pr\u00e4sentieren das Ocean Luxury Standard Toilet, die perfekte Kombination aus Stil und Funktionalit\u00e4t f\u00fcr Ihr Zuhause. Diese elektrische Toilette bietet:<\/p>\n<ul style=\"color: rgb(34, 34, 34); font-family: Arial, Helvetica, sans-serif; font-size: small;\">\n<li>Au\u00dfergew\u00f6hnlichen Komfort, der sich wie zu Hause anf\u00fchlt<\/li>\n<li>Minimalen Wasserverbrauch<\/li>\n<li>Automatische Steuerung f\u00fcr Wasseraufnahme und Abfluss<\/li>\n<li>Integrierte Pumpenanlage zur Abfallentsorgung<\/li>\n<li>Benutzerfreundliches digitales Bedienfeld<\/li>\n<li>Haltbarer Duroplast-Sitz mit sanft schlie\u00dfendem Scharnier<\/li>\n<li>Schlagfeste und korrosionsbest\u00e4ndige Materialien<\/li>\n<li>R\u00fcckschlagventil f\u00fcr zus\u00e4tzliche Effizienz<\/li>\n<li>Selbstansaugung bis zu 1,5 Metern<\/li>\n<li>Vielseitige Installationsm\u00f6glichkeiten \u00fcber oder unter der Wasserlinie<\/li>\n<\/ul>\n<p style=\"color: rgb(34, 34, 34); font-family: Arial, Helvetica, sans-serif; font-size: small;\">Dieses Toilette kann mit einem automatischen Wassersystem oder einer an Bord installierten Abwasserpumpe f\u00fcr die Wasseraufnahme betrieben werden. Sie verf\u00fcgt \u00fcber einen elektronischen Schalter, der den Wasserfluss in zwei Phasen steuert: Zuerst wird die Sch\u00fcssel mit sauberem Wasser gef\u00fcllt, dann wird der Abfall effizient entleert, sodass die Sch\u00fcssel sauber und leer bleibt.<\/p>\n<p style=\"color: rgb(34, 34, 34); font-family: Arial, Helvetica, sans-serif; font-size: small;\">Bei Installationen mit mehreren Toiletten kann eine einzige Wasserpumpe alle Einheiten bedienen, wobei f\u00fcr jedes WC ein Elektroventil erforderlich ist.<\/p>\n<p style=\"color: rgb(34, 34, 34); font-family: Arial, Helvetica, sans-serif; font-size: small;\">Spezifikationen:<\/p>\n<ul style=\"color: rgb(34, 34, 34); font-family: Arial, Helvetica, sans-serif; font-size: small;\">\n<li>Einlass: 19 mm (3\/4&#8243;)<\/li>\n<li>Auslass: 25\/38 mm (1&#8243;-1 1\/2&#8243;)<\/li>\n<li>Stromverbrauch: 30A bei 12V<\/li>\n<\/ul>\n<p style=\"color: rgb(34, 34, 34); font-family: Arial, Helvetica, sans-serif; font-size: small;\">Hauptmerkmale:<\/p>\n<ul style=\"color: rgb(34, 34, 34); font-family: Arial, Helvetica, sans-serif; font-size: small;\">\n<li>Einfach zu installieren<\/li>\n<li>Sanft schlie\u00dfendem Deckel<\/li>\n<li>Vollst\u00e4ndig geschlossenes Design<\/li>\n<\/ul>\n<p style=\"color: rgb(34, 34, 34); font-family: Arial, Helvetica, sans-serif; font-size: small;\">Zus\u00e4tzliche Spezifikationen:<\/p>\n<ul style=\"color: rgb(34, 34, 34); font-family: Arial, Helvetica, sans-serif; font-size: small;\">\n<li>Wasserverbrauch: 1,5 \u2013 5 Liter<\/li>\n<li>Spannung: 12\/24V<\/li>\n<li>Stromaufnahme: 18A \u2013 10A<\/li>\n<li>Ausgangsanschluss: 38mm (1 1\/2&#8243;) und 25mm (1&#8243;)<\/li>\n<li>Eingangsanschluss: 19mm (3\/4&#8243;)<\/li>\n<\/ul>\n<p style=\"color: rgb(34, 34, 34); font-family: Arial, Helvetica, sans-serif; font-size: small;\">Verbessern Sie Ihr Badezimmererlebnis mit dem Ocean Luxury Standard Soft Close Toilet<\/p>\n","protected":false},"excerpt":{"rendered":"<p>Toilette Ocean Luxury Standard 24v H455mm &#8211; Elektrische Toilet Ocean Luxury Standard 24v H455mm. Wir pr\u00e4sentieren das Ocean Luxury Standard<\/p>\n","protected":false},"featured_media":5935992,"comment_status":"open","ping_status":"closed","template":"","meta":[],"product_brand":[3140],"product_cat":[1388],"product_tag":[],"class_list":{"0":"post-737362","1":"product","2":"type-product","3":"status-publish","4":"has-post-thumbnail","6":"product_brand-matromarine-de","7":"product_cat-marine-wcs","9":"first","10":"instock","11":"shipping-taxable","12":"purchasable","13":"product-type-simple"},"_links":{"self":[{"href":"https:\/\/stoic-curie.212-227-153-4.plesk.page\/de\/wp-json\/wp\/v2\/product\/737362","targetHints":{"allow":["GET"]}}],"collection":[{"href":"https:\/\/stoic-curie.212-227-153-4.plesk.page\/de\/wp-json\/wp\/v2\/product"}],"about":[{"href":"https:\/\/stoic-curie.212-227-153-4.plesk.page\/de\/wp-json\/wp\/v2\/types\/product"}],"replies":[{"embeddable":true,"href":"https:\/\/stoic-curie.212-227-153-4.plesk.page\/de\/wp-json\/wp\/v2\/comments?post=737362"}],"version-history":[{"count":0,"href":"https:\/\/stoic-curie.212-227-153-4.plesk.page\/de\/wp-json\/wp\/v2\/product\/737362\/revisions"}],"wp:featuredmedia":[{"embeddable":true,"href":"https:\/\/stoic-curie.212-227-153-4.plesk.page\/de\/wp-json\/wp\/v2\/media\/5935992"}],"wp:attachment":[{"href":"https:\/\/stoic-curie.212-227-153-4.plesk.page\/de\/wp-json\/wp\/v2\/media?parent=737362"}],"wp:term":[{"taxonomy":"product_brand","embeddable":true,"href":"https:\/\/stoic-curie.212-227-153-4.plesk.page\/de\/wp-json\/wp\/v2\/product_brand?post=737362"},{"taxonomy":"product_cat","embeddable":true,"href":"https:\/\/stoic-curie.212-227-153-4.plesk.page\/de\/wp-json\/wp\/v2\/product_cat?post=737362"},{"taxonomy":"product_tag","embeddable":true,"href":"https:\/\/stoic-curie.212-227-153-4.plesk.page\/de\/wp-json\/wp\/v2\/product_tag?post=737362"}],"curies":[{"name":"wp","href":"https:\/\/api.w.org\/{rel}","templated":true}]}}