{"id":737363,"date":"2025-03-03T16:36:13","date_gmt":"2025-03-03T15:36:13","guid":{"rendered":"https:\/\/stoic-curie.212-227-153-4.plesk.page\/producto\/fernglas-nikon-sportstar-8-x-24\/"},"modified":"2026-02-24T23:35:12","modified_gmt":"2026-02-24T23:35:12","slug":"fernglas-nikon-sportstar-8-x-24","status":"publish","type":"product","link":"https:\/\/stoic-curie.212-227-153-4.plesk.page\/de\/product\/fernglas-nikon-sportstar-8-x-24\/","title":{"rendered":"Fernglas Nikon Sportstar 8 x 24"},"content":{"rendered":"<p>Fernglas Nikon Sportstar 8 x 24 &#8211; <\/p>\n<p>Kompakte und vielseitige Ferngl\u00e4ser mit au\u00dfergew\u00f6hnlich sanfter mechanischer Zoomkontrolle, ideal zum Vergr\u00f6\u00dfern des Namens oder der Nummer eines Bootes, von Gesichtern an Bord oder am Dock oder f\u00fcr Sportveranstaltungen. Bequemer Sitz und einfache Handhabung mit drehbaren und gleitenden Gummi-Augenmuscheln f\u00fcr die richtige Augenposition. Mehrschichtbeschichtete, beschlagfreie, mit Stickstoff gef\u00fcllte Linsen f\u00fcr helle und kontrastreiche Bilder. 10 Jahre Garantie.<\/p>\n","protected":false},"excerpt":{"rendered":"<p>Fernglas Nikon Sportstar 8 x 24 &#8211; Kompakte und vielseitige Ferngl\u00e4ser mit au\u00dfergew\u00f6hnlich sanfter mechanischer Zoomkontrolle, ideal zum Vergr\u00f6\u00dfern des<\/p>\n","protected":false},"featured_media":5945932,"comment_status":"open","ping_status":"closed","template":"","meta":[],"product_brand":[3195],"product_cat":[1492],"product_tag":[],"class_list":{"0":"post-737363","1":"product","2":"type-product","3":"status-publish","4":"has-post-thumbnail","6":"product_brand-nikon-marine-de","7":"product_cat-marina-fernglaeser","9":"first","10":"instock","11":"shipping-taxable","12":"purchasable","13":"product-type-simple"},"_links":{"self":[{"href":"https:\/\/stoic-curie.212-227-153-4.plesk.page\/de\/wp-json\/wp\/v2\/product\/737363","targetHints":{"allow":["GET"]}}],"collection":[{"href":"https:\/\/stoic-curie.212-227-153-4.plesk.page\/de\/wp-json\/wp\/v2\/product"}],"about":[{"href":"https:\/\/stoic-curie.212-227-153-4.plesk.page\/de\/wp-json\/wp\/v2\/types\/product"}],"replies":[{"embeddable":true,"href":"https:\/\/stoic-curie.212-227-153-4.plesk.page\/de\/wp-json\/wp\/v2\/comments?post=737363"}],"version-history":[{"count":0,"href":"https:\/\/stoic-curie.212-227-153-4.plesk.page\/de\/wp-json\/wp\/v2\/product\/737363\/revisions"}],"wp:featuredmedia":[{"embeddable":true,"href":"https:\/\/stoic-curie.212-227-153-4.plesk.page\/de\/wp-json\/wp\/v2\/media\/5945932"}],"wp:attachment":[{"href":"https:\/\/stoic-curie.212-227-153-4.plesk.page\/de\/wp-json\/wp\/v2\/media?parent=737363"}],"wp:term":[{"taxonomy":"product_brand","embeddable":true,"href":"https:\/\/stoic-curie.212-227-153-4.plesk.page\/de\/wp-json\/wp\/v2\/product_brand?post=737363"},{"taxonomy":"product_cat","embeddable":true,"href":"https:\/\/stoic-curie.212-227-153-4.plesk.page\/de\/wp-json\/wp\/v2\/product_cat?post=737363"},{"taxonomy":"product_tag","embeddable":true,"href":"https:\/\/stoic-curie.212-227-153-4.plesk.page\/de\/wp-json\/wp\/v2\/product_tag?post=737363"}],"curies":[{"name":"wp","href":"https:\/\/api.w.org\/{rel}","templated":true}]}}