{"id":737364,"date":"2025-03-03T16:36:13","date_gmt":"2025-03-03T15:36:13","guid":{"rendered":"https:\/\/stoic-curie.212-227-153-4.plesk.page\/producto\/marine-fernglas-nikon-aculon-a30-schwarz-8-x-25\/"},"modified":"2026-02-24T23:35:12","modified_gmt":"2026-02-24T23:35:12","slug":"marine-fernglas-nikon-aculon-a30-schwarz-8-x-25","status":"publish","type":"product","link":"https:\/\/stoic-curie.212-227-153-4.plesk.page\/de\/product\/marine-fernglas-nikon-aculon-a30-schwarz-8-x-25\/","title":{"rendered":"Marine-Fernglas Nikon Aculon A30 Schwarz 8 x 25"},"content":{"rendered":"<p>Marine-Fernglas Nikon Aculon A30 Schwarz 8 x 25 &#8211; <\/p>\n<p>Kompakte und leichte Ferngl\u00e4ser mit gummierter Beschichtung f\u00fcr einen besseren und sicheren Halt. Mehrschichtverg\u00fctete, beschlagfreie, mit Stickstoff gef\u00fcllte Linsen sorgen f\u00fcr helle und kontrastreiche Bilder mit \u00f6kologischen Glasoptikteilen, die frei von Blei und Arsen sind. 10 Jahre Garantie.<\/p>\n","protected":false},"excerpt":{"rendered":"<p>Marine-Fernglas Nikon Aculon A30 Schwarz 8 x 25 &#8211; Kompakte und leichte Ferngl\u00e4ser mit gummierter Beschichtung f\u00fcr einen besseren und<\/p>\n","protected":false},"featured_media":5945933,"comment_status":"open","ping_status":"closed","template":"","meta":[],"product_brand":[3195],"product_cat":[1492],"product_tag":[],"class_list":{"0":"post-737364","1":"product","2":"type-product","3":"status-publish","4":"has-post-thumbnail","6":"product_brand-nikon-marine-de","7":"product_cat-marina-fernglaeser","9":"first","10":"outofstock","11":"shipping-taxable","12":"purchasable","13":"product-type-simple"},"_links":{"self":[{"href":"https:\/\/stoic-curie.212-227-153-4.plesk.page\/de\/wp-json\/wp\/v2\/product\/737364","targetHints":{"allow":["GET"]}}],"collection":[{"href":"https:\/\/stoic-curie.212-227-153-4.plesk.page\/de\/wp-json\/wp\/v2\/product"}],"about":[{"href":"https:\/\/stoic-curie.212-227-153-4.plesk.page\/de\/wp-json\/wp\/v2\/types\/product"}],"replies":[{"embeddable":true,"href":"https:\/\/stoic-curie.212-227-153-4.plesk.page\/de\/wp-json\/wp\/v2\/comments?post=737364"}],"version-history":[{"count":0,"href":"https:\/\/stoic-curie.212-227-153-4.plesk.page\/de\/wp-json\/wp\/v2\/product\/737364\/revisions"}],"wp:featuredmedia":[{"embeddable":true,"href":"https:\/\/stoic-curie.212-227-153-4.plesk.page\/de\/wp-json\/wp\/v2\/media\/5945933"}],"wp:attachment":[{"href":"https:\/\/stoic-curie.212-227-153-4.plesk.page\/de\/wp-json\/wp\/v2\/media?parent=737364"}],"wp:term":[{"taxonomy":"product_brand","embeddable":true,"href":"https:\/\/stoic-curie.212-227-153-4.plesk.page\/de\/wp-json\/wp\/v2\/product_brand?post=737364"},{"taxonomy":"product_cat","embeddable":true,"href":"https:\/\/stoic-curie.212-227-153-4.plesk.page\/de\/wp-json\/wp\/v2\/product_cat?post=737364"},{"taxonomy":"product_tag","embeddable":true,"href":"https:\/\/stoic-curie.212-227-153-4.plesk.page\/de\/wp-json\/wp\/v2\/product_tag?post=737364"}],"curies":[{"name":"wp","href":"https:\/\/api.w.org\/{rel}","templated":true}]}}