{"id":737373,"date":"2025-03-03T16:36:15","date_gmt":"2025-03-03T15:36:15","guid":{"rendered":"https:\/\/stoic-curie.212-227-153-4.plesk.page\/producto\/hose-helly-hansen-chelsea-evolution-schwarz-groesse-48\/"},"modified":"2026-02-24T23:35:12","modified_gmt":"2026-02-24T23:35:12","slug":"hose-helly-hansen-chelsea-evolution-schwarz-groesse-48","status":"publish","type":"product","link":"https:\/\/stoic-curie.212-227-153-4.plesk.page\/de\/product\/hose-helly-hansen-chelsea-evolution-schwarz-groesse-48\/","title":{"rendered":"Hose Helly Hansen Chelsea Evolution Schwarz (Gr\u00f6\u00dfe 48)"},"content":{"rendered":"<p>Hose Helly Hansen Chelsea Evolution Schwarz (Gr\u00f6\u00dfe 48) &#8211; <\/p>\n<p>Die Helly Hansen Chelsea Evolution Service Hose bietet Langlebigkeit und hohen Komfort durch einen 4-Wege-Stretch in kritischen Bereichen, um volle Bewegungsfreiheit zu gew\u00e4hrleisten. Mit verst\u00e4rktem Stoff an den Knien und dem unteren Saum sch\u00fctzt sie den Tr\u00e4ger und die Hose vor t\u00e4glichen Abnutzungen. Sie verf\u00fcgt \u00fcber Handtaschen, Hammerhalteschlaufen, breite G\u00fcrtelschlaufen, Ges\u00e4\u00dftaschen, eine Oberschenkeltasche mit Schnappverschluss, Knieschutztaschen, die von innen zug\u00e4nglich sind, und die M\u00f6glichkeit, die Beinl\u00e4ngen um 5 cm zu verl\u00e4ngern.<\/p>\n","protected":false},"excerpt":{"rendered":"<p>Hose Helly Hansen Chelsea Evolution Schwarz (Gr\u00f6\u00dfe 48) &#8211; Die Helly Hansen Chelsea Evolution Service Hose bietet Langlebigkeit und hohen<\/p>\n","protected":false},"featured_media":5945936,"comment_status":"open","ping_status":"closed","template":"","meta":[],"product_brand":[3000],"product_cat":[1570],"product_tag":[],"class_list":{"0":"post-737373","1":"product","2":"type-product","3":"status-publish","4":"has-post-thumbnail","6":"product_brand-helly-hansen-de","7":"product_cat-nautische-bekleidung-helly-hansen","9":"first","10":"instock","11":"shipping-taxable","12":"purchasable","13":"product-type-simple"},"_links":{"self":[{"href":"https:\/\/stoic-curie.212-227-153-4.plesk.page\/de\/wp-json\/wp\/v2\/product\/737373","targetHints":{"allow":["GET"]}}],"collection":[{"href":"https:\/\/stoic-curie.212-227-153-4.plesk.page\/de\/wp-json\/wp\/v2\/product"}],"about":[{"href":"https:\/\/stoic-curie.212-227-153-4.plesk.page\/de\/wp-json\/wp\/v2\/types\/product"}],"replies":[{"embeddable":true,"href":"https:\/\/stoic-curie.212-227-153-4.plesk.page\/de\/wp-json\/wp\/v2\/comments?post=737373"}],"version-history":[{"count":0,"href":"https:\/\/stoic-curie.212-227-153-4.plesk.page\/de\/wp-json\/wp\/v2\/product\/737373\/revisions"}],"wp:featuredmedia":[{"embeddable":true,"href":"https:\/\/stoic-curie.212-227-153-4.plesk.page\/de\/wp-json\/wp\/v2\/media\/5945936"}],"wp:attachment":[{"href":"https:\/\/stoic-curie.212-227-153-4.plesk.page\/de\/wp-json\/wp\/v2\/media?parent=737373"}],"wp:term":[{"taxonomy":"product_brand","embeddable":true,"href":"https:\/\/stoic-curie.212-227-153-4.plesk.page\/de\/wp-json\/wp\/v2\/product_brand?post=737373"},{"taxonomy":"product_cat","embeddable":true,"href":"https:\/\/stoic-curie.212-227-153-4.plesk.page\/de\/wp-json\/wp\/v2\/product_cat?post=737373"},{"taxonomy":"product_tag","embeddable":true,"href":"https:\/\/stoic-curie.212-227-153-4.plesk.page\/de\/wp-json\/wp\/v2\/product_tag?post=737373"}],"curies":[{"name":"wp","href":"https:\/\/api.w.org\/{rel}","templated":true}]}}