{"id":737383,"date":"2025-03-03T16:36:17","date_gmt":"2025-03-03T15:36:17","guid":{"rendered":"https:\/\/stoic-curie.212-227-153-4.plesk.page\/producto\/edelstahl-drehverbinder-douglas-marine-10-12mm-12000kg\/"},"modified":"2026-02-24T23:35:12","modified_gmt":"2026-02-24T23:35:12","slug":"edelstahl-drehverbinder-douglas-marine-10-12mm-12000kg","status":"publish","type":"product","link":"https:\/\/stoic-curie.212-227-153-4.plesk.page\/de\/product\/edelstahl-drehverbinder-douglas-marine-10-12mm-12000kg\/","title":{"rendered":"Edelstahl-Drehverbinder Douglas Marine 10-12mm (12000kg)"},"content":{"rendered":"<p>Edelstahl-Drehverbinder Douglas Marine 10-12mm (12000kg) &#8211; <\/p>\n<p>Edelstahl Douglas verst\u00e4rkter Drehverbinder. Er gleitet reibungslos \u00fcber Ankerrollen und verhindert das Verhaken der Kette. Mit Sicherheitsstift und verst\u00e4rktem Antidrehgabel. 0123309 f\u00fcr Anker von 7 bis 17 Kg. 0123313 f\u00fcr Anker von 30 bis 50 Kg.<\/p>\n","protected":false},"excerpt":{"rendered":"<p>Edelstahl-Drehverbinder Douglas Marine 10-12mm (12000kg) &#8211; Edelstahl Douglas verst\u00e4rkter Drehverbinder. Er gleitet reibungslos \u00fcber Ankerrollen und verhindert das Verhaken der<\/p>\n","protected":false},"featured_media":5945980,"comment_status":"open","ping_status":"closed","template":"","meta":[],"product_brand":[2900],"product_cat":[1578],"product_tag":[],"class_list":{"0":"post-737383","1":"product","2":"type-product","3":"status-publish","4":"has-post-thumbnail","6":"product_brand-douglas-marine-de","7":"product_cat-ankerdrehgelenke","9":"first","10":"instock","11":"shipping-taxable","12":"purchasable","13":"product-type-simple"},"_links":{"self":[{"href":"https:\/\/stoic-curie.212-227-153-4.plesk.page\/de\/wp-json\/wp\/v2\/product\/737383","targetHints":{"allow":["GET"]}}],"collection":[{"href":"https:\/\/stoic-curie.212-227-153-4.plesk.page\/de\/wp-json\/wp\/v2\/product"}],"about":[{"href":"https:\/\/stoic-curie.212-227-153-4.plesk.page\/de\/wp-json\/wp\/v2\/types\/product"}],"replies":[{"embeddable":true,"href":"https:\/\/stoic-curie.212-227-153-4.plesk.page\/de\/wp-json\/wp\/v2\/comments?post=737383"}],"version-history":[{"count":0,"href":"https:\/\/stoic-curie.212-227-153-4.plesk.page\/de\/wp-json\/wp\/v2\/product\/737383\/revisions"}],"wp:featuredmedia":[{"embeddable":true,"href":"https:\/\/stoic-curie.212-227-153-4.plesk.page\/de\/wp-json\/wp\/v2\/media\/5945980"}],"wp:attachment":[{"href":"https:\/\/stoic-curie.212-227-153-4.plesk.page\/de\/wp-json\/wp\/v2\/media?parent=737383"}],"wp:term":[{"taxonomy":"product_brand","embeddable":true,"href":"https:\/\/stoic-curie.212-227-153-4.plesk.page\/de\/wp-json\/wp\/v2\/product_brand?post=737383"},{"taxonomy":"product_cat","embeddable":true,"href":"https:\/\/stoic-curie.212-227-153-4.plesk.page\/de\/wp-json\/wp\/v2\/product_cat?post=737383"},{"taxonomy":"product_tag","embeddable":true,"href":"https:\/\/stoic-curie.212-227-153-4.plesk.page\/de\/wp-json\/wp\/v2\/product_tag?post=737383"}],"curies":[{"name":"wp","href":"https:\/\/api.w.org\/{rel}","templated":true}]}}