{"id":737392,"date":"2025-03-03T16:36:19","date_gmt":"2025-03-03T15:36:19","guid":{"rendered":"https:\/\/stoic-curie.212-227-153-4.plesk.page\/producto\/keramikkocher-techimpex-torres-4-brenner-500-x-510-mm\/"},"modified":"2026-02-24T23:35:12","modified_gmt":"2026-02-24T23:35:12","slug":"keramikkocher-techimpex-torres-4-brenner-500-x-510-mm","status":"publish","type":"product","link":"https:\/\/stoic-curie.212-227-153-4.plesk.page\/de\/product\/keramikkocher-techimpex-torres-4-brenner-500-x-510-mm\/","title":{"rendered":"Keramikkocher Techimpex Torres 4-Brenner 500 x 510 mm"},"content":{"rendered":"<p>Keramikkocher Techimpex Torres 4-Brenner 500 x 510 mm &#8211; <\/p>\n<p>Integrierte Techimpex 220V Kochfelder mit gl\u00e4sernen Strahlungsplatten, Touch-Control-Sensoren und Geh\u00e4use aus Edelstahl. Ausgestattet mit einer Leistungsanzeige und einer Restw\u00e4rmeanzeige. Optionale Topfhalter mit Hitzeschild. Plattenleistung: Linosa 1200 + 1700W, Torres 1200 + 1200 + 1700 + 1700W<\/p>\n","protected":false},"excerpt":{"rendered":"<p>Keramikkocher Techimpex Torres 4-Brenner 500 x 510 mm &#8211; Integrierte Techimpex 220V Kochfelder mit gl\u00e4sernen Strahlungsplatten, Touch-Control-Sensoren und Geh\u00e4use aus<\/p>\n","protected":false},"featured_media":5945985,"comment_status":"open","ping_status":"closed","template":"","meta":[],"product_brand":[3460],"product_cat":[1354],"product_tag":[],"class_list":{"0":"post-737392","1":"product","2":"type-product","3":"status-publish","4":"has-post-thumbnail","6":"product_brand-techimpex-de","7":"product_cat-bootskocher","9":"first","10":"instock","11":"shipping-taxable","12":"purchasable","13":"product-type-simple"},"_links":{"self":[{"href":"https:\/\/stoic-curie.212-227-153-4.plesk.page\/de\/wp-json\/wp\/v2\/product\/737392","targetHints":{"allow":["GET"]}}],"collection":[{"href":"https:\/\/stoic-curie.212-227-153-4.plesk.page\/de\/wp-json\/wp\/v2\/product"}],"about":[{"href":"https:\/\/stoic-curie.212-227-153-4.plesk.page\/de\/wp-json\/wp\/v2\/types\/product"}],"replies":[{"embeddable":true,"href":"https:\/\/stoic-curie.212-227-153-4.plesk.page\/de\/wp-json\/wp\/v2\/comments?post=737392"}],"version-history":[{"count":0,"href":"https:\/\/stoic-curie.212-227-153-4.plesk.page\/de\/wp-json\/wp\/v2\/product\/737392\/revisions"}],"wp:featuredmedia":[{"embeddable":true,"href":"https:\/\/stoic-curie.212-227-153-4.plesk.page\/de\/wp-json\/wp\/v2\/media\/5945985"}],"wp:attachment":[{"href":"https:\/\/stoic-curie.212-227-153-4.plesk.page\/de\/wp-json\/wp\/v2\/media?parent=737392"}],"wp:term":[{"taxonomy":"product_brand","embeddable":true,"href":"https:\/\/stoic-curie.212-227-153-4.plesk.page\/de\/wp-json\/wp\/v2\/product_brand?post=737392"},{"taxonomy":"product_cat","embeddable":true,"href":"https:\/\/stoic-curie.212-227-153-4.plesk.page\/de\/wp-json\/wp\/v2\/product_cat?post=737392"},{"taxonomy":"product_tag","embeddable":true,"href":"https:\/\/stoic-curie.212-227-153-4.plesk.page\/de\/wp-json\/wp\/v2\/product_tag?post=737392"}],"curies":[{"name":"wp","href":"https:\/\/api.w.org\/{rel}","templated":true}]}}