{"id":737397,"date":"2025-03-03T16:36:21","date_gmt":"2025-03-03T15:36:21","guid":{"rendered":"https:\/\/stoic-curie.212-227-153-4.plesk.page\/producto\/edelstahlherd-techimpex-portofino-cl-2-brenner\/"},"modified":"2026-02-24T23:35:12","modified_gmt":"2026-02-24T23:35:12","slug":"edelstahlherd-techimpex-portofino-cl-2-brenner","status":"publish","type":"product","link":"https:\/\/stoic-curie.212-227-153-4.plesk.page\/de\/product\/edelstahlherd-techimpex-portofino-cl-2-brenner\/","title":{"rendered":"Edelstahl Kochtopf Techimpex Portofino Classic"},"content":{"rendered":"<p>Edelstahl Kochtopf Techimpex Portofino Classic &#8211; <\/p>\n<p style=\"color: rgb(34, 34, 34); font-family: Arial, Helvetica, sans-serif; font-size: small;\">Wir freuen uns, Ihnen die Techimpex Gasherde pr\u00e4sentieren zu d\u00fcrfen, die mit einem stabilen Edelstahlrahmen und einem emaillierten Ofen ausgestattet sind. Jede Einheit enth\u00e4lt wichtige Funktionen wie Thermoelemente, massive Messingbrennerkappen, einen Topfhalter, Gimbalen, einen Ofengrill, Doppelglas und ein Sicherheits-Schloss an der T\u00fcr. Zus\u00e4tzlich ist ein optionaler W\u00e4rmeschutz f\u00fcr mehr Sicherheit erh\u00e4ltlich.<\/p>\n<p style=\"color: rgb(34, 34, 34); font-family: Arial, Helvetica, sans-serif; font-size: small;\">Das Modell Portofino CLASSIC SHINY ist ein kompakter 2-flammiger Herd, der mit einem r\u00fcckseitigen Ofenbrenner ausgestattet ist. Jeder Brenner liefert eine Leistung von 2000W, w\u00e4hrend der Ofen mit 1550W arbeitet.<\/p>\n<p style=\"color: rgb(34, 34, 34); font-family: Arial, Helvetica, sans-serif; font-size: small;\">Zu den Hauptmerkmalen dieses Modells geh\u00f6ren:<\/p>\n<ul style=\"color: rgb(34, 34, 34); font-family: Arial, Helvetica, sans-serif; font-size: small;\">\n<li>Ein kompakter Doppelbrennerherd mit Ofen, Gimbalen und Topfhaltern, der 45 cm breit ist (bitte beachten Sie, dass seitliche W\u00e4rmeschutzvorrichtungen nicht enthalten sind).<\/li>\n<li>Flammen\u00fcberwachungseinrichtungen f\u00fcr alle Brenner, um einen sicheren Betrieb zu gew\u00e4hrleisten.<\/li>\n<li>Ein Ofenthermometer f\u00fcr pr\u00e4zises Kochen.<\/li>\n<\/ul>\n<p style=\"color: rgb(34, 34, 34); font-family: Arial, Helvetica, sans-serif; font-size: small;\">Dieser Herd ist eine hervorragende Wahl f\u00fcr die Zubereitung von Mahlzeiten auf einem Boot, mit folgenden Brennerleistungsbewertungen:<\/p>\n<ul style=\"color: rgb(34, 34, 34); font-family: Arial, Helvetica, sans-serif; font-size: small;\">\n<li>Gro\u00dfer Brenner: 2,3 kW<\/li>\n<li>Mittlerer Brenner: 1,7 kW<\/li>\n<li>Ofen: 1,44 kW<\/li>\n<\/ul>\n<p style=\"color: rgb(34, 34, 34); font-family: Arial, Helvetica, sans-serif; font-size: small;\">Das Gesamtgewicht des Ger\u00e4ts betr\u00e4gt 21 kg.<\/p>\n<p style=\"color: rgb(34, 34, 34); font-family: Arial, Helvetica, sans-serif; font-size: small;\">Entdecken Sie die Bequemlichkeit und Effizienz unseres kompakten Doppelbrennerherds, der speziell f\u00fcr das Kochen auf Booten entwickelt wurde.<\/p>\n","protected":false},"excerpt":{"rendered":"<p>Edelstahl Kochtopf Techimpex Portofino Classic &#8211; Wir freuen uns, Ihnen die Techimpex Gasherde pr\u00e4sentieren zu d\u00fcrfen, die mit einem stabilen<\/p>\n","protected":false},"featured_media":5945991,"comment_status":"open","ping_status":"closed","template":"","meta":[],"product_brand":[3460],"product_cat":[1354],"product_tag":[],"class_list":{"0":"post-737397","1":"product","2":"type-product","3":"status-publish","4":"has-post-thumbnail","6":"product_brand-techimpex-de","7":"product_cat-bootskocher","9":"first","10":"instock","11":"shipping-taxable","12":"purchasable","13":"product-type-simple"},"_links":{"self":[{"href":"https:\/\/stoic-curie.212-227-153-4.plesk.page\/de\/wp-json\/wp\/v2\/product\/737397","targetHints":{"allow":["GET"]}}],"collection":[{"href":"https:\/\/stoic-curie.212-227-153-4.plesk.page\/de\/wp-json\/wp\/v2\/product"}],"about":[{"href":"https:\/\/stoic-curie.212-227-153-4.plesk.page\/de\/wp-json\/wp\/v2\/types\/product"}],"replies":[{"embeddable":true,"href":"https:\/\/stoic-curie.212-227-153-4.plesk.page\/de\/wp-json\/wp\/v2\/comments?post=737397"}],"version-history":[{"count":0,"href":"https:\/\/stoic-curie.212-227-153-4.plesk.page\/de\/wp-json\/wp\/v2\/product\/737397\/revisions"}],"wp:featuredmedia":[{"embeddable":true,"href":"https:\/\/stoic-curie.212-227-153-4.plesk.page\/de\/wp-json\/wp\/v2\/media\/5945991"}],"wp:attachment":[{"href":"https:\/\/stoic-curie.212-227-153-4.plesk.page\/de\/wp-json\/wp\/v2\/media?parent=737397"}],"wp:term":[{"taxonomy":"product_brand","embeddable":true,"href":"https:\/\/stoic-curie.212-227-153-4.plesk.page\/de\/wp-json\/wp\/v2\/product_brand?post=737397"},{"taxonomy":"product_cat","embeddable":true,"href":"https:\/\/stoic-curie.212-227-153-4.plesk.page\/de\/wp-json\/wp\/v2\/product_cat?post=737397"},{"taxonomy":"product_tag","embeddable":true,"href":"https:\/\/stoic-curie.212-227-153-4.plesk.page\/de\/wp-json\/wp\/v2\/product_tag?post=737397"}],"curies":[{"name":"wp","href":"https:\/\/api.w.org\/{rel}","templated":true}]}}