{"id":737399,"date":"2025-03-03T16:36:21","date_gmt":"2025-03-03T15:36:21","guid":{"rendered":"https:\/\/stoic-curie.212-227-153-4.plesk.page\/producto\/marine-herd-techimpex-maratea-xl-3-brenner\/"},"modified":"2026-02-24T23:35:12","modified_gmt":"2026-02-24T23:35:12","slug":"marine-herd-techimpex-maratea-xl-3-brenner","status":"publish","type":"product","link":"https:\/\/stoic-curie.212-227-153-4.plesk.page\/de\/product\/marine-herd-techimpex-maratea-xl-3-brenner\/","title":{"rendered":"Edelstahl Kochtopf Techimpex Maratea XL3"},"content":{"rendered":"<p>Edelstahl Kochtopf Techimpex Maratea XL3 &#8211; <\/p>\n<p style=\"color: rgb(34, 34, 34); font-family: Arial, Helvetica, sans-serif; font-size: small;\">Wir pr\u00e4sentieren den Marine Cooker Techimpex Maratea XL3, der f\u00fcr Ihre Bootsbed\u00fcrfnisse konzipiert ist mit Abmessungen von 500 x 480 x H460 mm. Dieser Kocher verf\u00fcgt \u00fcber ein robustes Edelstahlgestell und einen emailierten Ofen, die Langlebigkeit und Benutzerfreundlichkeit gew\u00e4hrleisten. Er ist ausgestattet mit Thermoelementen, stabilen Messingbrenndeckeln, einem Topfhalter, Gimbalen, einem Ofenrost, Doppelverglasung und einem Sicherheitsschloss f\u00fcr die T\u00fcr.<\/p>\n<p style=\"color: rgb(34, 34, 34); font-family: Arial, Helvetica, sans-serif; font-size: small;\">Das EXTRAGROSS-Modell bietet drei Brenner, eine ger\u00e4umige Kochplatte und einen Ofen, die Ihnen einen Kochkomfort bieten, der dem zuhause \u00e4hnelt. Die Kochplatte ist leicht zu reinigen, und die Messingbrenner bieten unterschiedliche Heizleistungen: ein Hochleistungsbrenner mit 2,3 kW, ein Standardbrenner mit 1,7 kW und ein Hilfsbrenner mit 1,0 kW. Der Ofenbrenner arbeitet ebenfalls mit 1,7 kW.<\/p>\n<p style=\"color: rgb(34, 34, 34); font-family: Arial, Helvetica, sans-serif; font-size: small;\">Dieser Herd zeichnet sich durch ein Design mit drei Brennern und einem Ofen aus. Das gesamte Geh\u00e4use besteht aus Edelstahl, und die Ofent\u00fcr enth\u00e4lt ein isoliertes Glasfenster, ein Schloss und ein Temperaturmessger\u00e4t. Der z\u00fcndungsgesch\u00fctzte Brenner arbeitet bei einem Eingangsdruck von 30 mbar und der Herd ist sicherheitszertifiziert (CE).<\/p>\n<p style=\"color: rgb(34, 34, 34); font-family: Arial, Helvetica, sans-serif; font-size: small;\">Im Lieferumfang enthalten sind:<\/p>\n<ul style=\"color: rgb(34, 34, 34); font-family: Arial, Helvetica, sans-serif; font-size: small;\">\n<li>Eine verzinkte Halterung mit Hafenverschluss<\/li>\n<li>Zwei Paar Topfhalter<\/li>\n<li>Ein Ofenrost<\/li>\n<li>Eine abnehmbare Bodenplatte zur einfachen Reinigung<\/li>\n<\/ul>\n<p style=\"color: rgb(34, 34, 34); font-family: Arial, Helvetica, sans-serif; font-size: small;\">Erleben Sie den Komfort und die Zuverl\u00e4ssigkeit des Techimpex Maratea XL3 f\u00fcr all Ihre Kochbed\u00fcrfnisse auf dem Wasser.<\/p>\n","protected":false},"excerpt":{"rendered":"<p>Edelstahl Kochtopf Techimpex Maratea XL3 &#8211; Wir pr\u00e4sentieren den Marine Cooker Techimpex Maratea XL3, der f\u00fcr Ihre Bootsbed\u00fcrfnisse konzipiert ist<\/p>\n","protected":false},"featured_media":5945997,"comment_status":"open","ping_status":"closed","template":"","meta":[],"product_brand":[3460],"product_cat":[1354],"product_tag":[],"class_list":{"0":"post-737399","1":"product","2":"type-product","3":"status-publish","4":"has-post-thumbnail","6":"product_brand-techimpex-de","7":"product_cat-bootskocher","9":"first","10":"instock","11":"shipping-taxable","12":"purchasable","13":"product-type-simple"},"_links":{"self":[{"href":"https:\/\/stoic-curie.212-227-153-4.plesk.page\/de\/wp-json\/wp\/v2\/product\/737399","targetHints":{"allow":["GET"]}}],"collection":[{"href":"https:\/\/stoic-curie.212-227-153-4.plesk.page\/de\/wp-json\/wp\/v2\/product"}],"about":[{"href":"https:\/\/stoic-curie.212-227-153-4.plesk.page\/de\/wp-json\/wp\/v2\/types\/product"}],"replies":[{"embeddable":true,"href":"https:\/\/stoic-curie.212-227-153-4.plesk.page\/de\/wp-json\/wp\/v2\/comments?post=737399"}],"version-history":[{"count":0,"href":"https:\/\/stoic-curie.212-227-153-4.plesk.page\/de\/wp-json\/wp\/v2\/product\/737399\/revisions"}],"wp:featuredmedia":[{"embeddable":true,"href":"https:\/\/stoic-curie.212-227-153-4.plesk.page\/de\/wp-json\/wp\/v2\/media\/5945997"}],"wp:attachment":[{"href":"https:\/\/stoic-curie.212-227-153-4.plesk.page\/de\/wp-json\/wp\/v2\/media?parent=737399"}],"wp:term":[{"taxonomy":"product_brand","embeddable":true,"href":"https:\/\/stoic-curie.212-227-153-4.plesk.page\/de\/wp-json\/wp\/v2\/product_brand?post=737399"},{"taxonomy":"product_cat","embeddable":true,"href":"https:\/\/stoic-curie.212-227-153-4.plesk.page\/de\/wp-json\/wp\/v2\/product_cat?post=737399"},{"taxonomy":"product_tag","embeddable":true,"href":"https:\/\/stoic-curie.212-227-153-4.plesk.page\/de\/wp-json\/wp\/v2\/product_tag?post=737399"}],"curies":[{"name":"wp","href":"https:\/\/api.w.org\/{rel}","templated":true}]}}