{"id":737408,"date":"2025-03-03T16:36:23","date_gmt":"2025-03-03T15:36:23","guid":{"rendered":"https:\/\/stoic-curie.212-227-153-4.plesk.page\/producto\/batterieladegeraet-dometic-mca1235-12v-35a\/"},"modified":"2026-02-24T23:35:12","modified_gmt":"2026-02-24T23:35:12","slug":"batterieladegeraet-dometic-mca1235-12v-35a","status":"publish","type":"product","link":"https:\/\/stoic-curie.212-227-153-4.plesk.page\/de\/product\/batterieladegeraet-dometic-mca1235-12v-35a\/","title":{"rendered":"Batterieladeger\u00e4t Dometic MCA1235 12V 35A"},"content":{"rendered":"<p>Batterieladeger\u00e4t Dometic MCA1235 12V 35A &#8211; <\/p>\n<p>Kompakte und leichte Dometic PerfectCharge Batterieladeger\u00e4te, ideal f\u00fcr alle Arten von Blei-S\u00e4ure-Batterien (fl\u00fcssig, AGM oder Gel). Sie f\u00fchren eine schnelle und vollst\u00e4ndige Aufladung mit der 6-stufigen IUOU-Technologie durch und halten die Batterien geladen. Komplett mit CI BUS-Schnittstelle f\u00fcr eine vollst\u00e4ndige Integration in die Bordelektronik. Alle Ladeger\u00e4te verf\u00fcgen \u00fcber einen zus\u00e4tzlichen Ausgang (+1) f\u00fcr die Starterbatterie. 90-260V Stromversorgung.<\/p>\n","protected":false},"excerpt":{"rendered":"<p>Batterieladeger\u00e4t Dometic MCA1235 12V 35A &#8211; Kompakte und leichte Dometic PerfectCharge Batterieladeger\u00e4te, ideal f\u00fcr alle Arten von Blei-S\u00e4ure-Batterien (fl\u00fcssig, AGM<\/p>\n","protected":false},"featured_media":5946004,"comment_status":"open","ping_status":"closed","template":"","meta":[],"product_brand":[2895],"product_cat":[1450],"product_tag":[],"class_list":{"0":"post-737408","1":"product","2":"type-product","3":"status-publish","4":"has-post-thumbnail","6":"product_brand-dometic-de","7":"product_cat-batterieladegeraete","9":"first","10":"instock","11":"shipping-taxable","12":"purchasable","13":"product-type-simple"},"_links":{"self":[{"href":"https:\/\/stoic-curie.212-227-153-4.plesk.page\/de\/wp-json\/wp\/v2\/product\/737408","targetHints":{"allow":["GET"]}}],"collection":[{"href":"https:\/\/stoic-curie.212-227-153-4.plesk.page\/de\/wp-json\/wp\/v2\/product"}],"about":[{"href":"https:\/\/stoic-curie.212-227-153-4.plesk.page\/de\/wp-json\/wp\/v2\/types\/product"}],"replies":[{"embeddable":true,"href":"https:\/\/stoic-curie.212-227-153-4.plesk.page\/de\/wp-json\/wp\/v2\/comments?post=737408"}],"version-history":[{"count":0,"href":"https:\/\/stoic-curie.212-227-153-4.plesk.page\/de\/wp-json\/wp\/v2\/product\/737408\/revisions"}],"wp:featuredmedia":[{"embeddable":true,"href":"https:\/\/stoic-curie.212-227-153-4.plesk.page\/de\/wp-json\/wp\/v2\/media\/5946004"}],"wp:attachment":[{"href":"https:\/\/stoic-curie.212-227-153-4.plesk.page\/de\/wp-json\/wp\/v2\/media?parent=737408"}],"wp:term":[{"taxonomy":"product_brand","embeddable":true,"href":"https:\/\/stoic-curie.212-227-153-4.plesk.page\/de\/wp-json\/wp\/v2\/product_brand?post=737408"},{"taxonomy":"product_cat","embeddable":true,"href":"https:\/\/stoic-curie.212-227-153-4.plesk.page\/de\/wp-json\/wp\/v2\/product_cat?post=737408"},{"taxonomy":"product_tag","embeddable":true,"href":"https:\/\/stoic-curie.212-227-153-4.plesk.page\/de\/wp-json\/wp\/v2\/product_tag?post=737408"}],"curies":[{"name":"wp","href":"https:\/\/api.w.org\/{rel}","templated":true}]}}