{"id":737411,"date":"2025-03-03T16:36:23","date_gmt":"2025-03-03T15:36:23","guid":{"rendered":"https:\/\/stoic-curie.212-227-153-4.plesk.page\/producto\/satellitenfernsehantenne-glomex-pandora-42-x-h45cm\/"},"modified":"2026-02-24T23:35:12","modified_gmt":"2026-02-24T23:35:12","slug":"satellitenfernsehantenne-glomex-pandora-42-x-h45cm","status":"publish","type":"product","link":"https:\/\/stoic-curie.212-227-153-4.plesk.page\/de\/product\/satellitenfernsehantenne-glomex-pandora-42-x-h45cm\/","title":{"rendered":"Satellitenfernsehantenne Glomex Pandora"},"content":{"rendered":"<p>Satellitenfernsehantenne Glomex Pandora &#8211; <\/p>\n<p style=\"color: rgb(34, 34, 34); font-family: Arial, Helvetica, sans-serif; font-size: small;\">Wir pr\u00e4sentieren die Glomex Pandora NEO Antenne, ein gyro-stabilisierte Satellitensystem, das Full-HD DVB-S2 4K TV-Signale liefert. Diese fortschrittliche Antenne verf\u00fcgt \u00fcber eine 39 cm gro\u00dfe parabolische Sch\u00fcssel und arbeitet mit niedrigem Energieverbrauch (1,5 A bei 12 V). Ihre au\u00dfergew\u00f6hnliche Leistung beruht auf innovativer Signalforschung, dem ger\u00e4uscharmen Tracking-Betrieb (STO) und fortschrittlicher Elektronik, die Qualit\u00e4tsverluste aufgrund der steigenden Anzahl der Satelliten in der Erdumlaufbahn ausgleicht.<\/p>\n<p style=\"color: rgb(34, 34, 34); font-family: Arial, Helvetica, sans-serif; font-size: small;\">Die Antenne besitzt einen Elevationsbereich von 0\u00b0 bis +90\u00b0, wodurch eine zuverl\u00e4ssige Signalempfang auch an den R\u00e4ndern des Deckungsbereichs gew\u00e4hrleistet wird. Sie enth\u00e4lt einen TV-Ausgang und ist einfach zu installieren, da sie mit einem 10 m langen Koaxialkabel, einem Antennenverl\u00e4ngerungskabel und einer Steuereinheit geliefert wird. Der leere Zwillingsradom wird ebenfalls mit Schrauben und einem Gummidichtungsring bereitgestellt. Die vollst\u00e4ndig automatische, selbstverfolgende Pandora NEO Marine-Satelliten-TV-Antenne von Glomex garantiert hervorragenden Sehvergn\u00fcgen, egal ob Sie auf See w\u00e4hrend eines Sturms, im Ankerbereich oder im Hafen sind. Ihr kompaktes Design macht sie besonders geeignet f\u00fcr kleinere Wasserfahrzeuge mit begrenztem Platzangebot. Die Antenne ist vorprogrammiert, um eine Verbindung zu drei Satelliten herzustellen: ASTRA1, ASTRA2 und HOTBIRD.<\/p>\n<p style=\"color: rgb(34, 34, 34); font-family: Arial, Helvetica, sans-serif; font-size: small;\"><strong>Einfacher Einbau und kabellose Konfiguration<\/strong><br \/>Die Installation ist einfach und erfordert nur ein Kabel f\u00fcr den Anschluss der Steuereinheit an die Antenne, das auch die Stromversorgung \u00fcbernimmt. Die Pandora NEO Antenne bietet kabellose Kompatibilit\u00e4t, die eine schnelle und einfache Konfiguration \u00fcber die Glomex-App erm\u00f6glicht. So k\u00f6nnen Sie Ihr TV-Erlebnis an Bord in k\u00fcrzester Zeit genie\u00dfen.<\/p>\n<p style=\"color: rgb(34, 34, 34); font-family: Arial, Helvetica, sans-serif; font-size: small;\"><strong>Integriertes GPS und Bluetooth<\/strong><br \/>Die Glomex NEO Satellitenantennen sind mit einer integrierten GPS-Antenne ausgestattet, die pr\u00e4zise Standortdaten f\u00fcr eine optimale Ausrichtung liefert und dabei eine stabile TV-Empfangsqualit\u00e4t w\u00e4hrend der Bewegung sicherstellt. Dar\u00fcber hinaus erm\u00f6glicht die Bluetooth-Funktion die bequeme Einrichtung und Verwaltung der Antenne \u00fcber Ihr Smartphone oder Tablet. Sie k\u00f6nnen Ihre Glomex NEO Satellitenantenne auch auf dem neuesten Stand halten, indem Sie Firmware-Updates online herunterladen und \u00fcber die Glomex NEO-App \u00fcbertragen.<\/p>\n<p style=\"color: rgb(34, 34, 34); font-family: Arial, Helvetica, sans-serif; font-size: small;\"><strong>Technische Daten<\/strong><\/p>\n<ul style=\"color: rgb(34, 34, 34); font-family: Arial, Helvetica, sans-serif; font-size: small;\">\n<li>Durchmesser der Sch\u00fcssel: 39 cm<\/li>\n<li>Radomgr\u00f6\u00dfe: 42 x 45 cm<\/li>\n<li>Gewicht der Antenne: 6,0 kg<\/li>\n<li>Einschaltverlauf: 50\u00b0\/Sek.<\/li>\n<li>Gain: 33 dB bei 12 GHz<\/li>\n<li>Stromversorgung: 12 V DC<\/li>\n<li>Stromverbrauch: 1,5 A<\/li>\n<li>Betriebstemperatur: -20 \u00b0C bis +55 \u00b0C<\/li>\n<li>Azimut-Drehbereich: Unbegrenzt<\/li>\n<li>LNB: 1<\/li>\n<li>Autoskew: Nein<\/li>\n<\/ul>\n<p style=\"color: rgb(34, 34, 34); font-family: Arial, Helvetica, sans-serif; font-size: small;\">Die Glomex Pandora NEO Antenne ist die ideale L\u00f6sung f\u00fcr Bootseigent\u00fcmer, die auf zuverl\u00e4ssigen, hochwertigen Satelliten-TV-Empfang angewiesen sind und daf\u00fcr sorgen, dass Sie auf Ihren Abenteuern nie ohne Unterhaltung sind.<\/p>\n","protected":false},"excerpt":{"rendered":"<p>Satellitenfernsehantenne Glomex Pandora &#8211; Wir pr\u00e4sentieren die Glomex Pandora NEO Antenne, ein gyro-stabilisierte Satellitensystem, das Full-HD DVB-S2 4K TV-Signale liefert.<\/p>\n","protected":false},"featured_media":5946014,"comment_status":"open","ping_status":"closed","template":"","meta":[],"product_brand":[2980],"product_cat":[1467],"product_tag":[],"class_list":{"0":"post-737411","1":"product","2":"type-product","3":"status-publish","4":"has-post-thumbnail","6":"product_brand-glomex-de","7":"product_cat-tv-antennen","9":"first","10":"instock","11":"shipping-taxable","12":"purchasable","13":"product-type-simple"},"_links":{"self":[{"href":"https:\/\/stoic-curie.212-227-153-4.plesk.page\/de\/wp-json\/wp\/v2\/product\/737411","targetHints":{"allow":["GET"]}}],"collection":[{"href":"https:\/\/stoic-curie.212-227-153-4.plesk.page\/de\/wp-json\/wp\/v2\/product"}],"about":[{"href":"https:\/\/stoic-curie.212-227-153-4.plesk.page\/de\/wp-json\/wp\/v2\/types\/product"}],"replies":[{"embeddable":true,"href":"https:\/\/stoic-curie.212-227-153-4.plesk.page\/de\/wp-json\/wp\/v2\/comments?post=737411"}],"version-history":[{"count":0,"href":"https:\/\/stoic-curie.212-227-153-4.plesk.page\/de\/wp-json\/wp\/v2\/product\/737411\/revisions"}],"wp:featuredmedia":[{"embeddable":true,"href":"https:\/\/stoic-curie.212-227-153-4.plesk.page\/de\/wp-json\/wp\/v2\/media\/5946014"}],"wp:attachment":[{"href":"https:\/\/stoic-curie.212-227-153-4.plesk.page\/de\/wp-json\/wp\/v2\/media?parent=737411"}],"wp:term":[{"taxonomy":"product_brand","embeddable":true,"href":"https:\/\/stoic-curie.212-227-153-4.plesk.page\/de\/wp-json\/wp\/v2\/product_brand?post=737411"},{"taxonomy":"product_cat","embeddable":true,"href":"https:\/\/stoic-curie.212-227-153-4.plesk.page\/de\/wp-json\/wp\/v2\/product_cat?post=737411"},{"taxonomy":"product_tag","embeddable":true,"href":"https:\/\/stoic-curie.212-227-153-4.plesk.page\/de\/wp-json\/wp\/v2\/product_tag?post=737411"}],"curies":[{"name":"wp","href":"https:\/\/api.w.org\/{rel}","templated":true}]}}