{"id":737414,"date":"2025-03-03T16:36:24","date_gmt":"2025-03-03T15:36:24","guid":{"rendered":"https:\/\/stoic-curie.212-227-153-4.plesk.page\/producto\/aufblasbare-rettungsweste-helly-hansen-inshore-150n-blau\/"},"modified":"2026-02-24T23:35:12","modified_gmt":"2026-02-24T23:35:12","slug":"aufblasbare-rettungsweste-helly-hansen-inshore-150n-blau","status":"publish","type":"product","link":"https:\/\/stoic-curie.212-227-153-4.plesk.page\/de\/product\/aufblasbare-rettungsweste-helly-hansen-inshore-150n-blau\/","title":{"rendered":"Aufblasbare Rettungsweste Helly Hansen Inshore 150N Blau"},"content":{"rendered":"<p>Aufblasbare Rettungsweste Helly Hansen Inshore 150N Blau &#8211; <\/p>\n<p>170N Helly Hansen Inshore EN-ISO12402-3 Aufblasbare Schwimmweste, genehmigt f\u00fcr Freizeitboote innerhalb und au\u00dferhalb von 6 Seemeilen von der K\u00fcste. Leichtgewichtig, ausgestattet mit dem Gurtzeug EN-ISO12401 SailSafe und automatischer UML-Systemaktivierung. Eine Gr\u00f6\u00dfe f\u00fcr Personen \u00fcber 40 kg.<\/p>\n","protected":false},"excerpt":{"rendered":"<p>Aufblasbare Rettungsweste Helly Hansen Inshore 150N Blau &#8211; 170N Helly Hansen Inshore EN-ISO12402-3 Aufblasbare Schwimmweste, genehmigt f\u00fcr Freizeitboote innerhalb und<\/p>\n","protected":false},"featured_media":5946019,"comment_status":"open","ping_status":"closed","template":"","meta":[],"product_brand":[3000],"product_cat":[1570,1314],"product_tag":[],"class_list":{"0":"post-737414","1":"product","2":"type-product","3":"status-publish","4":"has-post-thumbnail","6":"product_brand-helly-hansen-de","7":"product_cat-nautische-bekleidung-helly-hansen","8":"product_cat-zugelassene-rettungswesten","10":"first","11":"instock","12":"shipping-taxable","13":"purchasable","14":"product-type-simple"},"_links":{"self":[{"href":"https:\/\/stoic-curie.212-227-153-4.plesk.page\/de\/wp-json\/wp\/v2\/product\/737414","targetHints":{"allow":["GET"]}}],"collection":[{"href":"https:\/\/stoic-curie.212-227-153-4.plesk.page\/de\/wp-json\/wp\/v2\/product"}],"about":[{"href":"https:\/\/stoic-curie.212-227-153-4.plesk.page\/de\/wp-json\/wp\/v2\/types\/product"}],"replies":[{"embeddable":true,"href":"https:\/\/stoic-curie.212-227-153-4.plesk.page\/de\/wp-json\/wp\/v2\/comments?post=737414"}],"version-history":[{"count":0,"href":"https:\/\/stoic-curie.212-227-153-4.plesk.page\/de\/wp-json\/wp\/v2\/product\/737414\/revisions"}],"wp:featuredmedia":[{"embeddable":true,"href":"https:\/\/stoic-curie.212-227-153-4.plesk.page\/de\/wp-json\/wp\/v2\/media\/5946019"}],"wp:attachment":[{"href":"https:\/\/stoic-curie.212-227-153-4.plesk.page\/de\/wp-json\/wp\/v2\/media?parent=737414"}],"wp:term":[{"taxonomy":"product_brand","embeddable":true,"href":"https:\/\/stoic-curie.212-227-153-4.plesk.page\/de\/wp-json\/wp\/v2\/product_brand?post=737414"},{"taxonomy":"product_cat","embeddable":true,"href":"https:\/\/stoic-curie.212-227-153-4.plesk.page\/de\/wp-json\/wp\/v2\/product_cat?post=737414"},{"taxonomy":"product_tag","embeddable":true,"href":"https:\/\/stoic-curie.212-227-153-4.plesk.page\/de\/wp-json\/wp\/v2\/product_tag?post=737414"}],"curies":[{"name":"wp","href":"https:\/\/api.w.org\/{rel}","templated":true}]}}