{"id":737417,"date":"2025-03-03T16:36:25","date_gmt":"2025-03-03T15:36:25","guid":{"rendered":"https:\/\/stoic-curie.212-227-153-4.plesk.page\/producto\/mooring-gurt-12-m-douglas-marine-bis-zu-11-800-kg\/"},"modified":"2026-02-24T23:35:12","modified_gmt":"2026-02-24T23:35:12","slug":"mooring-gurt-12-m-douglas-marine-bis-zu-11-800-kg","status":"publish","type":"product","link":"https:\/\/stoic-curie.212-227-153-4.plesk.page\/de\/product\/mooring-gurt-12-m-douglas-marine-bis-zu-11-800-kg\/","title":{"rendered":"Mooring-Gurt 1,2 m Douglas Marine bis zu 11.800 kg"},"content":{"rendered":"<p>Mooring-Gurt 1,2 m Douglas Marine bis zu 11.800 kg &#8211; <\/p>\n<p>Verschlei\u00dffeste Festmacherb\u00e4nder mit einer sehr hohen Bruchlast (11800 Kg). Ideal f\u00fcr Mooring-Punkte, an denen das Seil durch Abrieb besch\u00e4digt werden k\u00f6nnte. Einfach zu verwenden, erm\u00f6glichen sie eine schnelle Festmachung mit Augensplice.<\/p>\n","protected":false},"excerpt":{"rendered":"<p>Mooring-Gurt 1,2 m Douglas Marine bis zu 11.800 kg &#8211; Verschlei\u00dffeste Festmacherb\u00e4nder mit einer sehr hohen Bruchlast (11800 Kg). Ideal<\/p>\n","protected":false},"featured_media":5946027,"comment_status":"open","ping_status":"closed","template":"","meta":[],"product_brand":[2900],"product_cat":[1337],"product_tag":[],"class_list":{"0":"post-737417","1":"product","2":"type-product","3":"status-publish","4":"has-post-thumbnail","6":"product_brand-douglas-marine-de","7":"product_cat-anlegefendern-stossdaempfer","9":"first","10":"instock","11":"shipping-taxable","12":"purchasable","13":"product-type-simple"},"_links":{"self":[{"href":"https:\/\/stoic-curie.212-227-153-4.plesk.page\/de\/wp-json\/wp\/v2\/product\/737417","targetHints":{"allow":["GET"]}}],"collection":[{"href":"https:\/\/stoic-curie.212-227-153-4.plesk.page\/de\/wp-json\/wp\/v2\/product"}],"about":[{"href":"https:\/\/stoic-curie.212-227-153-4.plesk.page\/de\/wp-json\/wp\/v2\/types\/product"}],"replies":[{"embeddable":true,"href":"https:\/\/stoic-curie.212-227-153-4.plesk.page\/de\/wp-json\/wp\/v2\/comments?post=737417"}],"version-history":[{"count":0,"href":"https:\/\/stoic-curie.212-227-153-4.plesk.page\/de\/wp-json\/wp\/v2\/product\/737417\/revisions"}],"wp:featuredmedia":[{"embeddable":true,"href":"https:\/\/stoic-curie.212-227-153-4.plesk.page\/de\/wp-json\/wp\/v2\/media\/5946027"}],"wp:attachment":[{"href":"https:\/\/stoic-curie.212-227-153-4.plesk.page\/de\/wp-json\/wp\/v2\/media?parent=737417"}],"wp:term":[{"taxonomy":"product_brand","embeddable":true,"href":"https:\/\/stoic-curie.212-227-153-4.plesk.page\/de\/wp-json\/wp\/v2\/product_brand?post=737417"},{"taxonomy":"product_cat","embeddable":true,"href":"https:\/\/stoic-curie.212-227-153-4.plesk.page\/de\/wp-json\/wp\/v2\/product_cat?post=737417"},{"taxonomy":"product_tag","embeddable":true,"href":"https:\/\/stoic-curie.212-227-153-4.plesk.page\/de\/wp-json\/wp\/v2\/product_tag?post=737417"}],"curies":[{"name":"wp","href":"https:\/\/api.w.org\/{rel}","templated":true}]}}