{"id":737421,"date":"2025-03-03T16:36:25","date_gmt":"2025-03-03T15:36:25","guid":{"rendered":"https:\/\/stoic-curie.212-227-153-4.plesk.page\/producto\/marinebatterie-vetus-smf-70-ah\/"},"modified":"2026-02-24T23:35:12","modified_gmt":"2026-02-24T23:35:12","slug":"marinebatterie-vetus-smf-70-ah","status":"publish","type":"product","link":"https:\/\/stoic-curie.212-227-153-4.plesk.page\/de\/product\/marinebatterie-vetus-smf-70-ah\/","title":{"rendered":"Marinebatterie Vetus SMF 70 Ah"},"content":{"rendered":"<p>Marinebatterie Vetus SMF 70 Ah &#8211; <\/p>\n<p>Die Vetus SMF (wartungsfreie, hermetisch abgedichtete) Batterien erfordern keine Wartung. Sie sind f\u00fcr den maritimen Einsatz konzipiert und haben eine geringe Selbstentladung, wodurch sie sich ideal f\u00fcr den Neustart des Motors zu Beginn der n\u00e4chsten Saison eignen. Hergestellt mit Blei-Calcium-Platten, die den Wasserverbrauch reduzieren und alle w\u00e4hrend des Gebrauchs entstandenen Gase regenerieren.<\/p>\n","protected":false},"excerpt":{"rendered":"<p>Marinebatterie Vetus SMF 70 Ah &#8211; Die Vetus SMF (wartungsfreie, hermetisch abgedichtete) Batterien erfordern keine Wartung. Sie sind f\u00fcr den<\/p>\n","protected":false},"featured_media":5946030,"comment_status":"open","ping_status":"closed","template":"","meta":[],"product_brand":[3520],"product_cat":[1442],"product_tag":[],"class_list":{"0":"post-737421","1":"product","2":"type-product","3":"status-publish","4":"has-post-thumbnail","6":"product_brand-vetus-de","7":"product_cat-bootsbatterien","9":"first","10":"instock","11":"shipping-taxable","12":"purchasable","13":"product-type-simple"},"_links":{"self":[{"href":"https:\/\/stoic-curie.212-227-153-4.plesk.page\/de\/wp-json\/wp\/v2\/product\/737421","targetHints":{"allow":["GET"]}}],"collection":[{"href":"https:\/\/stoic-curie.212-227-153-4.plesk.page\/de\/wp-json\/wp\/v2\/product"}],"about":[{"href":"https:\/\/stoic-curie.212-227-153-4.plesk.page\/de\/wp-json\/wp\/v2\/types\/product"}],"replies":[{"embeddable":true,"href":"https:\/\/stoic-curie.212-227-153-4.plesk.page\/de\/wp-json\/wp\/v2\/comments?post=737421"}],"version-history":[{"count":0,"href":"https:\/\/stoic-curie.212-227-153-4.plesk.page\/de\/wp-json\/wp\/v2\/product\/737421\/revisions"}],"wp:featuredmedia":[{"embeddable":true,"href":"https:\/\/stoic-curie.212-227-153-4.plesk.page\/de\/wp-json\/wp\/v2\/media\/5946030"}],"wp:attachment":[{"href":"https:\/\/stoic-curie.212-227-153-4.plesk.page\/de\/wp-json\/wp\/v2\/media?parent=737421"}],"wp:term":[{"taxonomy":"product_brand","embeddable":true,"href":"https:\/\/stoic-curie.212-227-153-4.plesk.page\/de\/wp-json\/wp\/v2\/product_brand?post=737421"},{"taxonomy":"product_cat","embeddable":true,"href":"https:\/\/stoic-curie.212-227-153-4.plesk.page\/de\/wp-json\/wp\/v2\/product_cat?post=737421"},{"taxonomy":"product_tag","embeddable":true,"href":"https:\/\/stoic-curie.212-227-153-4.plesk.page\/de\/wp-json\/wp\/v2\/product_tag?post=737421"}],"curies":[{"name":"wp","href":"https:\/\/api.w.org\/{rel}","templated":true}]}}