{"id":737428,"date":"2025-03-03T16:36:27","date_gmt":"2025-03-03T15:36:27","guid":{"rendered":"https:\/\/stoic-curie.212-227-153-4.plesk.page\/producto\/vhf-icom-ic-m94de\/"},"modified":"2026-02-24T23:35:12","modified_gmt":"2026-02-24T23:35:12","slug":"vhf-icom-ic-m94de","status":"publish","type":"product","link":"https:\/\/stoic-curie.212-227-153-4.plesk.page\/de\/product\/vhf-icom-ic-m94de\/","title":{"rendered":"VHF Icom IC-M94DE"},"content":{"rendered":"<p>VHF Icom IC-M94DE &#8211; <\/p>\n<p>Tragbares VHF ICOM IC-M94DE mit Klasse H DSC sowie integrierten AIS- und GPS-Empf\u00e4ngern. Schlanke und ergonomische Formgebung, ausgestattet mit einem gro\u00dfen LCD-Display und beleuchteten Tasten. IPx7 wasserdicht und schwimmf\u00e4hig, mit einem Alarmlicht, das bei versehentlichem ins Wasser fallen aktiviert wird. Ausgestattet mit der AquaQuake-Funktion, um Wasser vom Lautsprecher zu entfernen, ANC zur Ger\u00e4uschunterdr\u00fcckung, Dual-\/Tri-Watch, MOB-Taste, einer speziellen Kanal 16-Taste und TAG. 6W Leistung mit 10 Stunden Autonomie. Komplett mit Akku, Tischladeger\u00e4t, G\u00fcrtelclip, Antenne, Schnur und Bedienungsanleitung. Abmessungen: 61 x 44 x H146 mm.<\/p>\n","protected":false},"excerpt":{"rendered":"<p>VHF Icom IC-M94DE &#8211; Tragbares VHF ICOM IC-M94DE mit Klasse H DSC sowie integrierten AIS- und GPS-Empf\u00e4ngern. Schlanke und ergonomische<\/p>\n","protected":false},"featured_media":5946033,"comment_status":"open","ping_status":"closed","template":"","meta":[],"product_brand":[3010],"product_cat":[1457],"product_tag":[],"class_list":{"0":"post-737428","1":"product","2":"type-product","3":"status-publish","4":"has-post-thumbnail","6":"product_brand-icom-marine-de","7":"product_cat-bootelektronik","9":"first","10":"instock","11":"shipping-taxable","12":"purchasable","13":"product-type-simple"},"_links":{"self":[{"href":"https:\/\/stoic-curie.212-227-153-4.plesk.page\/de\/wp-json\/wp\/v2\/product\/737428","targetHints":{"allow":["GET"]}}],"collection":[{"href":"https:\/\/stoic-curie.212-227-153-4.plesk.page\/de\/wp-json\/wp\/v2\/product"}],"about":[{"href":"https:\/\/stoic-curie.212-227-153-4.plesk.page\/de\/wp-json\/wp\/v2\/types\/product"}],"replies":[{"embeddable":true,"href":"https:\/\/stoic-curie.212-227-153-4.plesk.page\/de\/wp-json\/wp\/v2\/comments?post=737428"}],"version-history":[{"count":0,"href":"https:\/\/stoic-curie.212-227-153-4.plesk.page\/de\/wp-json\/wp\/v2\/product\/737428\/revisions"}],"wp:featuredmedia":[{"embeddable":true,"href":"https:\/\/stoic-curie.212-227-153-4.plesk.page\/de\/wp-json\/wp\/v2\/media\/5946033"}],"wp:attachment":[{"href":"https:\/\/stoic-curie.212-227-153-4.plesk.page\/de\/wp-json\/wp\/v2\/media?parent=737428"}],"wp:term":[{"taxonomy":"product_brand","embeddable":true,"href":"https:\/\/stoic-curie.212-227-153-4.plesk.page\/de\/wp-json\/wp\/v2\/product_brand?post=737428"},{"taxonomy":"product_cat","embeddable":true,"href":"https:\/\/stoic-curie.212-227-153-4.plesk.page\/de\/wp-json\/wp\/v2\/product_cat?post=737428"},{"taxonomy":"product_tag","embeddable":true,"href":"https:\/\/stoic-curie.212-227-153-4.plesk.page\/de\/wp-json\/wp\/v2\/product_tag?post=737428"}],"curies":[{"name":"wp","href":"https:\/\/api.w.org\/{rel}","templated":true}]}}