{"id":737431,"date":"2025-03-03T16:36:27","date_gmt":"2025-03-03T15:36:27","guid":{"rendered":"https:\/\/stoic-curie.212-227-153-4.plesk.page\/producto\/dieselfilter-griffin-gtb681mac-681-liter-stunde\/"},"modified":"2026-02-24T23:35:12","modified_gmt":"2026-02-24T23:35:12","slug":"dieselfilter-griffin-gtb681mac-681-liter-stunde","status":"publish","type":"product","link":"https:\/\/stoic-curie.212-227-153-4.plesk.page\/de\/product\/dieselfilter-griffin-gtb681mac-681-liter-stunde\/","title":{"rendered":"Dieselfilter Griffin GTB681MAC 681 Liter\/Stunde"},"content":{"rendered":"<p>Dieselfilter Griffin GTB681MAC 681 Liter\/Stunde &#8211; <\/p>\n<p>Hochwertige Griffin-Dieselfilter mit MICROBLOC-Multilevel-Filterelementen (99,8% Effektivit\u00e4t bei der Trennung von Wasser und Diesel). Alle Filter sind serienm\u00e4\u00dfig mit einer 30-Mikron-Patrone ausgestattet. Aluminiumbeh\u00e4lter f\u00fcr Boote, die einen Motorraum mit Genehmigung ben\u00f6tigen. GTB228MAC mit Eingang UNF3\/4&#8243;GTB455MAC mit Eingang UNF3\/4&#8243;GTB681MAC mit Eingang UNF7\/8&#8243; k\u00f6nnen Racor MAM-Filter ersetzen.<\/p>\n","protected":false},"excerpt":{"rendered":"<p>Dieselfilter Griffin GTB681MAC 681 Liter\/Stunde &#8211; Hochwertige Griffin-Dieselfilter mit MICROBLOC-Multilevel-Filterelementen (99,8% Effektivit\u00e4t bei der Trennung von Wasser und Diesel). Alle<\/p>\n","protected":false},"featured_media":5946037,"comment_status":"open","ping_status":"closed","template":"","meta":[],"product_brand":[2985],"product_cat":[1510,1542],"product_tag":[],"class_list":{"0":"post-737431","1":"product","2":"type-product","3":"status-publish","4":"has-post-thumbnail","6":"product_brand-griffin-de","7":"product_cat-kraftstoff-wasser-trennfilter","8":"product_cat-marine-ersatzteile-fuer-volvo-penta","10":"first","11":"instock","12":"shipping-taxable","13":"purchasable","14":"product-type-simple"},"_links":{"self":[{"href":"https:\/\/stoic-curie.212-227-153-4.plesk.page\/de\/wp-json\/wp\/v2\/product\/737431","targetHints":{"allow":["GET"]}}],"collection":[{"href":"https:\/\/stoic-curie.212-227-153-4.plesk.page\/de\/wp-json\/wp\/v2\/product"}],"about":[{"href":"https:\/\/stoic-curie.212-227-153-4.plesk.page\/de\/wp-json\/wp\/v2\/types\/product"}],"replies":[{"embeddable":true,"href":"https:\/\/stoic-curie.212-227-153-4.plesk.page\/de\/wp-json\/wp\/v2\/comments?post=737431"}],"version-history":[{"count":0,"href":"https:\/\/stoic-curie.212-227-153-4.plesk.page\/de\/wp-json\/wp\/v2\/product\/737431\/revisions"}],"wp:featuredmedia":[{"embeddable":true,"href":"https:\/\/stoic-curie.212-227-153-4.plesk.page\/de\/wp-json\/wp\/v2\/media\/5946037"}],"wp:attachment":[{"href":"https:\/\/stoic-curie.212-227-153-4.plesk.page\/de\/wp-json\/wp\/v2\/media?parent=737431"}],"wp:term":[{"taxonomy":"product_brand","embeddable":true,"href":"https:\/\/stoic-curie.212-227-153-4.plesk.page\/de\/wp-json\/wp\/v2\/product_brand?post=737431"},{"taxonomy":"product_cat","embeddable":true,"href":"https:\/\/stoic-curie.212-227-153-4.plesk.page\/de\/wp-json\/wp\/v2\/product_cat?post=737431"},{"taxonomy":"product_tag","embeddable":true,"href":"https:\/\/stoic-curie.212-227-153-4.plesk.page\/de\/wp-json\/wp\/v2\/product_tag?post=737431"}],"curies":[{"name":"wp","href":"https:\/\/api.w.org\/{rel}","templated":true}]}}