{"id":737434,"date":"2025-03-03T16:36:28","date_gmt":"2025-03-03T15:36:28","guid":{"rendered":"https:\/\/stoic-curie.212-227-153-4.plesk.page\/producto\/jabsco-par-max-hd3-40psi-12v\/"},"modified":"2026-02-24T23:35:12","modified_gmt":"2026-02-24T23:35:12","slug":"jabsco-par-max-hd3-40psi-12v","status":"publish","type":"product","link":"https:\/\/stoic-curie.212-227-153-4.plesk.page\/de\/product\/jabsco-par-max-hd3-40psi-12v\/","title":{"rendered":"Jabsco Par-Max HD3 40PSI 12v"},"content":{"rendered":"<p>Jabsco Par-Max HD3 40PSI 12v &#8211; <\/p>\n<div class=\"col-24 col-md-15\">\n<p>Eine effiziente 12V DC, Hochfluss, selbstansaugende Pumpe mit guter Leistung auf kleinem Raum. Die Jabsco Xylem Par-Max 3 hat eine trockene Selbstansaugf\u00e4higkeit von 2,13 Metern (7 Fu\u00df) und kann ohne Schaden trocken betrieben werden. Sie wurde entwickelt, um zwei oder mehr Ausl\u00e4sse zu bedienen.<\/p>\n<p>Zu den Pumpenmerkmalen geh\u00f6ren ein Kunststoffgeh\u00e4use, das die Motoren vor Korrosion sch\u00fctzt, vibrationsd\u00e4mpfende F\u00fc\u00dfe f\u00fcr einen leisen Betrieb und ein integrierter, versiegelter Druckschalter f\u00fcr den bedarfsgerechten Betrieb. Die druckgesteuerte Pumpe wird mit zwei 1\/2&#8243; Schnellanschluss-Schlauch\u00fcberg\u00e4ngen und einem Schnellanschluss-Inline-40-Mesh-Filter geliefert.<\/p>\n<p>\u2022 Spannung: 12V DC<\/p>\n<p>\u2022 Offener Durchfluss GPM (LPM): 3 (11)<\/p>\n<p>\u2022 Abschaltdruck PSI (BAR): 40 (2,8)<\/p>\n<p>\u2022 Max. Strom ST\u00c4RKE: 6,2<\/p>\n<p>\u2022 Empfohlene Sicherungsgr\u00f6\u00dfe: 10<\/p>\n<p>\u2022 Anschlussfittings: 2 x 1\/2&#8243; Gerade Schlauch\u00fcbergang<\/p>\n<p>\u2022 Abmessungen: 9,1&#8243; L\u00e4nge, 4,2&#8243; Breite, 4,2&#8243; H\u00f6he \/ 231(L) x 107(B) x 107(H)mm<\/p>\n<\/div>\n<p><\/p>\n<table class=\"table\">\n<tbody>\n<tr>\n<td><strong>Spannung<\/strong><\/td>\n<td>12V DC<\/td>\n<\/tr>\n<tr>\n<td><strong>Marke<\/strong><\/td>\n<td>Jabsco<\/td>\n<\/tr>\n<tr>\n<td><strong>Modell<\/strong><\/td>\n<td>31395-4012-3A<\/td>\n<\/tr>\n<tr>\n<td><strong>Ersetzt<\/strong><\/td>\n<td>JAB-31395-0392<\/td>\n<\/tr>\n<\/tbody>\n<\/table>\n","protected":false},"excerpt":{"rendered":"<p>Jabsco Par-Max HD3 40PSI 12v &#8211; Eine effiziente 12V DC, Hochfluss, selbstansaugende Pumpe mit guter Leistung auf kleinem Raum. Die<\/p>\n","protected":false},"featured_media":5946046,"comment_status":"open","ping_status":"closed","template":"","meta":[],"product_brand":[3030],"product_cat":[1373],"product_tag":[],"class_list":{"0":"post-737434","1":"product","2":"type-product","3":"status-publish","4":"has-post-thumbnail","6":"product_brand-jabsco-marine-de","7":"product_cat-wasserdruckpumpen","9":"first","10":"instock","11":"shipping-taxable","12":"purchasable","13":"product-type-simple"},"_links":{"self":[{"href":"https:\/\/stoic-curie.212-227-153-4.plesk.page\/de\/wp-json\/wp\/v2\/product\/737434","targetHints":{"allow":["GET"]}}],"collection":[{"href":"https:\/\/stoic-curie.212-227-153-4.plesk.page\/de\/wp-json\/wp\/v2\/product"}],"about":[{"href":"https:\/\/stoic-curie.212-227-153-4.plesk.page\/de\/wp-json\/wp\/v2\/types\/product"}],"replies":[{"embeddable":true,"href":"https:\/\/stoic-curie.212-227-153-4.plesk.page\/de\/wp-json\/wp\/v2\/comments?post=737434"}],"version-history":[{"count":0,"href":"https:\/\/stoic-curie.212-227-153-4.plesk.page\/de\/wp-json\/wp\/v2\/product\/737434\/revisions"}],"wp:featuredmedia":[{"embeddable":true,"href":"https:\/\/stoic-curie.212-227-153-4.plesk.page\/de\/wp-json\/wp\/v2\/media\/5946046"}],"wp:attachment":[{"href":"https:\/\/stoic-curie.212-227-153-4.plesk.page\/de\/wp-json\/wp\/v2\/media?parent=737434"}],"wp:term":[{"taxonomy":"product_brand","embeddable":true,"href":"https:\/\/stoic-curie.212-227-153-4.plesk.page\/de\/wp-json\/wp\/v2\/product_brand?post=737434"},{"taxonomy":"product_cat","embeddable":true,"href":"https:\/\/stoic-curie.212-227-153-4.plesk.page\/de\/wp-json\/wp\/v2\/product_cat?post=737434"},{"taxonomy":"product_tag","embeddable":true,"href":"https:\/\/stoic-curie.212-227-153-4.plesk.page\/de\/wp-json\/wp\/v2\/product_tag?post=737434"}],"curies":[{"name":"wp","href":"https:\/\/api.w.org\/{rel}","templated":true}]}}