{"id":737435,"date":"2025-03-03T16:36:28","date_gmt":"2025-03-03T15:36:28","guid":{"rendered":"https:\/\/stoic-curie.212-227-153-4.plesk.page\/producto\/ultraflex-a96-73-87-cm\/"},"modified":"2026-02-24T23:35:12","modified_gmt":"2026-02-24T23:35:12","slug":"ultraflex-a96-73-87-cm","status":"publish","type":"product","link":"https:\/\/stoic-curie.212-227-153-4.plesk.page\/de\/product\/ultraflex-a96-73-87-cm\/","title":{"rendered":"Ultraflex A96 73-87 cm"},"content":{"rendered":"<p>Ultraflex A96 73-87 cm &#8211; <\/p>\n<p style=\"color: rgb(34, 34, 34); font-family: Arial, Helvetica, sans-serif; font-size: small;\">Die A96 Tie Bar wurde sorgf\u00e4ltig f\u00fcr Zwillings-Au\u00dfenbordmotoren gefertigt und ist mit den Zylindern UC128-OBF und UC130-SVS kompatibel.<\/p>\n<p style=\"color: rgb(34, 34, 34); font-family: Arial, Helvetica, sans-serif; font-size: small;\"><strong>Wichtige Funktionen:<\/strong><\/p>\n<ul style=\"color: rgb(34, 34, 34); font-family: Arial, Helvetica, sans-serif; font-size: small;\">\n<li>Funktioniert nahtlos mit einem einzelnen UC128-OBF oder UC130-SVS Frontmontagezylinder.<\/li>\n<li>Erm\u00f6glicht das unabh\u00e4ngige Neigen beider Motoren.<\/li>\n<li>Hergestellt aus robustem Edelstahl f\u00fcr verbesserte Haltbarkeit.<\/li>\n<li>Ausstattung mit elektropolierten Edelstahl-Gelenken zur Leistungssteigerung.<\/li>\n<\/ul>\n<p style=\"color: rgb(34, 34, 34); font-family: Arial, Helvetica, sans-serif; font-size: small;\"><strong>Verf\u00fcgbare L\u00e4ngen:<\/strong><\/p>\n<ul style=\"color: rgb(34, 34, 34); font-family: Arial, Helvetica, sans-serif; font-size: small;\">\n<li>Reicht von 66,04 cm (26&#8243;) bis 73,66 cm (29&#8243;) f\u00fcr Zwillingsmotoren.<\/li>\n<li>Erstreckt sich von 73,66 cm (29&#8243;) bis 87,376 cm (34,5&#8243;) f\u00fcr Zwillingsmotoren.<\/li>\n<\/ul>\n<p style=\"color: rgb(34, 34, 34); font-family: Arial, Helvetica, sans-serif; font-size: small;\"><strong>Wichtiger Hinweis:<\/strong> Die Position des Steuerarms kann zwischen verschiedenen Motoren variieren, und der Abstand zwischen den Motoren kann ebenfalls unterschiedlich sein. Dies kann zu unvorhergesehenen St\u00f6rungen w\u00e4hrend des Neigungsprozesses f\u00fchren. Wir raten dringend zu einer umfassenden \u00dcberpr\u00fcfung der Installation der Tie Bar. F\u00fcr weitere Unterst\u00fctzung wenden Sie sich bitte an unser Technisches Service-Team.<\/p>\n<p style=\"color: rgb(34, 34, 34); font-family: Arial, Helvetica, sans-serif; font-size: small;\"><strong>Ultraflex A96-29 Tie Bar f\u00fcr Zwillings-Mercury\/Yamaha-Au\u00dfenbordmotoren (66-73 cm)<\/strong><\/p>\n<p style=\"color: rgb(34, 34, 34); font-family: Arial, Helvetica, sans-serif; font-size: small;\">Diese komplett aus Edelstahl gefertigte Tie Bar ist sowohl vor als auch nach der Installation leicht verstellbar.<\/p>\n<ul style=\"color: rgb(34, 34, 34); font-family: Arial, Helvetica, sans-serif; font-size: small;\">\n<li>Erm\u00f6glicht das unabh\u00e4ngige Neigen der Motoren.<\/li>\n<li>Umfasst elektropolierte Edelstahl-Gelenke.<\/li>\n<\/ul>\n<p style=\"color: rgb(34, 34, 34); font-family: Arial, Helvetica, sans-serif; font-size: small;\"><strong>Bitte beachten:<\/strong> Aufgrund von Unterschieden in den Positionen der Steuerarme und unvorhersehbaren Abst\u00e4nden zwischen den Motoren k\u00f6nnen unerwartete St\u00f6rungen w\u00e4hrend des Neigens auftreten. Ultraflex empfiehlt dringend eine professionelle Beurteilung der Installation der Tie Bar. F\u00fcr weitere Informationen wenden Sie sich bitte an den Technischen Service von Ultraflex.<\/p>\n<p style=\"color: rgb(34, 34, 34); font-family: Arial, Helvetica, sans-serif; font-size: small;\"><strong>Material:<\/strong> Edelstahl mit elektropolierten Edelstahl-Gelenken<br \/><strong>Hauptkonstruktion:<\/strong> Edelstahl<br \/><strong>Geeignet f\u00fcr:<\/strong> Mercury | Yamaha<br \/><strong>Marke:<\/strong> Ultraflex<br \/><strong>L\u00e4nge:<\/strong> 660,4 mm (26&#8243;) bis 736,6 mm (29&#8243;)<br \/><strong>Herkunftsland:<\/strong> Italien<\/p>\n","protected":false},"excerpt":{"rendered":"<p>Ultraflex A96 73-87 cm &#8211; Die A96 Tie Bar wurde sorgf\u00e4ltig f\u00fcr Zwillings-Au\u00dfenbordmotoren gefertigt und ist mit den Zylindern UC128-OBF<\/p>\n","protected":false},"featured_media":5946052,"comment_status":"open","ping_status":"closed","template":"","meta":[],"product_brand":[3500],"product_cat":[1536],"product_tag":[],"class_list":{"0":"post-737435","1":"product","2":"type-product","3":"status-publish","4":"has-post-thumbnail","6":"product_brand-ultraflex-uflex-de","7":"product_cat-hydraulische-lenkung","9":"first","10":"instock","11":"shipping-taxable","12":"purchasable","13":"product-type-simple"},"_links":{"self":[{"href":"https:\/\/stoic-curie.212-227-153-4.plesk.page\/de\/wp-json\/wp\/v2\/product\/737435","targetHints":{"allow":["GET"]}}],"collection":[{"href":"https:\/\/stoic-curie.212-227-153-4.plesk.page\/de\/wp-json\/wp\/v2\/product"}],"about":[{"href":"https:\/\/stoic-curie.212-227-153-4.plesk.page\/de\/wp-json\/wp\/v2\/types\/product"}],"replies":[{"embeddable":true,"href":"https:\/\/stoic-curie.212-227-153-4.plesk.page\/de\/wp-json\/wp\/v2\/comments?post=737435"}],"version-history":[{"count":0,"href":"https:\/\/stoic-curie.212-227-153-4.plesk.page\/de\/wp-json\/wp\/v2\/product\/737435\/revisions"}],"wp:featuredmedia":[{"embeddable":true,"href":"https:\/\/stoic-curie.212-227-153-4.plesk.page\/de\/wp-json\/wp\/v2\/media\/5946052"}],"wp:attachment":[{"href":"https:\/\/stoic-curie.212-227-153-4.plesk.page\/de\/wp-json\/wp\/v2\/media?parent=737435"}],"wp:term":[{"taxonomy":"product_brand","embeddable":true,"href":"https:\/\/stoic-curie.212-227-153-4.plesk.page\/de\/wp-json\/wp\/v2\/product_brand?post=737435"},{"taxonomy":"product_cat","embeddable":true,"href":"https:\/\/stoic-curie.212-227-153-4.plesk.page\/de\/wp-json\/wp\/v2\/product_cat?post=737435"},{"taxonomy":"product_tag","embeddable":true,"href":"https:\/\/stoic-curie.212-227-153-4.plesk.page\/de\/wp-json\/wp\/v2\/product_tag?post=737435"}],"curies":[{"name":"wp","href":"https:\/\/api.w.org\/{rel}","templated":true}]}}