{"id":737447,"date":"2025-03-03T16:37:55","date_gmt":"2025-03-03T15:37:55","guid":{"rendered":"https:\/\/stoic-curie.212-227-153-4.plesk.page\/producto\/wischer-roca-w12-12v-16mm\/"},"modified":"2026-02-24T23:35:12","modified_gmt":"2026-02-24T23:35:12","slug":"wischer-roca-w12-12v-16mm","status":"publish","type":"product","link":"https:\/\/stoic-curie.212-227-153-4.plesk.page\/de\/product\/wischer-roca-w12-12v-16mm\/","title":{"rendered":"Wischer Roca W12 12V &#8211; 16mm"},"content":{"rendered":"<p>Wischer Roca W12 12V &#8211; 16mm &#8211; <\/p>\n<p>Roca W12 Scheibenwischer f\u00fcr mittelgro\u00dfe bis kleine Boote. IP65 wasserdichtes Geh\u00e4use aus UV-stabilisiertem Thermoplast. 12 Nm Motor mit 35 oder 55 Wischbewegungen pro Minute, selbstparkend nach links oder rechts und einstellbarem Wischwinkel von 45\u00b0 bis 110\u00b0. Standardwelle 13,8 mm. Verbrauch 2A im Leerlauf und 4A bei Volllast bei 12V. Wird mit Arm und Wischerblatt geliefert.<\/p>\n","protected":false},"excerpt":{"rendered":"<p>Wischer Roca W12 12V &#8211; 16mm &#8211; Roca W12 Scheibenwischer f\u00fcr mittelgro\u00dfe bis kleine Boote. IP65 wasserdichtes Geh\u00e4use aus UV-stabilisiertem<\/p>\n","protected":false},"featured_media":5939173,"comment_status":"open","ping_status":"closed","template":"","meta":[],"product_brand":[3315],"product_cat":[1448],"product_tag":[],"class_list":{"0":"post-737447","1":"product","2":"type-product","3":"status-publish","4":"has-post-thumbnail","6":"product_brand-roca-marine-de","7":"product_cat-scheibenwischer","9":"first","10":"instock","11":"shipping-taxable","12":"purchasable","13":"product-type-simple"},"_links":{"self":[{"href":"https:\/\/stoic-curie.212-227-153-4.plesk.page\/de\/wp-json\/wp\/v2\/product\/737447","targetHints":{"allow":["GET"]}}],"collection":[{"href":"https:\/\/stoic-curie.212-227-153-4.plesk.page\/de\/wp-json\/wp\/v2\/product"}],"about":[{"href":"https:\/\/stoic-curie.212-227-153-4.plesk.page\/de\/wp-json\/wp\/v2\/types\/product"}],"replies":[{"embeddable":true,"href":"https:\/\/stoic-curie.212-227-153-4.plesk.page\/de\/wp-json\/wp\/v2\/comments?post=737447"}],"version-history":[{"count":0,"href":"https:\/\/stoic-curie.212-227-153-4.plesk.page\/de\/wp-json\/wp\/v2\/product\/737447\/revisions"}],"wp:featuredmedia":[{"embeddable":true,"href":"https:\/\/stoic-curie.212-227-153-4.plesk.page\/de\/wp-json\/wp\/v2\/media\/5939173"}],"wp:attachment":[{"href":"https:\/\/stoic-curie.212-227-153-4.plesk.page\/de\/wp-json\/wp\/v2\/media?parent=737447"}],"wp:term":[{"taxonomy":"product_brand","embeddable":true,"href":"https:\/\/stoic-curie.212-227-153-4.plesk.page\/de\/wp-json\/wp\/v2\/product_brand?post=737447"},{"taxonomy":"product_cat","embeddable":true,"href":"https:\/\/stoic-curie.212-227-153-4.plesk.page\/de\/wp-json\/wp\/v2\/product_cat?post=737447"},{"taxonomy":"product_tag","embeddable":true,"href":"https:\/\/stoic-curie.212-227-153-4.plesk.page\/de\/wp-json\/wp\/v2\/product_tag?post=737447"}],"curies":[{"name":"wp","href":"https:\/\/api.w.org\/{rel}","templated":true}]}}