{"id":737459,"date":"2025-03-03T16:37:59","date_gmt":"2025-03-03T15:37:59","guid":{"rendered":"https:\/\/stoic-curie.212-227-153-4.plesk.page\/producto\/windschutzscheibenwischer-roca-w38-12v-78mm\/"},"modified":"2026-02-24T23:35:12","modified_gmt":"2026-02-24T23:35:12","slug":"windschutzscheibenwischer-roca-w38-12v-78mm","status":"publish","type":"product","link":"https:\/\/stoic-curie.212-227-153-4.plesk.page\/de\/product\/windschutzscheibenwischer-roca-w38-12v-78mm\/","title":{"rendered":"Windschutzscheibenwischer Roca w38 12v -78mm"},"content":{"rendered":"<p>Windschutzscheibenwischer Roca w38 12v -78mm &#8211; <\/p>\n<p>Hochwertiger Roca W38 Scheibenwischer f\u00fcr mittelgro\u00dfe bis gro\u00dfe Boote. Auch f\u00fcr den professionellen Einsatz auf Arbeitsbooten geeignet. 38 Nm Motor mit 35 oder 55 Wischbewegungen pro Minute, automatische Selbstlagerung links oder rechts und einstellbarer Wischwinkel von 45\u00b0 bis 110\u00b0. Verbrauch 3A im Leerlauf und 7A bei voller Last bei 12V. Erg\u00e4nzend mit Pantografarme und Wischerblatt. Der Pantografarm ist mit einer Spr\u00fchd\u00fcse und einem 1,1 Meter langen Schlauch ausgestattet.<\/p>\n","protected":false},"excerpt":{"rendered":"<p>Windschutzscheibenwischer Roca w38 12v -78mm &#8211; Hochwertiger Roca W38 Scheibenwischer f\u00fcr mittelgro\u00dfe bis gro\u00dfe Boote. Auch f\u00fcr den professionellen Einsatz<\/p>\n","protected":false},"featured_media":5939177,"comment_status":"open","ping_status":"closed","template":"","meta":[],"product_brand":[3315],"product_cat":[1448],"product_tag":[],"class_list":{"0":"post-737459","1":"product","2":"type-product","3":"status-publish","4":"has-post-thumbnail","6":"product_brand-roca-marine-de","7":"product_cat-scheibenwischer","9":"first","10":"instock","11":"shipping-taxable","12":"purchasable","13":"product-type-simple"},"_links":{"self":[{"href":"https:\/\/stoic-curie.212-227-153-4.plesk.page\/de\/wp-json\/wp\/v2\/product\/737459","targetHints":{"allow":["GET"]}}],"collection":[{"href":"https:\/\/stoic-curie.212-227-153-4.plesk.page\/de\/wp-json\/wp\/v2\/product"}],"about":[{"href":"https:\/\/stoic-curie.212-227-153-4.plesk.page\/de\/wp-json\/wp\/v2\/types\/product"}],"replies":[{"embeddable":true,"href":"https:\/\/stoic-curie.212-227-153-4.plesk.page\/de\/wp-json\/wp\/v2\/comments?post=737459"}],"version-history":[{"count":0,"href":"https:\/\/stoic-curie.212-227-153-4.plesk.page\/de\/wp-json\/wp\/v2\/product\/737459\/revisions"}],"wp:featuredmedia":[{"embeddable":true,"href":"https:\/\/stoic-curie.212-227-153-4.plesk.page\/de\/wp-json\/wp\/v2\/media\/5939177"}],"wp:attachment":[{"href":"https:\/\/stoic-curie.212-227-153-4.plesk.page\/de\/wp-json\/wp\/v2\/media?parent=737459"}],"wp:term":[{"taxonomy":"product_brand","embeddable":true,"href":"https:\/\/stoic-curie.212-227-153-4.plesk.page\/de\/wp-json\/wp\/v2\/product_brand?post=737459"},{"taxonomy":"product_cat","embeddable":true,"href":"https:\/\/stoic-curie.212-227-153-4.plesk.page\/de\/wp-json\/wp\/v2\/product_cat?post=737459"},{"taxonomy":"product_tag","embeddable":true,"href":"https:\/\/stoic-curie.212-227-153-4.plesk.page\/de\/wp-json\/wp\/v2\/product_tag?post=737459"}],"curies":[{"name":"wp","href":"https:\/\/api.w.org\/{rel}","templated":true}]}}