{"id":737464,"date":"2025-03-03T16:38:00","date_gmt":"2025-03-03T15:38:00","guid":{"rendered":"https:\/\/stoic-curie.212-227-153-4.plesk.page\/producto\/roca-w50-windschutzscheibenwischer-24-v-78-mm\/"},"modified":"2026-02-24T23:35:12","modified_gmt":"2026-02-24T23:35:12","slug":"roca-w50-windschutzscheibenwischer-24-v-78-mm","status":"publish","type":"product","link":"https:\/\/stoic-curie.212-227-153-4.plesk.page\/de\/product\/roca-w50-windschutzscheibenwischer-24-v-78-mm\/","title":{"rendered":"Roca W50 Windschutzscheibenwischer, 24 V, -78 mm"},"content":{"rendered":"<p>Roca W50 Windschutzscheibenwischer, 24 V, -78 mm &#8211; <\/p>\n<p>Hochwertiger Roca W50 Scheibenwischer f\u00fcr mittelgro\u00dfe bis gro\u00dfe Boote. Auch f\u00fcr den professionellen Einsatz auf Arbeitsbooten geeignet. Motor mit 50 Nm, 30 oder 47 Schwenkungen pro Minute, automatische Selbstparkfunktion nach links oder rechts und einstellbare Schwenkwinkel von 45\u00b0 bis 110\u00b0. Verbrauch: 6A im Leerlauf und 10A bei Volllast bei 12V. Erg\u00e4nzungsbedarf: Pantografarm und Klinge. Der Pantografarm ist mit einer Spritzd\u00fcse und einem 1,1 Metern langen Schlauch ausgestattet und kann auf bis zu 370 mm gek\u00fcrzt werden.<\/p>\n","protected":false},"excerpt":{"rendered":"<p>Roca W50 Windschutzscheibenwischer, 24 V, -78 mm &#8211; Hochwertiger Roca W50 Scheibenwischer f\u00fcr mittelgro\u00dfe bis gro\u00dfe Boote. Auch f\u00fcr den<\/p>\n","protected":false},"featured_media":5946073,"comment_status":"open","ping_status":"closed","template":"","meta":[],"product_brand":[3315],"product_cat":[1448],"product_tag":[],"class_list":{"0":"post-737464","1":"product","2":"type-product","3":"status-publish","4":"has-post-thumbnail","6":"product_brand-roca-marine-de","7":"product_cat-scheibenwischer","9":"first","10":"instock","11":"shipping-taxable","12":"purchasable","13":"product-type-simple"},"_links":{"self":[{"href":"https:\/\/stoic-curie.212-227-153-4.plesk.page\/de\/wp-json\/wp\/v2\/product\/737464","targetHints":{"allow":["GET"]}}],"collection":[{"href":"https:\/\/stoic-curie.212-227-153-4.plesk.page\/de\/wp-json\/wp\/v2\/product"}],"about":[{"href":"https:\/\/stoic-curie.212-227-153-4.plesk.page\/de\/wp-json\/wp\/v2\/types\/product"}],"replies":[{"embeddable":true,"href":"https:\/\/stoic-curie.212-227-153-4.plesk.page\/de\/wp-json\/wp\/v2\/comments?post=737464"}],"version-history":[{"count":0,"href":"https:\/\/stoic-curie.212-227-153-4.plesk.page\/de\/wp-json\/wp\/v2\/product\/737464\/revisions"}],"wp:featuredmedia":[{"embeddable":true,"href":"https:\/\/stoic-curie.212-227-153-4.plesk.page\/de\/wp-json\/wp\/v2\/media\/5946073"}],"wp:attachment":[{"href":"https:\/\/stoic-curie.212-227-153-4.plesk.page\/de\/wp-json\/wp\/v2\/media?parent=737464"}],"wp:term":[{"taxonomy":"product_brand","embeddable":true,"href":"https:\/\/stoic-curie.212-227-153-4.plesk.page\/de\/wp-json\/wp\/v2\/product_brand?post=737464"},{"taxonomy":"product_cat","embeddable":true,"href":"https:\/\/stoic-curie.212-227-153-4.plesk.page\/de\/wp-json\/wp\/v2\/product_cat?post=737464"},{"taxonomy":"product_tag","embeddable":true,"href":"https:\/\/stoic-curie.212-227-153-4.plesk.page\/de\/wp-json\/wp\/v2\/product_tag?post=737464"}],"curies":[{"name":"wp","href":"https:\/\/api.w.org\/{rel}","templated":true}]}}