{"id":737471,"date":"2025-03-03T16:38:03","date_gmt":"2025-03-03T15:38:03","guid":{"rendered":"https:\/\/stoic-curie.212-227-153-4.plesk.page\/producto\/edelstahl-druckverschluss-roca-70t\/"},"modified":"2026-02-24T23:35:12","modified_gmt":"2026-02-24T23:35:12","slug":"edelstahl-druckverschluss-roca-70t","status":"publish","type":"product","link":"https:\/\/stoic-curie.212-227-153-4.plesk.page\/de\/product\/edelstahl-druckverschluss-roca-70t\/","title":{"rendered":"Edelstahl-Druckverschluss Roca 70T"},"content":{"rendered":"<p>Edelstahl-Druckverschluss Roca 70T &#8211; <\/p>\n<p>Spiegelpolierter Kompressionssperrschloss aus 316 Edelstahl mit T-Griff und einstellbarem Riegel. Wird verwendet, um Bulkheads und Luken zu \u00f6ffnen und zu schlie\u00dfen. Der Riegel muss mit einem Riegel Ihrer Wahl vervollst\u00e4ndigt werden.<\/p>\n","protected":false},"excerpt":{"rendered":"<p>Edelstahl-Druckverschluss Roca 70T &#8211; Spiegelpolierter Kompressionssperrschloss aus 316 Edelstahl mit T-Griff und einstellbarem Riegel. Wird verwendet, um Bulkheads und Luken<\/p>\n","protected":false},"featured_media":5946077,"comment_status":"open","ping_status":"closed","template":"","meta":[],"product_brand":[3315],"product_cat":[1400,1421],"product_tag":[],"class_list":{"0":"post-737471","1":"product","2":"type-product","3":"status-publish","4":"has-post-thumbnail","6":"product_brand-roca-marine-de","7":"product_cat-bootsverschluesse","8":"product_cat-tuerschloesser","10":"first","11":"instock","12":"shipping-taxable","13":"purchasable","14":"product-type-simple"},"_links":{"self":[{"href":"https:\/\/stoic-curie.212-227-153-4.plesk.page\/de\/wp-json\/wp\/v2\/product\/737471","targetHints":{"allow":["GET"]}}],"collection":[{"href":"https:\/\/stoic-curie.212-227-153-4.plesk.page\/de\/wp-json\/wp\/v2\/product"}],"about":[{"href":"https:\/\/stoic-curie.212-227-153-4.plesk.page\/de\/wp-json\/wp\/v2\/types\/product"}],"replies":[{"embeddable":true,"href":"https:\/\/stoic-curie.212-227-153-4.plesk.page\/de\/wp-json\/wp\/v2\/comments?post=737471"}],"version-history":[{"count":0,"href":"https:\/\/stoic-curie.212-227-153-4.plesk.page\/de\/wp-json\/wp\/v2\/product\/737471\/revisions"}],"wp:featuredmedia":[{"embeddable":true,"href":"https:\/\/stoic-curie.212-227-153-4.plesk.page\/de\/wp-json\/wp\/v2\/media\/5946077"}],"wp:attachment":[{"href":"https:\/\/stoic-curie.212-227-153-4.plesk.page\/de\/wp-json\/wp\/v2\/media?parent=737471"}],"wp:term":[{"taxonomy":"product_brand","embeddable":true,"href":"https:\/\/stoic-curie.212-227-153-4.plesk.page\/de\/wp-json\/wp\/v2\/product_brand?post=737471"},{"taxonomy":"product_cat","embeddable":true,"href":"https:\/\/stoic-curie.212-227-153-4.plesk.page\/de\/wp-json\/wp\/v2\/product_cat?post=737471"},{"taxonomy":"product_tag","embeddable":true,"href":"https:\/\/stoic-curie.212-227-153-4.plesk.page\/de\/wp-json\/wp\/v2\/product_tag?post=737471"}],"curies":[{"name":"wp","href":"https:\/\/api.w.org\/{rel}","templated":true}]}}