{"id":737475,"date":"2025-03-03T16:38:04","date_gmt":"2025-03-03T15:38:04","guid":{"rendered":"https:\/\/stoic-curie.212-227-153-4.plesk.page\/producto\/vhf-icom-ic-m85e\/"},"modified":"2026-02-24T23:35:12","modified_gmt":"2026-02-24T23:35:12","slug":"vhf-icom-ic-m85e","status":"publish","type":"product","link":"https:\/\/stoic-curie.212-227-153-4.plesk.page\/de\/product\/vhf-icom-ic-m85e\/","title":{"rendered":"VHF Icom IC-M85E"},"content":{"rendered":"<p>VHF Icom IC-M85E &#8211; <\/p>\n<p>IPx7 wasserdicht (30 Minuten in 1 Meter Tiefe) kompakter ICOM IC-M87 VHF mit langer Akkulaufzeit. Marine VHF und PMR-Band in einem Ger\u00e4t vereint. Internationale Kan\u00e4le und 22 programmierbare Kan\u00e4le. Dual\/TriWatch-Funktion. 5W Sendeleistung. Wiederaufladbarer Lithium-Akku und Ladeger\u00e4t. Schneller Zugriff auf den Notkanal 16. Ein-Tasten TAG-Scannen f\u00fcr eine einfache Auswahl. Tastensperre. Komplett mit Stromkabel, Mikrofon, Montagehalterung und Bedienungsanleitung.<\/p>\n","protected":false},"excerpt":{"rendered":"<p>VHF Icom IC-M85E &#8211; IPx7 wasserdicht (30 Minuten in 1 Meter Tiefe) kompakter ICOM IC-M87 VHF mit langer Akkulaufzeit. Marine<\/p>\n","protected":false},"featured_media":5946089,"comment_status":"open","ping_status":"closed","template":"","meta":[],"product_brand":[3010],"product_cat":[1457],"product_tag":[],"class_list":{"0":"post-737475","1":"product","2":"type-product","3":"status-publish","4":"has-post-thumbnail","6":"product_brand-icom-marine-de","7":"product_cat-bootelektronik","9":"first","10":"instock","11":"shipping-taxable","12":"purchasable","13":"product-type-simple"},"_links":{"self":[{"href":"https:\/\/stoic-curie.212-227-153-4.plesk.page\/de\/wp-json\/wp\/v2\/product\/737475","targetHints":{"allow":["GET"]}}],"collection":[{"href":"https:\/\/stoic-curie.212-227-153-4.plesk.page\/de\/wp-json\/wp\/v2\/product"}],"about":[{"href":"https:\/\/stoic-curie.212-227-153-4.plesk.page\/de\/wp-json\/wp\/v2\/types\/product"}],"replies":[{"embeddable":true,"href":"https:\/\/stoic-curie.212-227-153-4.plesk.page\/de\/wp-json\/wp\/v2\/comments?post=737475"}],"version-history":[{"count":0,"href":"https:\/\/stoic-curie.212-227-153-4.plesk.page\/de\/wp-json\/wp\/v2\/product\/737475\/revisions"}],"wp:featuredmedia":[{"embeddable":true,"href":"https:\/\/stoic-curie.212-227-153-4.plesk.page\/de\/wp-json\/wp\/v2\/media\/5946089"}],"wp:attachment":[{"href":"https:\/\/stoic-curie.212-227-153-4.plesk.page\/de\/wp-json\/wp\/v2\/media?parent=737475"}],"wp:term":[{"taxonomy":"product_brand","embeddable":true,"href":"https:\/\/stoic-curie.212-227-153-4.plesk.page\/de\/wp-json\/wp\/v2\/product_brand?post=737475"},{"taxonomy":"product_cat","embeddable":true,"href":"https:\/\/stoic-curie.212-227-153-4.plesk.page\/de\/wp-json\/wp\/v2\/product_cat?post=737475"},{"taxonomy":"product_tag","embeddable":true,"href":"https:\/\/stoic-curie.212-227-153-4.plesk.page\/de\/wp-json\/wp\/v2\/product_tag?post=737475"}],"curies":[{"name":"wp","href":"https:\/\/api.w.org\/{rel}","templated":true}]}}