{"id":737477,"date":"2025-03-03T16:38:05","date_gmt":"2025-03-03T15:38:05","guid":{"rendered":"https:\/\/stoic-curie.212-227-153-4.plesk.page\/producto\/segelboote-orca-bay-carbon-groesse-40\/"},"modified":"2026-02-24T23:35:12","modified_gmt":"2026-02-24T23:35:12","slug":"segelboote-orca-bay-carbon-groesse-40","status":"publish","type":"product","link":"https:\/\/stoic-curie.212-227-153-4.plesk.page\/de\/product\/segelboote-orca-bay-carbon-groesse-40\/","title":{"rendered":"Segelboote Orca Bay Carbon, Gr\u00f6\u00dfe : 40"},"content":{"rendered":"<p>Segelboote Orca Bay Carbon, Gr\u00f6\u00dfe : 40 &#8211; <\/p>\n<p>Dreilagige, wasserdichte und atmungsaktive Orca Bay Storm Segelschuhe f\u00fcr hohe Leistung und maximalen Komfort. Rutschfeste Gummisohle f\u00fcr hervorragenden Halt auf rutschigen Decks. Ideal f\u00fcr Freizeit-, Berufs- und Garagengebrauch in jeder Jahreszeit. Reinigungstipps: Verwenden Sie eine B\u00fcrste, um Schmutz zu entfernen, und sp\u00fclen Sie mit kaltem Wasser oder einem feuchten Tuch ab. Lassen Sie die Schuhe nat\u00fcrlich trocknen. Gelegentlich ein impr\u00e4gnierendes Spray auftragen, um das Leder zu sch\u00fctzen und die Wasserdichtigkeit zu erhalten. Anschlie\u00dfend empfiehlt es sich, eine transparente pflegende Creme aufzutragen, um die Elastizit\u00e4t des Leders zu erhalten, und sie trocknen zu lassen.<\/p>\n","protected":false},"excerpt":{"rendered":"<p>Segelboote Orca Bay Carbon, Gr\u00f6\u00dfe : 40 &#8211; Dreilagige, wasserdichte und atmungsaktive Orca Bay Storm Segelschuhe f\u00fcr hohe Leistung und<\/p>\n","protected":false},"featured_media":5946091,"comment_status":"open","ping_status":"closed","template":"","meta":[],"product_brand":[3230],"product_cat":[1572],"product_tag":[],"class_list":{"0":"post-737477","1":"product","2":"type-product","3":"status-publish","4":"has-post-thumbnail","6":"product_brand-orca-bay-de","7":"product_cat-segelstiefel","9":"first","10":"outofstock","11":"shipping-taxable","12":"purchasable","13":"product-type-simple"},"_links":{"self":[{"href":"https:\/\/stoic-curie.212-227-153-4.plesk.page\/de\/wp-json\/wp\/v2\/product\/737477","targetHints":{"allow":["GET"]}}],"collection":[{"href":"https:\/\/stoic-curie.212-227-153-4.plesk.page\/de\/wp-json\/wp\/v2\/product"}],"about":[{"href":"https:\/\/stoic-curie.212-227-153-4.plesk.page\/de\/wp-json\/wp\/v2\/types\/product"}],"replies":[{"embeddable":true,"href":"https:\/\/stoic-curie.212-227-153-4.plesk.page\/de\/wp-json\/wp\/v2\/comments?post=737477"}],"version-history":[{"count":0,"href":"https:\/\/stoic-curie.212-227-153-4.plesk.page\/de\/wp-json\/wp\/v2\/product\/737477\/revisions"}],"wp:featuredmedia":[{"embeddable":true,"href":"https:\/\/stoic-curie.212-227-153-4.plesk.page\/de\/wp-json\/wp\/v2\/media\/5946091"}],"wp:attachment":[{"href":"https:\/\/stoic-curie.212-227-153-4.plesk.page\/de\/wp-json\/wp\/v2\/media?parent=737477"}],"wp:term":[{"taxonomy":"product_brand","embeddable":true,"href":"https:\/\/stoic-curie.212-227-153-4.plesk.page\/de\/wp-json\/wp\/v2\/product_brand?post=737477"},{"taxonomy":"product_cat","embeddable":true,"href":"https:\/\/stoic-curie.212-227-153-4.plesk.page\/de\/wp-json\/wp\/v2\/product_cat?post=737477"},{"taxonomy":"product_tag","embeddable":true,"href":"https:\/\/stoic-curie.212-227-153-4.plesk.page\/de\/wp-json\/wp\/v2\/product_tag?post=737477"}],"curies":[{"name":"wp","href":"https:\/\/api.w.org\/{rel}","templated":true}]}}