{"id":737483,"date":"2025-03-03T16:38:07","date_gmt":"2025-03-03T15:38:07","guid":{"rendered":"https:\/\/stoic-curie.212-227-153-4.plesk.page\/producto\/segelschuhe-orca-bay-carbon-groesse-46\/"},"modified":"2026-02-24T23:35:12","modified_gmt":"2026-02-24T23:35:12","slug":"segelschuhe-orca-bay-carbon-groesse-46","status":"publish","type":"product","link":"https:\/\/stoic-curie.212-227-153-4.plesk.page\/de\/product\/segelschuhe-orca-bay-carbon-groesse-46\/","title":{"rendered":"Segelschuhe Orca Bay Carbon, Gr\u00f6\u00dfe : 46"},"content":{"rendered":"<p>Segelschuhe Orca Bay Carbon, Gr\u00f6\u00dfe : 46 &#8211; <\/p>\n<p>Dreilagige, wasserdichte und atmungsaktive Orca Bay Storm Segelstiefel f\u00fcr hohe Leistungen und maximalen Komfort. Die rutschfeste Gummisohle sorgt f\u00fcr hervorragende Bodenhaftung auf glatten Bootsdecken. Ideal f\u00fcr Freizeit, Beruf und Unterbringung in jeder Saison. Reinigungstipps: Verwenden Sie eine B\u00fcrste, um Schmutz zu entfernen, und sp\u00fclen Sie mit kaltem Wasser oder einem feuchten Tuch ab. an der Luft trocknen lassen. Gelegentlich sollte ein wasserdichtes Spray aufgetragen werden, um das Leder zu sch\u00fctzen und die Wasserbest\u00e4ndigkeit zu erhalten. Danach empfiehlt es sich, eine transparente Pflegemasse aufzutragen, um die Elastizit\u00e4t des Leders zu erhalten, und es trocknen zu lassen.<\/p>\n","protected":false},"excerpt":{"rendered":"<p>Segelschuhe Orca Bay Carbon, Gr\u00f6\u00dfe : 46 &#8211; Dreilagige, wasserdichte und atmungsaktive Orca Bay Storm Segelstiefel f\u00fcr hohe Leistungen und<\/p>\n","protected":false},"featured_media":5946091,"comment_status":"open","ping_status":"closed","template":"","meta":[],"product_brand":[3230],"product_cat":[1572],"product_tag":[],"class_list":{"0":"post-737483","1":"product","2":"type-product","3":"status-publish","4":"has-post-thumbnail","6":"product_brand-orca-bay-de","7":"product_cat-segelstiefel","9":"first","10":"instock","11":"shipping-taxable","12":"purchasable","13":"product-type-simple"},"_links":{"self":[{"href":"https:\/\/stoic-curie.212-227-153-4.plesk.page\/de\/wp-json\/wp\/v2\/product\/737483","targetHints":{"allow":["GET"]}}],"collection":[{"href":"https:\/\/stoic-curie.212-227-153-4.plesk.page\/de\/wp-json\/wp\/v2\/product"}],"about":[{"href":"https:\/\/stoic-curie.212-227-153-4.plesk.page\/de\/wp-json\/wp\/v2\/types\/product"}],"replies":[{"embeddable":true,"href":"https:\/\/stoic-curie.212-227-153-4.plesk.page\/de\/wp-json\/wp\/v2\/comments?post=737483"}],"version-history":[{"count":0,"href":"https:\/\/stoic-curie.212-227-153-4.plesk.page\/de\/wp-json\/wp\/v2\/product\/737483\/revisions"}],"wp:featuredmedia":[{"embeddable":true,"href":"https:\/\/stoic-curie.212-227-153-4.plesk.page\/de\/wp-json\/wp\/v2\/media\/5946091"}],"wp:attachment":[{"href":"https:\/\/stoic-curie.212-227-153-4.plesk.page\/de\/wp-json\/wp\/v2\/media?parent=737483"}],"wp:term":[{"taxonomy":"product_brand","embeddable":true,"href":"https:\/\/stoic-curie.212-227-153-4.plesk.page\/de\/wp-json\/wp\/v2\/product_brand?post=737483"},{"taxonomy":"product_cat","embeddable":true,"href":"https:\/\/stoic-curie.212-227-153-4.plesk.page\/de\/wp-json\/wp\/v2\/product_cat?post=737483"},{"taxonomy":"product_tag","embeddable":true,"href":"https:\/\/stoic-curie.212-227-153-4.plesk.page\/de\/wp-json\/wp\/v2\/product_tag?post=737483"}],"curies":[{"name":"wp","href":"https:\/\/api.w.org\/{rel}","templated":true}]}}