{"id":737486,"date":"2025-03-03T16:38:08","date_gmt":"2025-03-03T15:38:08","guid":{"rendered":"https:\/\/stoic-curie.212-227-153-4.plesk.page\/producto\/mooring-gurt-seares-2-m-bis-zu-20-tonnen\/"},"modified":"2026-02-24T23:35:12","modified_gmt":"2026-02-24T23:35:12","slug":"mooring-gurt-seares-2-m-bis-zu-20-tonnen","status":"publish","type":"product","link":"https:\/\/stoic-curie.212-227-153-4.plesk.page\/de\/product\/mooring-gurt-seares-2-m-bis-zu-20-tonnen\/","title":{"rendered":"Mooring-Gurt Seares 2 m (bis zu 20 Tonnen)"},"content":{"rendered":"<p>Mooring-Gurt Seares 2 m (bis zu 20 Tonnen) &#8211; <\/p>\n<p>Die Seares Festmacherb\u00e4nder bestehen aus 100% abriebfestem doppellagigem Polyester. Sie garantieren Elastizit\u00e4t und Widerstandsf\u00e4higkeit beim Festmachen und sind ideal f\u00fcr Festpunkte, an denen das Seil durch Reibung besch\u00e4digt werden k\u00f6nnte. Mit einer sehr hohen Bruchlast von 20000 kg (Nutzlast 10000 kg).<\/p>\n","protected":false},"excerpt":{"rendered":"<p>Mooring-Gurt Seares 2 m (bis zu 20 Tonnen) &#8211; Die Seares Festmacherb\u00e4nder bestehen aus 100% abriebfestem doppellagigem Polyester. Sie garantieren<\/p>\n","protected":false},"featured_media":5946099,"comment_status":"open","ping_status":"closed","template":"","meta":[],"product_brand":[3505],"product_cat":[1337],"product_tag":[],"class_list":{"0":"post-737486","1":"product","2":"type-product","3":"status-publish","4":"has-post-thumbnail","6":"product_brand-unimer-de","7":"product_cat-anlegefendern-stossdaempfer","9":"first","10":"instock","11":"shipping-taxable","12":"purchasable","13":"product-type-simple"},"_links":{"self":[{"href":"https:\/\/stoic-curie.212-227-153-4.plesk.page\/de\/wp-json\/wp\/v2\/product\/737486","targetHints":{"allow":["GET"]}}],"collection":[{"href":"https:\/\/stoic-curie.212-227-153-4.plesk.page\/de\/wp-json\/wp\/v2\/product"}],"about":[{"href":"https:\/\/stoic-curie.212-227-153-4.plesk.page\/de\/wp-json\/wp\/v2\/types\/product"}],"replies":[{"embeddable":true,"href":"https:\/\/stoic-curie.212-227-153-4.plesk.page\/de\/wp-json\/wp\/v2\/comments?post=737486"}],"version-history":[{"count":0,"href":"https:\/\/stoic-curie.212-227-153-4.plesk.page\/de\/wp-json\/wp\/v2\/product\/737486\/revisions"}],"wp:featuredmedia":[{"embeddable":true,"href":"https:\/\/stoic-curie.212-227-153-4.plesk.page\/de\/wp-json\/wp\/v2\/media\/5946099"}],"wp:attachment":[{"href":"https:\/\/stoic-curie.212-227-153-4.plesk.page\/de\/wp-json\/wp\/v2\/media?parent=737486"}],"wp:term":[{"taxonomy":"product_brand","embeddable":true,"href":"https:\/\/stoic-curie.212-227-153-4.plesk.page\/de\/wp-json\/wp\/v2\/product_brand?post=737486"},{"taxonomy":"product_cat","embeddable":true,"href":"https:\/\/stoic-curie.212-227-153-4.plesk.page\/de\/wp-json\/wp\/v2\/product_cat?post=737486"},{"taxonomy":"product_tag","embeddable":true,"href":"https:\/\/stoic-curie.212-227-153-4.plesk.page\/de\/wp-json\/wp\/v2\/product_tag?post=737486"}],"curies":[{"name":"wp","href":"https:\/\/api.w.org\/{rel}","templated":true}]}}