{"id":737491,"date":"2025-03-03T16:38:09","date_gmt":"2025-03-03T15:38:09","guid":{"rendered":"https:\/\/stoic-curie.212-227-153-4.plesk.page\/producto\/jobe-neoprenweste-blau-groesse-l\/"},"modified":"2026-02-24T23:35:12","modified_gmt":"2026-02-24T23:35:12","slug":"jobe-neoprenweste-blau-groesse-l","status":"publish","type":"product","link":"https:\/\/stoic-curie.212-227-153-4.plesk.page\/de\/product\/jobe-neoprenweste-blau-groesse-l\/","title":{"rendered":"Jobe Neoprenweste &#8211; Blau &#8211; Gr\u00f6\u00dfe: L"},"content":{"rendered":"<p>Jobe Neoprenweste &#8211; Blau &#8211; Gr\u00f6\u00dfe: L &#8211; <\/p>\n<p>Die Jobe ISO EN12402-5 genehmigte 50N Auftriebsweste ist geeignet f\u00fcr Wasserski und andere Wassersportarten und besteht aus bequemem, mit Neopren beschichtetem PVC-Schaum. Sie verf\u00fcgt \u00fcber ein Wasserdrainagesystem, einen Rei\u00dfverschluss und einen Schnellverschluss, verstellbare Tr\u00e4ger und einen Sicherheits-D-Ring zur Befestigung eines Notfallkabels. 50N &#8211; Auftriebshelfer (f\u00fcr erfahrene Schwimmer).<\/p>\n","protected":false},"excerpt":{"rendered":"<p>Jobe Neoprenweste &#8211; Blau &#8211; Gr\u00f6\u00dfe: L &#8211; Die Jobe ISO EN12402-5 genehmigte 50N Auftriebsweste ist geeignet f\u00fcr Wasserski und<\/p>\n","protected":false},"featured_media":5946105,"comment_status":"open","ping_status":"closed","template":"","meta":[],"product_brand":[3040],"product_cat":[1316,1555],"product_tag":[],"class_list":{"0":"post-737491","1":"product","2":"type-product","3":"status-publish","4":"has-post-thumbnail","6":"product_brand-jobe-sports-de","7":"product_cat-auftriebshilfen","8":"product_cat-rettungswesten-fuer-wassersport","10":"first","11":"instock","12":"shipping-taxable","13":"purchasable","14":"product-type-simple"},"_links":{"self":[{"href":"https:\/\/stoic-curie.212-227-153-4.plesk.page\/de\/wp-json\/wp\/v2\/product\/737491","targetHints":{"allow":["GET"]}}],"collection":[{"href":"https:\/\/stoic-curie.212-227-153-4.plesk.page\/de\/wp-json\/wp\/v2\/product"}],"about":[{"href":"https:\/\/stoic-curie.212-227-153-4.plesk.page\/de\/wp-json\/wp\/v2\/types\/product"}],"replies":[{"embeddable":true,"href":"https:\/\/stoic-curie.212-227-153-4.plesk.page\/de\/wp-json\/wp\/v2\/comments?post=737491"}],"version-history":[{"count":0,"href":"https:\/\/stoic-curie.212-227-153-4.plesk.page\/de\/wp-json\/wp\/v2\/product\/737491\/revisions"}],"wp:featuredmedia":[{"embeddable":true,"href":"https:\/\/stoic-curie.212-227-153-4.plesk.page\/de\/wp-json\/wp\/v2\/media\/5946105"}],"wp:attachment":[{"href":"https:\/\/stoic-curie.212-227-153-4.plesk.page\/de\/wp-json\/wp\/v2\/media?parent=737491"}],"wp:term":[{"taxonomy":"product_brand","embeddable":true,"href":"https:\/\/stoic-curie.212-227-153-4.plesk.page\/de\/wp-json\/wp\/v2\/product_brand?post=737491"},{"taxonomy":"product_cat","embeddable":true,"href":"https:\/\/stoic-curie.212-227-153-4.plesk.page\/de\/wp-json\/wp\/v2\/product_cat?post=737491"},{"taxonomy":"product_tag","embeddable":true,"href":"https:\/\/stoic-curie.212-227-153-4.plesk.page\/de\/wp-json\/wp\/v2\/product_tag?post=737491"}],"curies":[{"name":"wp","href":"https:\/\/api.w.org\/{rel}","templated":true}]}}