{"id":737494,"date":"2025-03-03T16:38:10","date_gmt":"2025-03-03T15:38:10","guid":{"rendered":"https:\/\/stoic-curie.212-227-153-4.plesk.page\/producto\/jobe-neoprenweste-limette-groesse-s\/"},"modified":"2026-02-24T23:35:12","modified_gmt":"2026-02-24T23:35:12","slug":"jobe-neoprenweste-limette-groesse-s","status":"publish","type":"product","link":"https:\/\/stoic-curie.212-227-153-4.plesk.page\/de\/product\/jobe-neoprenweste-limette-groesse-s\/","title":{"rendered":"Jobe Neoprenweste &#8211; Limette &#8211; Gr\u00f6\u00dfe: S"},"content":{"rendered":"<p>Jobe Neoprenweste &#8211; Limette &#8211; Gr\u00f6\u00dfe: S &#8211; <\/p>\n<p>Die Jobe ISO EN12402-5 genehmigte 50N Schwimmweste ist f\u00fcr Wasserski und Wassersport geeignet und besteht aus komfortablem Neopren-beschichtetem PVC-Schaum. Sie verf\u00fcgt \u00fcber ein Wasserdrainagesystem, einen Rei\u00dfverschluss mit Schnellverschluss, verstellbare Tr\u00e4ger und einen Sicherheits-D-Ring zur Befestigung eines Notfallseils. 50N &#8211; Schwimmhilfe (f\u00fcr regelm\u00e4\u00dfige Schwimmer).<\/p>\n","protected":false},"excerpt":{"rendered":"<p>Jobe Neoprenweste &#8211; Limette &#8211; Gr\u00f6\u00dfe: S &#8211; Die Jobe ISO EN12402-5 genehmigte 50N Schwimmweste ist f\u00fcr Wasserski und Wassersport<\/p>\n","protected":false},"featured_media":5946106,"comment_status":"open","ping_status":"closed","template":"","meta":[],"product_brand":[3040],"product_cat":[1316,1555],"product_tag":[],"class_list":{"0":"post-737494","1":"product","2":"type-product","3":"status-publish","4":"has-post-thumbnail","6":"product_brand-jobe-sports-de","7":"product_cat-auftriebshilfen","8":"product_cat-rettungswesten-fuer-wassersport","10":"first","11":"instock","12":"shipping-taxable","13":"purchasable","14":"product-type-simple"},"_links":{"self":[{"href":"https:\/\/stoic-curie.212-227-153-4.plesk.page\/de\/wp-json\/wp\/v2\/product\/737494","targetHints":{"allow":["GET"]}}],"collection":[{"href":"https:\/\/stoic-curie.212-227-153-4.plesk.page\/de\/wp-json\/wp\/v2\/product"}],"about":[{"href":"https:\/\/stoic-curie.212-227-153-4.plesk.page\/de\/wp-json\/wp\/v2\/types\/product"}],"replies":[{"embeddable":true,"href":"https:\/\/stoic-curie.212-227-153-4.plesk.page\/de\/wp-json\/wp\/v2\/comments?post=737494"}],"version-history":[{"count":0,"href":"https:\/\/stoic-curie.212-227-153-4.plesk.page\/de\/wp-json\/wp\/v2\/product\/737494\/revisions"}],"wp:featuredmedia":[{"embeddable":true,"href":"https:\/\/stoic-curie.212-227-153-4.plesk.page\/de\/wp-json\/wp\/v2\/media\/5946106"}],"wp:attachment":[{"href":"https:\/\/stoic-curie.212-227-153-4.plesk.page\/de\/wp-json\/wp\/v2\/media?parent=737494"}],"wp:term":[{"taxonomy":"product_brand","embeddable":true,"href":"https:\/\/stoic-curie.212-227-153-4.plesk.page\/de\/wp-json\/wp\/v2\/product_brand?post=737494"},{"taxonomy":"product_cat","embeddable":true,"href":"https:\/\/stoic-curie.212-227-153-4.plesk.page\/de\/wp-json\/wp\/v2\/product_cat?post=737494"},{"taxonomy":"product_tag","embeddable":true,"href":"https:\/\/stoic-curie.212-227-153-4.plesk.page\/de\/wp-json\/wp\/v2\/product_tag?post=737494"}],"curies":[{"name":"wp","href":"https:\/\/api.w.org\/{rel}","templated":true}]}}