{"id":737495,"date":"2025-03-03T16:38:10","date_gmt":"2025-03-03T15:38:10","guid":{"rendered":"https:\/\/stoic-curie.212-227-153-4.plesk.page\/producto\/jobe-neoprenweste-limette-groesse-m\/"},"modified":"2026-02-24T23:35:12","modified_gmt":"2026-02-24T23:35:12","slug":"jobe-neoprenweste-limette-groesse-m","status":"publish","type":"product","link":"https:\/\/stoic-curie.212-227-153-4.plesk.page\/de\/product\/jobe-neoprenweste-limette-groesse-m\/","title":{"rendered":"Jobe Neoprenweste &#8211; Limette &#8211; Gr\u00f6\u00dfe: M"},"content":{"rendered":"<p>Jobe Neoprenweste &#8211; Limette &#8211; Gr\u00f6\u00dfe: M &#8211; <\/p>\n<p>Jobe ISO EN12402-5 genehmeste 50N Schwimmweste, geeignet f\u00fcr Wasserski und Wassersport, aus bequemem, mit Neopren beschichtetem PVC-Schaum. Mit Wasserd drainsystem, Rei\u00dfverschluss und Schnellverschluss, verstellbaren Riemen und Sicherheits-D-Ring f\u00fcr die Befestigung des Notfallkordels. 50N &#8211; Auftriebshilfe (f\u00fcr regul\u00e4re Schwimmer).<\/p>\n","protected":false},"excerpt":{"rendered":"<p>Jobe Neoprenweste &#8211; Limette &#8211; Gr\u00f6\u00dfe: M &#8211; Jobe ISO EN12402-5 genehmeste 50N Schwimmweste, geeignet f\u00fcr Wasserski und Wassersport, aus<\/p>\n","protected":false},"featured_media":5946106,"comment_status":"open","ping_status":"closed","template":"","meta":[],"product_brand":[3040],"product_cat":[1316,1555],"product_tag":[],"class_list":{"0":"post-737495","1":"product","2":"type-product","3":"status-publish","4":"has-post-thumbnail","6":"product_brand-jobe-sports-de","7":"product_cat-auftriebshilfen","8":"product_cat-rettungswesten-fuer-wassersport","10":"first","11":"instock","12":"shipping-taxable","13":"purchasable","14":"product-type-simple"},"_links":{"self":[{"href":"https:\/\/stoic-curie.212-227-153-4.plesk.page\/de\/wp-json\/wp\/v2\/product\/737495","targetHints":{"allow":["GET"]}}],"collection":[{"href":"https:\/\/stoic-curie.212-227-153-4.plesk.page\/de\/wp-json\/wp\/v2\/product"}],"about":[{"href":"https:\/\/stoic-curie.212-227-153-4.plesk.page\/de\/wp-json\/wp\/v2\/types\/product"}],"replies":[{"embeddable":true,"href":"https:\/\/stoic-curie.212-227-153-4.plesk.page\/de\/wp-json\/wp\/v2\/comments?post=737495"}],"version-history":[{"count":0,"href":"https:\/\/stoic-curie.212-227-153-4.plesk.page\/de\/wp-json\/wp\/v2\/product\/737495\/revisions"}],"wp:featuredmedia":[{"embeddable":true,"href":"https:\/\/stoic-curie.212-227-153-4.plesk.page\/de\/wp-json\/wp\/v2\/media\/5946106"}],"wp:attachment":[{"href":"https:\/\/stoic-curie.212-227-153-4.plesk.page\/de\/wp-json\/wp\/v2\/media?parent=737495"}],"wp:term":[{"taxonomy":"product_brand","embeddable":true,"href":"https:\/\/stoic-curie.212-227-153-4.plesk.page\/de\/wp-json\/wp\/v2\/product_brand?post=737495"},{"taxonomy":"product_cat","embeddable":true,"href":"https:\/\/stoic-curie.212-227-153-4.plesk.page\/de\/wp-json\/wp\/v2\/product_cat?post=737495"},{"taxonomy":"product_tag","embeddable":true,"href":"https:\/\/stoic-curie.212-227-153-4.plesk.page\/de\/wp-json\/wp\/v2\/product_tag?post=737495"}],"curies":[{"name":"wp","href":"https:\/\/api.w.org\/{rel}","templated":true}]}}