{"id":737511,"date":"2025-03-03T16:38:14","date_gmt":"2025-03-03T15:38:14","guid":{"rendered":"https:\/\/stoic-curie.212-227-153-4.plesk.page\/producto\/manuelle-oelwechsel-pumpe-10-liter-h590-mm\/"},"modified":"2026-02-24T23:35:12","modified_gmt":"2026-02-24T23:35:12","slug":"manuelle-oelwechsel-pumpe-10-liter-h590-mm","status":"publish","type":"product","link":"https:\/\/stoic-curie.212-227-153-4.plesk.page\/de\/product\/manuelle-oelwechsel-pumpe-10-liter-h590-mm\/","title":{"rendered":"Manuelle \u00d6lwechsel-Pumpe 10 Liter H590 mm"},"content":{"rendered":"<p>Manuelle \u00d6lwechsel-Pumpe 10 Liter H590 mm &#8211; <\/p>\n<p>Professionelle \u00d6lwechselpumpe von hoher Qualit\u00e4t. Robuster transparenter Tank mit automatischer F\u00fcllstandssperrventil. Komplett mit Anschl\u00fcssen und 3 Schl\u00e4uchen mit Durchmessern von 5,8\/6,7\/9,8 mm und ihren jeweiligen L\u00e4ngen von 85\/85\/100 cm.<\/p>\n","protected":false},"excerpt":{"rendered":"<p>Manuelle \u00d6lwechsel-Pumpe 10 Liter H590 mm &#8211; Professionelle \u00d6lwechselpumpe von hoher Qualit\u00e4t. Robuster transparenter Tank mit automatischer F\u00fcllstandssperrventil. Komplett mit<\/p>\n","protected":false},"featured_media":5946114,"comment_status":"open","ping_status":"closed","template":"","meta":[],"product_brand":[3490],"product_cat":[1500],"product_tag":[],"class_list":{"0":"post-737511","1":"product","2":"type-product","3":"status-publish","4":"has-post-thumbnail","6":"product_brand-trem-de","7":"product_cat-pumpen-fuer-oel-und-kraftstoff","9":"first","10":"instock","11":"shipping-taxable","12":"purchasable","13":"product-type-simple"},"_links":{"self":[{"href":"https:\/\/stoic-curie.212-227-153-4.plesk.page\/de\/wp-json\/wp\/v2\/product\/737511","targetHints":{"allow":["GET"]}}],"collection":[{"href":"https:\/\/stoic-curie.212-227-153-4.plesk.page\/de\/wp-json\/wp\/v2\/product"}],"about":[{"href":"https:\/\/stoic-curie.212-227-153-4.plesk.page\/de\/wp-json\/wp\/v2\/types\/product"}],"replies":[{"embeddable":true,"href":"https:\/\/stoic-curie.212-227-153-4.plesk.page\/de\/wp-json\/wp\/v2\/comments?post=737511"}],"version-history":[{"count":0,"href":"https:\/\/stoic-curie.212-227-153-4.plesk.page\/de\/wp-json\/wp\/v2\/product\/737511\/revisions"}],"wp:featuredmedia":[{"embeddable":true,"href":"https:\/\/stoic-curie.212-227-153-4.plesk.page\/de\/wp-json\/wp\/v2\/media\/5946114"}],"wp:attachment":[{"href":"https:\/\/stoic-curie.212-227-153-4.plesk.page\/de\/wp-json\/wp\/v2\/media?parent=737511"}],"wp:term":[{"taxonomy":"product_brand","embeddable":true,"href":"https:\/\/stoic-curie.212-227-153-4.plesk.page\/de\/wp-json\/wp\/v2\/product_brand?post=737511"},{"taxonomy":"product_cat","embeddable":true,"href":"https:\/\/stoic-curie.212-227-153-4.plesk.page\/de\/wp-json\/wp\/v2\/product_cat?post=737511"},{"taxonomy":"product_tag","embeddable":true,"href":"https:\/\/stoic-curie.212-227-153-4.plesk.page\/de\/wp-json\/wp\/v2\/product_tag?post=737511"}],"curies":[{"name":"wp","href":"https:\/\/api.w.org\/{rel}","templated":true}]}}