{"id":737513,"date":"2025-03-03T16:38:14","date_gmt":"2025-03-03T15:38:14","guid":{"rendered":"https:\/\/stoic-curie.212-227-153-4.plesk.page\/producto\/fusion-apollo-ms-ap41200\/"},"modified":"2026-02-24T23:35:12","modified_gmt":"2026-02-24T23:35:12","slug":"fusion-apollo-ms-ap41200","status":"publish","type":"product","link":"https:\/\/stoic-curie.212-227-153-4.plesk.page\/de\/product\/fusion-apollo-ms-ap41200\/","title":{"rendered":"Verst\u00e4rker Fusion Apollo MS-AP41200 &#8211; 4 Kan\u00e4le"},"content":{"rendered":"<p>Verst\u00e4rker Fusion Apollo MS-AP41200 &#8211; 4 Kan\u00e4le &#8211; <\/p>\n<p style=\"color: rgb(34, 34, 34); font-family: Arial, Helvetica, sans-serif; font-size: small;\">Der FUSION MS-AP41200 ist ein robuster 4-Kanal-Verst\u00e4rker, der beeindruckende 1200 Watt Leistung liefert. Dieser Verst\u00e4rker, zusammen mit den in zwei, vier und acht Kan\u00e4len verf\u00fcgbaren Fusion Apollo-Marineverst\u00e4rkern, wurde akribisch f\u00fcr die Kompatibilit\u00e4t mit Fusion Apollo Autoradios entwickelt, die DSP (Digitale Signalverarbeitung) Technologie nutzen. Mit der Easy Tune2-Funktion passt er automatisch die Klangeinstellungen an, um die Audioleistung zu verbessern.<\/p>\n<p style=\"color: rgb(34, 34, 34); font-family: Arial, Helvetica, sans-serif; font-size: small;\">Konzipiert, um die Herausforderungen maritimer Umgebungen zu meistern, ist dieser Verst\u00e4rker mit LED-Anzeigen ausgestattet und bietet umfangreichen Schutz gegen elektrische Gefahren, Vibrationen und Salzwasserkontakt, w\u00e4hrend er gleichzeitig die Energieeffizienz optimiert. Das Paket enth\u00e4lt alle notwendigen Komponenten wie Halterungen, Schrauben, Schraubenkappen, einen Stromanschluss, Lautsprecheranschl\u00fcsse und ein Handbuch mit einer Vorlage f\u00fcr eine problemlose Installation.<\/p>\n<p style=\"color: rgb(34, 34, 34); font-family: Arial, Helvetica, sans-serif; font-size: small;\">Entdecken Sie den Unterschied zwischen reinem Musik h\u00f6ren und wirklichem Musik erleben.<\/p>\n<p style=\"color: rgb(34, 34, 34); font-family: Arial, Helvetica, sans-serif; font-size: small;\">Dieser Verst\u00e4rker ist ausschlie\u00dflich mit Stereos der Apollo-Serie kompatibel und speziell f\u00fcr den Einsatz mit Fusion\u00ae DSP-f\u00e4higen Marine-Stereos und Fusion-Lautsprechern konzipiert.<\/p>\n<p style=\"color: rgb(34, 34, 34); font-family: Arial, Helvetica, sans-serif; font-size: small;\"><strong>Hauptmerkmale:<\/strong><\/p>\n<ul style=\"color: rgb(34, 34, 34); font-family: Arial, Helvetica, sans-serif; font-size: small;\">\n<li><strong>Beeindruckende Leistungsausgabe<\/strong>: Bietet 150 Watt RMS pro Kanal (bei 4 Ohm), geeignet f\u00fcr den Antrieb von bis zu vier Lautsprecherpaaren oder zwei Lautsprecherpaaren und einem Subwoofer.<\/li>\n<li><strong>Effiziente Class D Architektur<\/strong>: Verbrauch von weniger Strom, erm\u00f6glicht l\u00e4ngere H\u00f6rzeiten bei hohen Volumen und minimiert die Entladung der Batterie.<\/li>\n<li><strong>Einfaches Abstimmen<\/strong>: Kalibriert automatisch die Klangeinstellungen f\u00fcr optimale Audioqualit\u00e4t ohne manuelle Anpassungen (Setup \u00fcber die Fusion-Link\u2122 App auf einem kompatiblen Smartphone erforderlich).<\/li>\n<li><strong>LED-Statusanzeige<\/strong>: Informiert \u00fcber elektrische Probleme, Kurzschl\u00fcsse und Temperaturver\u00e4nderungen.<\/li>\n<li><strong>Niedrige Gesamtverzerrung<\/strong>: Entwickelt zur Reduzierung von Verzerrungen und Rauschen, zur Verbesserung der Gesamtaudioqualit\u00e4t.<\/li>\n<li><strong>Z\u00fcndschutz<\/strong>: Integriert eine intelligente elektronische Sicherung, die vor \u00dcberstrom, Unterstrom, Temperaturschwankungen, Ausgangs-Kurzschl\u00fcssen und anderen potenziellen Ausf\u00e4llen sch\u00fctzt.<\/li>\n<li><strong>Conformal Coated PCB<\/strong>: Die Verst\u00e4rkerschaltung ist speziell behandelt f\u00fcr \u00fcberlegenen Schutz gegen marine Bedingungen.<\/li>\n<li><strong>Pulverbeschichtetes Aluminium-Finish<\/strong>: Getestet gegen Salznebel, Temperaturextreme, Vibrationen und UV-Belastung, vereint dieser Verst\u00e4rker Langlebigkeit mit einem eleganten Design, das die visuelle Anziehungskraft Ihres Bootes erh\u00f6ht.<\/li>\n<li><strong>Einfache Installation<\/strong>: Wird mit propriet\u00e4ren Kabelanschl\u00fcssen und einer Halterung f\u00fcr eine einfache Einrichtung geliefert. Verdrahten Sie Ihre Lautsprecher oder Subwoofer vor, und platzieren Sie den Verst\u00e4rker einfach an seinem Platz f\u00fcr eine saubere Optik.<\/li>\n<li><strong>Hochleistungsmodus<\/strong>: Enth\u00e4lt Adapter f\u00fcr eine einfache Verbindung von zwei Kan\u00e4len im Hochleistungsmodus, um die Ausgangsleistung zu erh\u00f6hen.<\/li>\n<li><strong>True-Marine\u2122 Konstruktion<\/strong>: Entwickelt, um den h\u00e4rtesten maritimen Umgebungen Saison f\u00fcr Saison standzuhalten, unterst\u00fctzt durch eine 3-Jahres-Garantie.<\/li>\n<\/ul>\n<p style=\"color: rgb(34, 34, 34); font-family: Arial, Helvetica, sans-serif; font-size: small;\">Die Fusion\u00ae Apollo\u2122 Marineverst\u00e4rker heben Ihr H\u00f6rerlebnis von blo\u00dfem Musik h\u00f6ren zu einem echten Erlebnis. Diese effizienten, benutzerfreundlichen Verst\u00e4rker sind exklusiv f\u00fcr kompatible Fusion DSP-f\u00e4hige Stereos (Apollo RA770, Apollo RA670, Apollo WB670 und RA210) und Fusion-Lautsprecher konzipiert. Mit einer maximalen Leistung von 1200 Watt (150 Watt RMS pro Kanal) kann der 4-Kanal-Verst\u00e4rker bis zu vier Lautsprecherpaare oder zwei Lautsprecherpaare und einen Subwoofer ansteuern. Die Easy Tune-Funktion garantiert optimale Klangqualit\u00e4t ohne manuelle Anpassungen (die Einrichtung erfordert die Fusion-Link\u2122 App auf einem kompatiblen Smartphone). Die Apollo-Verst\u00e4rker sind speziell f\u00fcr maritime Anwendungen entwickelt und kommen mit einer 3-j\u00e4hrigen eingeschr\u00e4nkten Garantie f\u00fcr Endverbraucher.<\/p>\n<p style=\"color: rgb(34, 34, 34); font-family: Arial, Helvetica, sans-serif; font-size: small;\"><strong>Hauptmerkmale:<\/strong><\/p>\n<ul style=\"color: rgb(34, 34, 34); font-family: Arial, Helvetica, sans-serif; font-size: small;\">\n<li><strong>Leistungsstarker 1200-Watt 4-Kanal-Verst\u00e4rker<\/strong>&nbsp;(150 Watt RMS pro Kanal), entwickelt, um bis zu vier Lautsprecherpaare oder zwei Lautsprecherpaare und einen Subwoofer anzutreiben.<\/li>\n<li><strong>Easy Tune-Funktion<\/strong>&nbsp;kalibriert automatisch die Audioeinstellungen f\u00fcr die beste Klangqualit\u00e4t (erfordert die Einrichtung mit der Fusion-Link\u2122 App auf einem kompatiblen Smartphone).<\/li>\n<li><strong>Inklusive Montageschiene<\/strong>&nbsp;f\u00fcr eine unkomplizierte Installation.<\/li>\n<li><strong>Fusion\u00ae True-Marine\u2122 Design<\/strong>&nbsp;(getestet gegen Salznebel, Temperatur, Vibration und UV-Belastung) mit einer 3-j\u00e4hrigen eingeschr\u00e4nkten Verbraucher-Garantie.<\/li>\n<\/ul>\n","protected":false},"excerpt":{"rendered":"<p>Verst\u00e4rker Fusion Apollo MS-AP41200 &#8211; 4 Kan\u00e4le &#8211; Der FUSION MS-AP41200 ist ein robuster 4-Kanal-Verst\u00e4rker, der beeindruckende 1200 Watt Leistung<\/p>\n","protected":false},"featured_media":5946121,"comment_status":"open","ping_status":"closed","template":"","meta":[],"product_brand":[2960],"product_cat":[1446],"product_tag":[],"class_list":{"0":"post-737513","1":"product","2":"type-product","3":"status-publish","4":"has-post-thumbnail","6":"product_brand-fusion-de","7":"product_cat-stereoanlage-und-lautsprecher","9":"first","10":"instock","11":"shipping-taxable","12":"purchasable","13":"product-type-simple"},"_links":{"self":[{"href":"https:\/\/stoic-curie.212-227-153-4.plesk.page\/de\/wp-json\/wp\/v2\/product\/737513","targetHints":{"allow":["GET"]}}],"collection":[{"href":"https:\/\/stoic-curie.212-227-153-4.plesk.page\/de\/wp-json\/wp\/v2\/product"}],"about":[{"href":"https:\/\/stoic-curie.212-227-153-4.plesk.page\/de\/wp-json\/wp\/v2\/types\/product"}],"replies":[{"embeddable":true,"href":"https:\/\/stoic-curie.212-227-153-4.plesk.page\/de\/wp-json\/wp\/v2\/comments?post=737513"}],"version-history":[{"count":0,"href":"https:\/\/stoic-curie.212-227-153-4.plesk.page\/de\/wp-json\/wp\/v2\/product\/737513\/revisions"}],"wp:featuredmedia":[{"embeddable":true,"href":"https:\/\/stoic-curie.212-227-153-4.plesk.page\/de\/wp-json\/wp\/v2\/media\/5946121"}],"wp:attachment":[{"href":"https:\/\/stoic-curie.212-227-153-4.plesk.page\/de\/wp-json\/wp\/v2\/media?parent=737513"}],"wp:term":[{"taxonomy":"product_brand","embeddable":true,"href":"https:\/\/stoic-curie.212-227-153-4.plesk.page\/de\/wp-json\/wp\/v2\/product_brand?post=737513"},{"taxonomy":"product_cat","embeddable":true,"href":"https:\/\/stoic-curie.212-227-153-4.plesk.page\/de\/wp-json\/wp\/v2\/product_cat?post=737513"},{"taxonomy":"product_tag","embeddable":true,"href":"https:\/\/stoic-curie.212-227-153-4.plesk.page\/de\/wp-json\/wp\/v2\/product_tag?post=737513"}],"curies":[{"name":"wp","href":"https:\/\/api.w.org\/{rel}","templated":true}]}}