{"id":737515,"date":"2025-03-03T16:38:15","date_gmt":"2025-03-03T15:38:15","guid":{"rendered":"https:\/\/stoic-curie.212-227-153-4.plesk.page\/producto\/verstaerker-fusion-ms-ap82400\/"},"modified":"2026-02-24T23:35:12","modified_gmt":"2026-02-24T23:35:12","slug":"verstaerker-fusion-ms-ap82400","status":"publish","type":"product","link":"https:\/\/stoic-curie.212-227-153-4.plesk.page\/de\/product\/verstaerker-fusion-ms-ap82400\/","title":{"rendered":"Verst\u00e4rker Fusion MS-AP82400 8-Kanal"},"content":{"rendered":"<p>Verst\u00e4rker Fusion MS-AP82400 8-Kanal &#8211; <\/p>\n<p>Der Fusion MS-AP82400 Marine-Verst\u00e4rker ist ein zentraler Bestandteil des Apollo Marine Entertainment Systems von Fusion. Dieses System bietet ein umfassendes, hochaufl\u00f6sendes Audioerlebnis und sorgt daf\u00fcr, dass jeder Teil \u2013 von der Quelle \u00fcber die Stromversorgung bis hin zu den Lautsprechern \u2013 nahtlos zusammenarbeitet. Die Empf\u00e4nger, Verst\u00e4rker und Lautsprecher der Apollo-Serie sind so konzipiert, dass sie harmonisch im Zusammenspiel funktionieren, wodurch komplexe Steuerungen an Bord \u00fcberfl\u00fcssig werden. Stattdessen k\u00f6nnen Sie alles ganz einfach \u00fcber die Fusion Easy Tune-Software verwalten.<\/p>\n<p>Diese Serie umfasst zwei-, vier- und achtkanalige Class-D Fusion Apollo Marine-Verst\u00e4rker, die speziell f\u00fcr den Einsatz mit Fusion Apollo Stereoanlagen mit DSP (Digital Signal Processing) Technologie entwickelt wurden. Mit der Easy Tune2-Funktion k\u00f6nnen diese Verst\u00e4rker die Klangeinstellungen automatisch anpassen, um die Audioqualit\u00e4t zu verbessern. Sie sind mit LED-Anzeigen ausgestattet, bieten umfassenden Schutz vor elektrischen Sch\u00e4den und sind so konstruiert, dass sie Vibrationen und salzigen Umgebungen standhalten, w\u00e4hrend sie den Energieverbrauch optimieren. Das Paket enth\u00e4lt Halterungen, Schrauben, Schraubenkappen, einen Stromanschluss, Lautsprecheranschl\u00fcsse und ein Handbuch mit einer Vorlage.<\/p>\n<p><strong>Individuelle Abstimmung<\/strong><\/p>\n<p>Durch die Verwendung der Fusion-Link\u2122-App auf Ihrem kompatiblen Smartphone k\u00f6nnen Sie den verwendeten Apollo Series Verst\u00e4rker, die Lautsprecher und Subwoofer ausw\u00e4hlen. Der DSP-Empf\u00e4nger erstellt dann ein fein abgestimmtes Signal, das f\u00fcr optimale Verst\u00e4rkung, \u00dcbergangs- und Klangregelungseinstellungen zugeschnitten ist. Sie k\u00f6nnen sogar verschiedene Klangprofile f\u00fcr geschlossene Kabinen, den Steuerstand oder das offene Deck ausw\u00e4hlen, um in jedem Bereich eine perfekte Klangqualit\u00e4t zu gew\u00e4hrleisten.<\/p>\n<p><strong>Leistungsstark f\u00fcr Ihr Fusion Apollo System<\/strong><\/p>\n<p>Der Fusion Apollo MS-AP82400 Achtkanal-Verst\u00e4rker liefert 150 Watt RMS pro Kanal und bietet die Leistung, die Ihre Musik in jedem Bereich Ihres Bootes ben\u00f6tigt. Ein im Lieferumfang enthaltener Br\u00fcckungsadapter erm\u00f6glicht es, zwei der Kan\u00e4le des Verst\u00e4rkers zu kombinieren, um einen Subwoofer mit bis zu 580 Watt RMS zu betreiben, w\u00e4hrend gleichzeitig sechs andere Lautsprecher mit jeweils 150 Watt betrieben werden. Das effiziente Class-D-Design maximiert die Leistungsausgabe und minimiert den Batterieverbrauch.<\/p>\n<p><strong>F\u00fcr das Leben auf dem Wasser gebaut<\/strong><\/p>\n<p>Dieser Verst\u00e4rker verf\u00fcgt \u00fcber einen Schutz gegen Z\u00fcndungen und eine intelligente elektronische Sicherung, um Sch\u00e4den durch elektrische Fehler zu verhindern. Sein wetterbest\u00e4ndiges, nach IPX2 eingestuftes (spritzwassergesch\u00fctzte) Geh\u00e4use, die pulverbeschichtete Aluminium-Oberfl\u00e4che und die beschichteten Leiterplatten gew\u00e4hrleisten, dass der True-Marine\u2122 Designverst\u00e4rker von Fusion rauen Meeresbedingungen standhalten kann.<\/p>\n<p><strong>Produktmerkmale:<\/strong><\/p>\n<ul>\n<li>8-Kanal-Marine-Verst\u00e4rker f\u00fcr ein Fusion Apollo DSP Stereo-System<\/li>\n<li>150 Watt RMS x 8 bei 4 Ohm<\/li>\n<li>290 Watt RMS x 8 bei 2 Ohm<\/li>\n<li>580 Watt RMS x 4 gebr\u00fcckt* bei 4 Ohm<\/li>\n<li>CEA-2006 konform<\/li>\n<li>Class D Design<\/li>\n<li>Keine onboard Strom- oder Audio-Steuerungen<\/li>\n<\/ul>\n<p><strong>Easy Tune-Funktionen:<\/strong><\/p>\n<ul>\n<li>\u00dcber die Fusion-Link-App von Ihrem Smartphone \u00fcber Bluetooth zu kompatiblen Fusion DSP-Empf\u00e4ngern, Lautsprechern und Subwoofern gesteuert<\/li>\n<li>Kompatible Fusion-Empf\u00e4nger: MS-RA770, MS-RA670, WB670 und MS-RA210<\/li>\n<\/ul>\n<p><strong>Zus\u00e4tzliche Merkmale:<\/strong><\/p>\n<ul>\n<li>Montagehalterung im Lieferumfang enthalten<\/li>\n<li>Wetterbest\u00e4ndig: IPX2 bewertetes Geh\u00e4use und beschichtete Leiterplatten<\/li>\n<li>Ein Hochleistungs-Br\u00fcckungsadapter im Lieferumfang enthalten; zus\u00e4tzliche Adapter von Fusion erh\u00e4ltlich<\/li>\n<li>Verdrahtung und Hardware sind nicht im Lieferumfang des Verst\u00e4rkers enthalten<\/li>\n<li>4-Gauge-Strom- und Erdungskabel empfohlen<\/li>\n<li>Sicherungsbewertung: 125A x 1<\/li>\n<li>Abmessungen (mit Montagehalterung): 14-1\/8&#8243;B x 2-1\/4&#8243;H x 8-5\/16&#8243;T<\/li>\n<li>Garantie: 3 Jahre<\/li>\n<\/ul>\n","protected":false},"excerpt":{"rendered":"<p>Verst\u00e4rker Fusion MS-AP82400 8-Kanal &#8211; Der Fusion MS-AP82400 Marine-Verst\u00e4rker ist ein zentraler Bestandteil des Apollo Marine Entertainment Systems von Fusion.<\/p>\n","protected":false},"featured_media":5946121,"comment_status":"open","ping_status":"closed","template":"","meta":[],"product_brand":[2960],"product_cat":[1446],"product_tag":[],"class_list":{"0":"post-737515","1":"product","2":"type-product","3":"status-publish","4":"has-post-thumbnail","6":"product_brand-fusion-de","7":"product_cat-stereoanlage-und-lautsprecher","9":"first","10":"instock","11":"shipping-taxable","12":"purchasable","13":"product-type-simple"},"_links":{"self":[{"href":"https:\/\/stoic-curie.212-227-153-4.plesk.page\/de\/wp-json\/wp\/v2\/product\/737515","targetHints":{"allow":["GET"]}}],"collection":[{"href":"https:\/\/stoic-curie.212-227-153-4.plesk.page\/de\/wp-json\/wp\/v2\/product"}],"about":[{"href":"https:\/\/stoic-curie.212-227-153-4.plesk.page\/de\/wp-json\/wp\/v2\/types\/product"}],"replies":[{"embeddable":true,"href":"https:\/\/stoic-curie.212-227-153-4.plesk.page\/de\/wp-json\/wp\/v2\/comments?post=737515"}],"version-history":[{"count":0,"href":"https:\/\/stoic-curie.212-227-153-4.plesk.page\/de\/wp-json\/wp\/v2\/product\/737515\/revisions"}],"wp:featuredmedia":[{"embeddable":true,"href":"https:\/\/stoic-curie.212-227-153-4.plesk.page\/de\/wp-json\/wp\/v2\/media\/5946121"}],"wp:attachment":[{"href":"https:\/\/stoic-curie.212-227-153-4.plesk.page\/de\/wp-json\/wp\/v2\/media?parent=737515"}],"wp:term":[{"taxonomy":"product_brand","embeddable":true,"href":"https:\/\/stoic-curie.212-227-153-4.plesk.page\/de\/wp-json\/wp\/v2\/product_brand?post=737515"},{"taxonomy":"product_cat","embeddable":true,"href":"https:\/\/stoic-curie.212-227-153-4.plesk.page\/de\/wp-json\/wp\/v2\/product_cat?post=737515"},{"taxonomy":"product_tag","embeddable":true,"href":"https:\/\/stoic-curie.212-227-153-4.plesk.page\/de\/wp-json\/wp\/v2\/product_tag?post=737515"}],"curies":[{"name":"wp","href":"https:\/\/api.w.org\/{rel}","templated":true}]}}