{"id":737516,"date":"2025-03-03T16:38:15","date_gmt":"2025-03-03T15:38:15","guid":{"rendered":"https:\/\/stoic-curie.212-227-153-4.plesk.page\/producto\/rule-800-403fc-50-liter-pro-minute-12v\/"},"modified":"2026-02-24T23:35:12","modified_gmt":"2026-02-24T23:35:12","slug":"rule-800-403fc-50-liter-pro-minute-12v","status":"publish","type":"product","link":"https:\/\/stoic-curie.212-227-153-4.plesk.page\/de\/product\/rule-800-403fc-50-liter-pro-minute-12v\/","title":{"rendered":"Rule 800-403FC 50 Liter pro Minute 12V"},"content":{"rendered":"<p>Rule 800-403FC 50 Liter pro Minute 12V &#8211; <\/p>\n<p>Regel lebendig gut bel\u00fcftete Pumpe mit doppeltem Auslass f\u00fcr eine optionale Waschverbindung. Drehbarer K\u00f6rper zur Erleichterung von Verbindungen und abnehmbarer Kartusche zur einfachen Reinigung. Ablassventil: 1821640: 3\/4&#8243; gewinde mit 20 mm geradem und gewinkeltem Rohr zu Schlauch 1821642: 1&#8243;1\/8 gewinde mit 30 mm geradem und gewinkeltem Rohr zu Schlauch Zweites Waschventil: 1\/2&#8243; NPT gewinde<\/p>\n","protected":false},"excerpt":{"rendered":"<p>Rule 800-403FC 50 Liter pro Minute 12V &#8211; Regel lebendig gut bel\u00fcftete Pumpe mit doppeltem Auslass f\u00fcr eine optionale Waschverbindung.<\/p>\n","protected":false},"featured_media":5946124,"comment_status":"open","ping_status":"closed","template":"","meta":[],"product_brand":[3325],"product_cat":[1366],"product_tag":[],"class_list":{"0":"post-737516","1":"product","2":"type-product","3":"status-publish","4":"has-post-thumbnail","6":"product_brand-rule-de","7":"product_cat-bootsbeluefterpumpen","9":"first","10":"outofstock","11":"shipping-taxable","12":"purchasable","13":"product-type-simple"},"_links":{"self":[{"href":"https:\/\/stoic-curie.212-227-153-4.plesk.page\/de\/wp-json\/wp\/v2\/product\/737516","targetHints":{"allow":["GET"]}}],"collection":[{"href":"https:\/\/stoic-curie.212-227-153-4.plesk.page\/de\/wp-json\/wp\/v2\/product"}],"about":[{"href":"https:\/\/stoic-curie.212-227-153-4.plesk.page\/de\/wp-json\/wp\/v2\/types\/product"}],"replies":[{"embeddable":true,"href":"https:\/\/stoic-curie.212-227-153-4.plesk.page\/de\/wp-json\/wp\/v2\/comments?post=737516"}],"version-history":[{"count":0,"href":"https:\/\/stoic-curie.212-227-153-4.plesk.page\/de\/wp-json\/wp\/v2\/product\/737516\/revisions"}],"wp:featuredmedia":[{"embeddable":true,"href":"https:\/\/stoic-curie.212-227-153-4.plesk.page\/de\/wp-json\/wp\/v2\/media\/5946124"}],"wp:attachment":[{"href":"https:\/\/stoic-curie.212-227-153-4.plesk.page\/de\/wp-json\/wp\/v2\/media?parent=737516"}],"wp:term":[{"taxonomy":"product_brand","embeddable":true,"href":"https:\/\/stoic-curie.212-227-153-4.plesk.page\/de\/wp-json\/wp\/v2\/product_brand?post=737516"},{"taxonomy":"product_cat","embeddable":true,"href":"https:\/\/stoic-curie.212-227-153-4.plesk.page\/de\/wp-json\/wp\/v2\/product_cat?post=737516"},{"taxonomy":"product_tag","embeddable":true,"href":"https:\/\/stoic-curie.212-227-153-4.plesk.page\/de\/wp-json\/wp\/v2\/product_tag?post=737516"}],"curies":[{"name":"wp","href":"https:\/\/api.w.org\/{rel}","templated":true}]}}