{"id":737518,"date":"2025-03-03T16:38:16","date_gmt":"2025-03-03T15:38:16","guid":{"rendered":"https:\/\/stoic-curie.212-227-153-4.plesk.page\/producto\/ersatzschalter-60psi-fuer-jabsco-par-max\/"},"modified":"2026-02-24T23:35:12","modified_gmt":"2026-02-24T23:35:12","slug":"ersatzschalter-60psi-fuer-jabsco-par-max","status":"publish","type":"product","link":"https:\/\/stoic-curie.212-227-153-4.plesk.page\/de\/product\/ersatzschalter-60psi-fuer-jabsco-par-max\/","title":{"rendered":"Ersatzschalter 60psi f\u00fcr Jabsco Par-Max"},"content":{"rendered":"<p>Ersatzschalter 60psi f\u00fcr Jabsco Par-Max &#8211; <\/p>\n<p>Die Jabsco Par-Max HD S\u00fc\u00dfwasserdruckpumpe f\u00fcr Waschbecken und Duschen eignet sich f\u00fcr 2 bis 4 Entnahmestellen. Sie ist selbstansaugend bis zu 2 Meter und verf\u00fcgt \u00fcber einen Permanentmagnetmotor und ein Bypass-System, das konstanten Fluss und Ger\u00e4uschlosigkeit garantiert. Komplett mit Filter und Snap-Anschl\u00fcssen.<\/p>\n","protected":false},"excerpt":{"rendered":"<p>Ersatzschalter 60psi f\u00fcr Jabsco Par-Max &#8211; Die Jabsco Par-Max HD S\u00fc\u00dfwasserdruckpumpe f\u00fcr Waschbecken und Duschen eignet sich f\u00fcr 2 bis<\/p>\n","protected":false},"featured_media":5946126,"comment_status":"open","ping_status":"closed","template":"","meta":[],"product_brand":[3030],"product_cat":[1373],"product_tag":[],"class_list":{"0":"post-737518","1":"product","2":"type-product","3":"status-publish","4":"has-post-thumbnail","6":"product_brand-jabsco-marine-de","7":"product_cat-wasserdruckpumpen","9":"first","10":"instock","11":"shipping-taxable","12":"purchasable","13":"product-type-simple"},"_links":{"self":[{"href":"https:\/\/stoic-curie.212-227-153-4.plesk.page\/de\/wp-json\/wp\/v2\/product\/737518","targetHints":{"allow":["GET"]}}],"collection":[{"href":"https:\/\/stoic-curie.212-227-153-4.plesk.page\/de\/wp-json\/wp\/v2\/product"}],"about":[{"href":"https:\/\/stoic-curie.212-227-153-4.plesk.page\/de\/wp-json\/wp\/v2\/types\/product"}],"replies":[{"embeddable":true,"href":"https:\/\/stoic-curie.212-227-153-4.plesk.page\/de\/wp-json\/wp\/v2\/comments?post=737518"}],"version-history":[{"count":0,"href":"https:\/\/stoic-curie.212-227-153-4.plesk.page\/de\/wp-json\/wp\/v2\/product\/737518\/revisions"}],"wp:featuredmedia":[{"embeddable":true,"href":"https:\/\/stoic-curie.212-227-153-4.plesk.page\/de\/wp-json\/wp\/v2\/media\/5946126"}],"wp:attachment":[{"href":"https:\/\/stoic-curie.212-227-153-4.plesk.page\/de\/wp-json\/wp\/v2\/media?parent=737518"}],"wp:term":[{"taxonomy":"product_brand","embeddable":true,"href":"https:\/\/stoic-curie.212-227-153-4.plesk.page\/de\/wp-json\/wp\/v2\/product_brand?post=737518"},{"taxonomy":"product_cat","embeddable":true,"href":"https:\/\/stoic-curie.212-227-153-4.plesk.page\/de\/wp-json\/wp\/v2\/product_cat?post=737518"},{"taxonomy":"product_tag","embeddable":true,"href":"https:\/\/stoic-curie.212-227-153-4.plesk.page\/de\/wp-json\/wp\/v2\/product_tag?post=737518"}],"curies":[{"name":"wp","href":"https:\/\/api.w.org\/{rel}","templated":true}]}}