{"id":737519,"date":"2025-03-03T16:38:16","date_gmt":"2025-03-03T15:38:16","guid":{"rendered":"https:\/\/stoic-curie.212-227-153-4.plesk.page\/producto\/jabsco-par-max-hd4-40psi-24v\/"},"modified":"2026-02-24T23:35:12","modified_gmt":"2026-02-24T23:35:12","slug":"jabsco-par-max-hd4-40psi-24v","status":"publish","type":"product","link":"https:\/\/stoic-curie.212-227-153-4.plesk.page\/de\/product\/jabsco-par-max-hd4-40psi-24v\/","title":{"rendered":"Jabsco Par-Max HD4 40PSI 24v"},"content":{"rendered":"<p>Jabsco Par-Max HD4 40PSI 24v &#8211; Die Jabsco Xylem HotShot HD4 24V DC ist eine zuverl\u00e4ssige Hochdurchfluss- und Hochdruck-Diaphragmapumpe f\u00fcr die Reinigung. Dieses HD (schwere) Modell verf\u00fcgt \u00fcber einen breiteren Motor als Standardmodelle ohne HD, mit einer pulverbeschichteten H\u00fclle, gegossenen Aluminium-Endkappen und einem unteren Geh\u00e4use, um die Druckf\u00e4higkeit und Lebensdauer zu verbessern.<\/p>\n<p>Die Pumpe hat vibrationsd\u00e4mpfende F\u00fc\u00dfe f\u00fcr einen leisen Betrieb und einen integrierten, versiegelten Druckschalter f\u00fcr den bedarfsgerechten Betrieb. Sie verf\u00fcgt \u00fcber eine selbstansaugende Trockenfunktion von 2,1 Metern (7 Fu\u00df) und kann trocken betrieben werden, ohne Schaden zu nehmen.<\/p>\n<p>Die Jabsco Xylem HotShot HD4 wird mit einem Schnellanschluss-Gartenschlauch-Anschluss und GHT-Armatur sowie einem 90\u00b0 20-Mesh-Schnellanschlussfilter, einem Ausl\u00f6serd\u00fcsen- und Schnellanschluss-Schlauchadapter geliefert.<\/p>\n<ul>\n<li>Spannung: 24V DC<\/li>\n<li>Durchfluss: 4 GPM (15 LPM)<\/li>\n<li>Abschalt-Druck: 60 BAR (4,1 PSI)<\/li>\n<li>Max. Strom: 6,0 Ampere<\/li>\n<li>Empfohlene Sicherungsgr\u00f6\u00dfe: 10A<\/li>\n<li>Abmessungen: 239mm (L) x 104mm (B) x 97mm (H)<\/li>\n<\/ul>\n","protected":false},"excerpt":{"rendered":"<p>Jabsco Par-Max HD4 40PSI 24v &#8211; Die Jabsco Xylem HotShot HD4 24V DC ist eine zuverl\u00e4ssige Hochdurchfluss- und Hochdruck-Diaphragmapumpe f\u00fcr<\/p>\n","protected":false},"featured_media":5946127,"comment_status":"open","ping_status":"closed","template":"","meta":[],"product_brand":[3030],"product_cat":[1361,1373],"product_tag":[],"class_list":{"0":"post-737519","1":"product","2":"type-product","3":"status-publish","4":"has-post-thumbnail","6":"product_brand-jabsco-marine-de","7":"product_cat-bootsreinigungspumpen","8":"product_cat-wasserdruckpumpen","10":"first","11":"instock","12":"shipping-taxable","13":"purchasable","14":"product-type-simple"},"_links":{"self":[{"href":"https:\/\/stoic-curie.212-227-153-4.plesk.page\/de\/wp-json\/wp\/v2\/product\/737519","targetHints":{"allow":["GET"]}}],"collection":[{"href":"https:\/\/stoic-curie.212-227-153-4.plesk.page\/de\/wp-json\/wp\/v2\/product"}],"about":[{"href":"https:\/\/stoic-curie.212-227-153-4.plesk.page\/de\/wp-json\/wp\/v2\/types\/product"}],"replies":[{"embeddable":true,"href":"https:\/\/stoic-curie.212-227-153-4.plesk.page\/de\/wp-json\/wp\/v2\/comments?post=737519"}],"version-history":[{"count":0,"href":"https:\/\/stoic-curie.212-227-153-4.plesk.page\/de\/wp-json\/wp\/v2\/product\/737519\/revisions"}],"wp:featuredmedia":[{"embeddable":true,"href":"https:\/\/stoic-curie.212-227-153-4.plesk.page\/de\/wp-json\/wp\/v2\/media\/5946127"}],"wp:attachment":[{"href":"https:\/\/stoic-curie.212-227-153-4.plesk.page\/de\/wp-json\/wp\/v2\/media?parent=737519"}],"wp:term":[{"taxonomy":"product_brand","embeddable":true,"href":"https:\/\/stoic-curie.212-227-153-4.plesk.page\/de\/wp-json\/wp\/v2\/product_brand?post=737519"},{"taxonomy":"product_cat","embeddable":true,"href":"https:\/\/stoic-curie.212-227-153-4.plesk.page\/de\/wp-json\/wp\/v2\/product_cat?post=737519"},{"taxonomy":"product_tag","embeddable":true,"href":"https:\/\/stoic-curie.212-227-153-4.plesk.page\/de\/wp-json\/wp\/v2\/product_tag?post=737519"}],"curies":[{"name":"wp","href":"https:\/\/api.w.org\/{rel}","templated":true}]}}